{"id":7352,"date":"2025-02-14T16:08:11","date_gmt":"2025-02-14T15:08:11","guid":{"rendered":"https:\/\/skadarlakeboatcruise.com\/kooperationen\/"},"modified":"2025-02-28T20:34:23","modified_gmt":"2025-02-28T19:34:23","slug":"kooperationen","status":"publish","type":"page","link":"https:\/\/skadarlakeboatcruise.com\/de\/kooperationen\/","title":{"rendered":"Kooperationen"},"content":{"rendered":"\t\t<div data-elementor-type=\"wp-page\" data-elementor-id=\"7352\" class=\"elementor elementor-7352 elementor-7178\" data-elementor-post-type=\"page\">\n\t\t\t\t<div class=\"elementor-element elementor-element-cc69c37 e-flex e-con-boxed e-con e-parent\" data-id=\"cc69c37\" data-element_type=\"container\" data-e-type=\"container\" data-settings=\"{&quot;jet_parallax_layout_list&quot;:[],&quot;background_background&quot;:&quot;classic&quot;,&quot;shape_divider_top&quot;:&quot;waves&quot;}\">\n\t\t\t\t\t<div class=\"e-con-inner\">\n\t\t\t\t<div class=\"elementor-shape elementor-shape-top\" aria-hidden=\"true\" data-negative=\"false\">\n\t\t\t<svg xmlns=\"http:\/\/www.w3.org\/2000\/svg\" viewBox=\"0 0 1000 100\" preserveAspectRatio=\"none\">\n\t<path class=\"elementor-shape-fill\" d=\"M421.9,6.5c22.6-2.5,51.5,0.4,75.5,5.3c23.6,4.9,70.9,23.5,100.5,35.7c75.8,32.2,133.7,44.5,192.6,49.7\n\tc23.6,2.1,48.7,3.5,103.4-2.5c54.7-6,106.2-25.6,106.2-25.6V0H0v30.3c0,0,72,32.6,158.4,30.5c39.2-0.7,92.8-6.7,134-22.4\n\tc21.2-8.1,52.2-18.2,79.7-24.2C399.3,7.9,411.6,7.5,421.9,6.5z\"\/>\n<\/svg>\t\t<\/div>\n\t\t\t\t\t<\/div>\n\t\t\t\t<\/div>\n\t\t<div class=\"elementor-element elementor-element-e99f6de e-flex e-con-boxed e-con e-parent\" data-id=\"e99f6de\" data-element_type=\"container\" data-e-type=\"container\" data-settings=\"{&quot;jet_parallax_layout_list&quot;:[]}\">\n\t\t\t\t\t<div class=\"e-con-inner\">\n\t\t\t\t<div class=\"elementor-element elementor-element-e23829b elementor-widget elementor-widget-heading\" data-id=\"e23829b\" data-element_type=\"widget\" data-e-type=\"widget\" data-widget_type=\"heading.default\">\n\t\t\t\t<div class=\"elementor-widget-container\">\n\t\t\t\t\t<h2 class=\"elementor-heading-title elementor-size-default\">Lassen Sie uns zusammenarbeiten!<\/h2>\t\t\t\t<\/div>\n\t\t\t\t<\/div>\n\t\t\t\t<div class=\"elementor-element elementor-element-4705d6b elementor-widget elementor-widget-text-editor\" data-id=\"4705d6b\" data-element_type=\"widget\" data-e-type=\"widget\" data-widget_type=\"text-editor.default\">\n\t\t\t\t<div class=\"elementor-widget-container\">\n\t\t\t\t\t\t\t\t\t<p>Lieben Sie Reisen, die Natur, das Geschichtenerz\u00e4hlen oder das Entdecken verborgener Sch\u00e4tze? Verf\u00fcgen Sie \u00fcber einen kreativen Funken und eine Leidenschaft daf\u00fcr, die Wunder der Welt mit anderen zu teilen? Wenn ja, werden Sie sich freuen \u2013 wir bieten Ihnen eine einzigartige Gelegenheit, mit uns zusammenzuarbeiten, um die Sch\u00f6nheit des Skutarisees zu f\u00f6rdern!<\/p>\n<p>Bei Kingfisher sind wir mehr als nur ein Reiseveranstalter \u2013 wir sind Geschichtenerz\u00e4hler, Abenteurer und Naturliebhaber. Wir glauben daran, mit Gleichgesinnten in Kontakt zu treten, die uns helfen k\u00f6nnen, die Sch\u00f6nheit des Skutarisees und Montenegros mit der Welt zu teilen. Egal, ob Sie Schriftsteller, Fotograf, Influencer oder einfach jemand mit einer einzigartigen Perspektive sind, wir m\u00f6chten von Ihnen h\u00f6ren!<\/p>\n<p>Dies ist Ihre Chance, gemeinsam mit uns eines der atemberaubendsten und ruhigsten Reiseziele der Welt zu feiern. Gemeinsam k\u00f6nnen wir andere dazu inspirieren, die Natur zu erkunden, zu entdecken und sich in sie zu verlieben.<\/p>\n\t\t\t\t\t\t\t\t<\/div>\n\t\t\t\t<\/div>\n\t\t\t\t<div class=\"elementor-element elementor-element-f94a1a9 elementor-widget elementor-widget-heading\" data-id=\"f94a1a9\" data-element_type=\"widget\" data-e-type=\"widget\" data-widget_type=\"heading.default\">\n\t\t\t\t<div class=\"elementor-widget-container\">\n\t\t\t\t\t<h2 class=\"elementor-heading-title elementor-size-default\">Wen wir suchen<\/h2>\t\t\t\t<\/div>\n\t\t\t\t<\/div>\n\t\t\t\t<div class=\"elementor-element elementor-element-0360066 elementor-widget elementor-widget-text-editor\" data-id=\"0360066\" data-element_type=\"widget\" data-e-type=\"widget\" data-widget_type=\"text-editor.default\">\n\t\t\t\t<div class=\"elementor-widget-container\">\n\t\t\t\t\t\t\t\t\t<p>Wir sind auf der Suche nach leidenschaftlichen Pers\u00f6nlichkeiten aus verschiedenen kreativen Bereichen. Wenn Sie sich in einer der folgenden Kategorien wiederfinden, lassen Sie uns gemeinsam etwas Erstaunliches schaffen:<\/p>\n\t\t\t\t\t\t\t\t<\/div>\n\t\t\t\t<\/div>\n\t\t\t\t<div class=\"elementor-element elementor-element-ef19691 elementor-widget elementor-widget-heading\" data-id=\"ef19691\" data-element_type=\"widget\" data-e-type=\"widget\" data-widget_type=\"heading.default\">\n\t\t\t\t<div class=\"elementor-widget-container\">\n\t\t\t\t\t<h4 class=\"elementor-heading-title elementor-size-default\">Journalisten<\/h4>\t\t\t\t<\/div>\n\t\t\t\t<\/div>\n\t\t\t\t<div class=\"elementor-element elementor-element-b8a4bc7 elementor-widget elementor-widget-text-editor\" data-id=\"b8a4bc7\" data-element_type=\"widget\" data-e-type=\"widget\" data-widget_type=\"text-editor.default\">\n\t\t\t\t<div class=\"elementor-widget-container\">\n\t\t\t\t\t\t\t\t\t<p>Sind Sie ein Journalist, der gerne faszinierende Geschichten aufdeckt? Wenn Sie sich f\u00fcr Natur, Kultur und bedeutungsvolle Reiseerlebnisse begeistern, sind Sie genau die Person, mit der wir zusammenarbeiten m\u00f6chten. Durch Ihre Texte k\u00f6nnen Sie uns helfen, die Geschichte des Skutarisees zu erz\u00e4hlen \u2013 seine einzigartige Tierwelt, seine reiche Geschichte und seine verborgenen Sch\u00e4tze. Lassen Sie uns gemeinsam fesselnde Geschichten erschaffen, die Menschen auf der ganzen Welt ber\u00fchren.<\/p>\n\t\t\t\t\t\t\t\t<\/div>\n\t\t\t\t<\/div>\n\t\t\t\t<div class=\"elementor-element elementor-element-32003f7 elementor-widget elementor-widget-heading\" data-id=\"32003f7\" data-element_type=\"widget\" data-e-type=\"widget\" data-widget_type=\"heading.default\">\n\t\t\t\t<div class=\"elementor-widget-container\">\n\t\t\t\t\t<h4 class=\"elementor-heading-title elementor-size-default\">Fotografen<\/h4>\t\t\t\t<\/div>\n\t\t\t\t<\/div>\n\t\t\t\t<div class=\"elementor-element elementor-element-b6a5777 elementor-widget elementor-widget-text-editor\" data-id=\"b6a5777\" data-element_type=\"widget\" data-e-type=\"widget\" data-widget_type=\"text-editor.default\">\n\t\t\t\t<div class=\"elementor-widget-container\">\n\t\t\t\t\t\t\t\t\t<p>Haben Sie ein Talent, unvergessliche Momente festzuhalten? Ob es sich um die lebendige Tierwelt, die ruhigen Landschaften oder die goldenen Farbt\u00f6ne eines Sonnenuntergangs am Skutarisee handelt, wir w\u00fcrden uns freuen, Ihre Fotografie zu pr\u00e4sentieren. Ihre Arbeit k\u00f6nnte uns helfen, den Menschen die nat\u00fcrliche Sch\u00f6nheit dieser Gegend n\u00e4her zu bringen und sie zu einem Besuch zu inspirieren. Wenn Sie mit Ihrem Objektiv leidenschaftlich gern Geschichten erz\u00e4hlen, dann lassen Sie uns gemeinsam etwas Au\u00dfergew\u00f6hnliches schaffen.<\/p>\n\t\t\t\t\t\t\t\t<\/div>\n\t\t\t\t<\/div>\n\t\t\t\t<div class=\"elementor-element elementor-element-3739d42 elementor-widget elementor-widget-heading\" data-id=\"3739d42\" data-element_type=\"widget\" data-e-type=\"widget\" data-widget_type=\"heading.default\">\n\t\t\t\t<div class=\"elementor-widget-container\">\n\t\t\t\t\t<h4 class=\"elementor-heading-title elementor-size-default\">Reiseblogger<\/h4>\t\t\t\t<\/div>\n\t\t\t\t<\/div>\n\t\t\t\t<div class=\"elementor-element elementor-element-3447bec elementor-widget elementor-widget-text-editor\" data-id=\"3447bec\" data-element_type=\"widget\" data-e-type=\"widget\" data-widget_type=\"text-editor.default\">\n\t\t\t\t<div class=\"elementor-widget-container\">\n\t\t\t\t\t\t\t\t\t<p>Wenn Sie ein Reiseblogger sind, kennen Sie die Kraft des Geschichtenerz\u00e4hlens und pers\u00f6nlicher Erfahrungen. Ihre Perspektive ist wichtig, egal ob Sie sich auf Abenteuer abseits der ausgetretenen Pfade, Luxusreisen oder familienfreundliche Reiseziele spezialisiert haben. Stellen Sie sich vor, Sie teilen Ihre Reise mit uns und erkunden das kristallklare Wasser des Skutarisees, entdecken seine bezaubernden D\u00f6rfer oder erleben seine magischen Sonnenunterg\u00e4nge. Ihre Stimme k\u00f6nnte unz\u00e4hlige andere dazu inspirieren, dieses verborgene Juwel zu besuchen.<\/p>\n\t\t\t\t\t\t\t\t<\/div>\n\t\t\t\t<\/div>\n\t\t\t\t<div class=\"elementor-element elementor-element-f18189e elementor-widget elementor-widget-heading\" data-id=\"f18189e\" data-element_type=\"widget\" data-e-type=\"widget\" data-widget_type=\"heading.default\">\n\t\t\t\t<div class=\"elementor-widget-container\">\n\t\t\t\t\t<h4 class=\"elementor-heading-title elementor-size-default\">Influencer<\/h4>\t\t\t\t<\/div>\n\t\t\t\t<\/div>\n\t\t\t\t<div class=\"elementor-element elementor-element-5bd999c elementor-widget elementor-widget-text-editor\" data-id=\"5bd999c\" data-element_type=\"widget\" data-e-type=\"widget\" data-widget_type=\"text-editor.default\">\n\t\t\t\t<div class=\"elementor-widget-container\">\n\t\t\t\t\t\t\t\t\t<p>Sind Sie auf TikTok, Instagram oder YouTube aktiv? Haben Sie eine Anh\u00e4ngerschaft, die Reisen, Essen oder einzigartige Erlebnisse liebt? Wir suchen Influencer, die es verstehen, ein Publikum visuell zu fesseln. Wenn Sie in Montenegro leben oder demn\u00e4chst eine Reise hierher planen, lassen Sie uns gemeinsam Inhalte erstellen, die die Sch\u00f6nheit und das Abenteuer des Skutarisees zeigen. Von Bootsfahrten bei Sonnenaufgang bis hin zu lokaler K\u00fcche \u2013 Ihre Kreativit\u00e4t kann dieses Reiseziel f\u00fcr Ihre Follower zum Leben erwecken.<\/p>\n\t\t\t\t\t\t\t\t<\/div>\n\t\t\t\t<\/div>\n\t\t\t\t<div class=\"elementor-element elementor-element-084424d elementor-widget elementor-widget-heading\" data-id=\"084424d\" data-element_type=\"widget\" data-e-type=\"widget\" data-widget_type=\"heading.default\">\n\t\t\t\t<div class=\"elementor-widget-container\">\n\t\t\t\t\t<h4 class=\"elementor-heading-title elementor-size-default\">Naturliebhaber und Abenteurer<\/h4>\t\t\t\t<\/div>\n\t\t\t\t<\/div>\n\t\t\t\t<div class=\"elementor-element elementor-element-2622823 elementor-widget elementor-widget-text-editor\" data-id=\"2622823\" data-element_type=\"widget\" data-e-type=\"widget\" data-widget_type=\"text-editor.default\">\n\t\t\t\t<div class=\"elementor-widget-container\">\n\t\t\t\t\t\t\t\t\t<p>Auch wenn Sie nicht in die oben genannten Kategorien passen, z\u00f6gern Sie nicht, uns zu kontaktieren! Wir freuen uns \u00fcber Ihre Ideen, wenn Sie eine Leidenschaft f\u00fcr Natur, Reisen und Erkundungen haben. Egal, ob Sie Videofilmer, Drohnenpilot oder jemand mit einer neuen Perspektive sind, lassen Sie uns einen Weg finden, zusammenzuarbeiten.<\/p>\n\t\t\t\t\t\t\t\t<\/div>\n\t\t\t\t<\/div>\n\t\t\t\t<div class=\"elementor-element elementor-element-5e82063 elementor-widget elementor-widget-heading\" data-id=\"5e82063\" data-element_type=\"widget\" data-e-type=\"widget\" data-widget_type=\"heading.default\">\n\t\t\t\t<div class=\"elementor-widget-container\">\n\t\t\t\t\t<h2 class=\"elementor-heading-title elementor-size-default\">Warum mit uns zusammenarbeiten?<\/h2>\t\t\t\t<\/div>\n\t\t\t\t<\/div>\n\t\t\t\t<div class=\"elementor-element elementor-element-dcf8a18 elementor-widget elementor-widget-text-editor\" data-id=\"dcf8a18\" data-element_type=\"widget\" data-e-type=\"widget\" data-widget_type=\"text-editor.default\">\n\t\t\t\t<div class=\"elementor-widget-container\">\n\t\t\t\t\t\t\t\t\t<p>Wir suchen Mitarbeiter und Partner, die gemeinsam wachsen wollen. Das erwartet Sie bei einer Zusammenarbeit mit uns:<\/p>\n\t\t\t\t\t\t\t\t<\/div>\n\t\t\t\t<\/div>\n\t\t\t\t<div class=\"elementor-element elementor-element-baa3aba elementor-align-start elementor-icon-list--layout-traditional elementor-list-item-link-full_width elementor-widget elementor-widget-icon-list\" data-id=\"baa3aba\" data-element_type=\"widget\" data-e-type=\"widget\" data-widget_type=\"icon-list.default\">\n\t\t\t\t<div class=\"elementor-widget-container\">\n\t\t\t\t\t\t\t<ul class=\"elementor-icon-list-items\">\n\t\t\t\t\t\t\t<li class=\"elementor-icon-list-item\">\n\t\t\t\t\t\t\t\t\t\t\t<span class=\"elementor-icon-list-icon\">\n\t\t\t\t\t\t\t<svg aria-hidden=\"true\" class=\"e-font-icon-svg e-far-check-circle\" viewBox=\"0 0 512 512\" xmlns=\"http:\/\/www.w3.org\/2000\/svg\"><path d=\"M256 8C119.033 8 8 119.033 8 256s111.033 248 248 248 248-111.033 248-248S392.967 8 256 8zm0 48c110.532 0 200 89.451 200 200 0 110.532-89.451 200-200 200-110.532 0-200-89.451-200-200 0-110.532 89.451-200 200-200m140.204 130.267l-22.536-22.718c-4.667-4.705-12.265-4.736-16.97-.068L215.346 303.697l-59.792-60.277c-4.667-4.705-12.265-4.736-16.97-.069l-22.719 22.536c-4.705 4.667-4.736 12.265-.068 16.971l90.781 91.516c4.667 4.705 12.265 4.736 16.97.068l172.589-171.204c4.704-4.668 4.734-12.266.067-16.971z\"><\/path><\/svg>\t\t\t\t\t\t<\/span>\n\t\t\t\t\t\t\t\t\t\t<span class=\"elementor-icon-list-text\"><span><b>Eine atemberaubende Kulisse: <\/b><\/span>Mit seinen ruhigen Gew\u00e4ssern und seiner lebendigen Tierwelt ist der Skutarisee ein Traumziel f\u00fcr Kreative und bietet eine atemberaubende Kulisse f\u00fcr Ihre Arbeit.<\/span>\n\t\t\t\t\t\t\t\t\t<\/li>\n\t\t\t\t\t\t\t\t<li class=\"elementor-icon-list-item\">\n\t\t\t\t\t\t\t\t\t\t\t<span class=\"elementor-icon-list-icon\">\n\t\t\t\t\t\t\t<svg aria-hidden=\"true\" class=\"e-font-icon-svg e-far-check-circle\" viewBox=\"0 0 512 512\" xmlns=\"http:\/\/www.w3.org\/2000\/svg\"><path d=\"M256 8C119.033 8 8 119.033 8 256s111.033 248 248 248 248-111.033 248-248S392.967 8 256 8zm0 48c110.532 0 200 89.451 200 200 0 110.532-89.451 200-200 200-110.532 0-200-89.451-200-200 0-110.532 89.451-200 200-200m140.204 130.267l-22.536-22.718c-4.667-4.705-12.265-4.736-16.97-.068L215.346 303.697l-59.792-60.277c-4.667-4.705-12.265-4.736-16.97-.069l-22.719 22.536c-4.705 4.667-4.736 12.265-.068 16.971l90.781 91.516c4.667 4.705 12.265 4.736 16.97.068l172.589-171.204c4.704-4.668 4.734-12.266.067-16.971z\"><\/path><\/svg>\t\t\t\t\t\t<\/span>\n\t\t\t\t\t\t\t\t\t\t<span class=\"elementor-icon-list-text\"><span><b>Kreative Freiheit: <\/b><\/span>Bei Kingfisher sch\u00e4tzen wir Ihre einzigartige Stimme und Vision. Egal, ob Sie Autor, Fotograf oder Influencer sind, wir m\u00f6chten, dass Sie sich inspiriert und frei f\u00fchlen, kreativ zu sein.<\/span>\n\t\t\t\t\t\t\t\t\t<\/li>\n\t\t\t\t\t\t\t\t<li class=\"elementor-icon-list-item\">\n\t\t\t\t\t\t\t\t\t\t\t<span class=\"elementor-icon-list-icon\">\n\t\t\t\t\t\t\t<svg aria-hidden=\"true\" class=\"e-font-icon-svg e-far-check-circle\" viewBox=\"0 0 512 512\" xmlns=\"http:\/\/www.w3.org\/2000\/svg\"><path d=\"M256 8C119.033 8 8 119.033 8 256s111.033 248 248 248 248-111.033 248-248S392.967 8 256 8zm0 48c110.532 0 200 89.451 200 200 0 110.532-89.451 200-200 200-110.532 0-200-89.451-200-200 0-110.532 89.451-200 200-200m140.204 130.267l-22.536-22.718c-4.667-4.705-12.265-4.736-16.97-.068L215.346 303.697l-59.792-60.277c-4.667-4.705-12.265-4.736-16.97-.069l-22.719 22.536c-4.705 4.667-4.736 12.265-.068 16.971l90.781 91.516c4.667 4.705 12.265 4.736 16.97.068l172.589-171.204c4.704-4.668 4.734-12.266.067-16.971z\"><\/path><\/svg>\t\t\t\t\t\t<\/span>\n\t\t\t\t\t\t\t\t\t\t<span class=\"elementor-icon-list-text\"><span><b>Eine Chance, etwas zu bewirken: <\/b><\/span>Indem Sie die Sch\u00f6nheit des Skutarisees teilen, erstellen Sie nicht nur fesselnde Inhalte, sondern tragen auch dazu bei, nachhaltigen Tourismus zu f\u00f6rdern und Menschen auf sinnvolle Weise mit der Natur zu verbinden. Es ist eine Verantwortung, die wir gerne mit Ihnen teilen.<\/span>\n\t\t\t\t\t\t\t\t\t<\/li>\n\t\t\t\t\t\t\t\t<li class=\"elementor-icon-list-item\">\n\t\t\t\t\t\t\t\t\t\t\t<span class=\"elementor-icon-list-icon\">\n\t\t\t\t\t\t\t<svg aria-hidden=\"true\" class=\"e-font-icon-svg e-far-check-circle\" viewBox=\"0 0 512 512\" xmlns=\"http:\/\/www.w3.org\/2000\/svg\"><path d=\"M256 8C119.033 8 8 119.033 8 256s111.033 248 248 248 248-111.033 248-248S392.967 8 256 8zm0 48c110.532 0 200 89.451 200 200 0 110.532-89.451 200-200 200-110.532 0-200-89.451-200-200 0-110.532 89.451-200 200-200m140.204 130.267l-22.536-22.718c-4.667-4.705-12.265-4.736-16.97-.068L215.346 303.697l-59.792-60.277c-4.667-4.705-12.265-4.736-16.97-.069l-22.719 22.536c-4.705 4.667-4.736 12.265-.068 16.971l90.781 91.516c4.667 4.705 12.265 4.736 16.97.068l172.589-171.204c4.704-4.668 4.734-12.266.067-16.971z\"><\/path><\/svg>\t\t\t\t\t\t<\/span>\n\t\t\t\t\t\t\t\t\t\t<span class=\"elementor-icon-list-text\"><span><b>Eine unterst\u00fctzende Partnerschaft: <\/b><\/span>Wir stehen Ihnen bei jedem Schritt zur Seite und bieten Ihnen Beratung, Einblicke und eine gemeinsame Leidenschaft f\u00fcr das, was wir tun.<\/span>\n\t\t\t\t\t\t\t\t\t<\/li>\n\t\t\t\t\t\t<\/ul>\n\t\t\t\t\t\t<\/div>\n\t\t\t\t<\/div>\n\t\t\t\t<div class=\"elementor-element elementor-element-d8caf31 elementor-widget elementor-widget-heading\" data-id=\"d8caf31\" data-element_type=\"widget\" data-e-type=\"widget\" data-widget_type=\"heading.default\">\n\t\t\t\t<div class=\"elementor-widget-container\">\n\t\t\t\t\t<h2 class=\"elementor-heading-title elementor-size-default\">So nehmen Sie Kontakt auf<\/h2>\t\t\t\t<\/div>\n\t\t\t\t<\/div>\n\t\t\t\t<div class=\"elementor-element elementor-element-e9aa53a elementor-widget elementor-widget-text-editor\" data-id=\"e9aa53a\" data-element_type=\"widget\" data-e-type=\"widget\" data-widget_type=\"text-editor.default\">\n\t\t\t\t<div class=\"elementor-widget-container\">\n\t\t\t\t\t\t\t\t\t<p>Bereit zur Zusammenarbeit? Wir w\u00fcrden uns freuen, von Ihnen zu h\u00f6ren! So k\u00f6nnen Sie loslegen:<\/p>\n\t\t\t\t\t\t\t\t<\/div>\n\t\t\t\t<\/div>\n\t\t\t\t<div class=\"elementor-element elementor-element-05811cf elementor-align-start elementor-icon-list--layout-traditional elementor-list-item-link-full_width elementor-widget elementor-widget-icon-list\" data-id=\"05811cf\" data-element_type=\"widget\" data-e-type=\"widget\" data-widget_type=\"icon-list.default\">\n\t\t\t\t<div class=\"elementor-widget-container\">\n\t\t\t\t\t\t\t<ul class=\"elementor-icon-list-items\">\n\t\t\t\t\t\t\t<li class=\"elementor-icon-list-item\">\n\t\t\t\t\t\t\t\t\t\t\t<span class=\"elementor-icon-list-icon\">\n\t\t\t\t\t\t\t<svg aria-hidden=\"true\" class=\"e-font-icon-svg e-far-check-circle\" viewBox=\"0 0 512 512\" xmlns=\"http:\/\/www.w3.org\/2000\/svg\"><path d=\"M256 8C119.033 8 8 119.033 8 256s111.033 248 248 248 248-111.033 248-248S392.967 8 256 8zm0 48c110.532 0 200 89.451 200 200 0 110.532-89.451 200-200 200-110.532 0-200-89.451-200-200 0-110.532 89.451-200 200-200m140.204 130.267l-22.536-22.718c-4.667-4.705-12.265-4.736-16.97-.068L215.346 303.697l-59.792-60.277c-4.667-4.705-12.265-4.736-16.97-.069l-22.719 22.536c-4.705 4.667-4.736 12.265-.068 16.971l90.781 91.516c4.667 4.705 12.265 4.736 16.97.068l172.589-171.204c4.704-4.668 4.734-12.266.067-16.971z\"><\/path><\/svg>\t\t\t\t\t\t<\/span>\n\t\t\t\t\t\t\t\t\t\t<span class=\"elementor-icon-list-text\"><span><b>Stellen Sie sich vor: <\/b><\/span> Erz\u00e4hlen Sie uns ein wenig dar\u00fcber, wer Sie sind, was Sie tun und warum Sie an einer Zusammenarbeit mit uns interessiert sind.<\/span>\n\t\t\t\t\t\t\t\t\t<\/li>\n\t\t\t\t\t\t\t\t<li class=\"elementor-icon-list-item\">\n\t\t\t\t\t\t\t\t\t\t\t<span class=\"elementor-icon-list-icon\">\n\t\t\t\t\t\t\t<svg aria-hidden=\"true\" class=\"e-font-icon-svg e-far-check-circle\" viewBox=\"0 0 512 512\" xmlns=\"http:\/\/www.w3.org\/2000\/svg\"><path d=\"M256 8C119.033 8 8 119.033 8 256s111.033 248 248 248 248-111.033 248-248S392.967 8 256 8zm0 48c110.532 0 200 89.451 200 200 0 110.532-89.451 200-200 200-110.532 0-200-89.451-200-200 0-110.532 89.451-200 200-200m140.204 130.267l-22.536-22.718c-4.667-4.705-12.265-4.736-16.97-.068L215.346 303.697l-59.792-60.277c-4.667-4.705-12.265-4.736-16.97-.069l-22.719 22.536c-4.705 4.667-4.736 12.265-.068 16.971l90.781 91.516c4.667 4.705 12.265 4.736 16.97.068l172.589-171.204c4.704-4.668 4.734-12.266.067-16.971z\"><\/path><\/svg>\t\t\t\t\t\t<\/span>\n\t\t\t\t\t\t\t\t\t\t<span class=\"elementor-icon-list-text\"><span><b>Teilen Sie Ihr Fachwissen: <\/b><\/span>Sind Sie Autor, Fotograf oder Influencer? Teilen Sie uns mit, wie Sie zusammenarbeiten m\u00f6chten und was Sie einbringen k\u00f6nnen.<\/span>\n\t\t\t\t\t\t\t\t\t<\/li>\n\t\t\t\t\t\t\t\t<li class=\"elementor-icon-list-item\">\n\t\t\t\t\t\t\t\t\t\t\t<span class=\"elementor-icon-list-icon\">\n\t\t\t\t\t\t\t<svg aria-hidden=\"true\" class=\"e-font-icon-svg e-far-check-circle\" viewBox=\"0 0 512 512\" xmlns=\"http:\/\/www.w3.org\/2000\/svg\"><path d=\"M256 8C119.033 8 8 119.033 8 256s111.033 248 248 248 248-111.033 248-248S392.967 8 256 8zm0 48c110.532 0 200 89.451 200 200 0 110.532-89.451 200-200 200-110.532 0-200-89.451-200-200 0-110.532 89.451-200 200-200m140.204 130.267l-22.536-22.718c-4.667-4.705-12.265-4.736-16.97-.068L215.346 303.697l-59.792-60.277c-4.667-4.705-12.265-4.736-16.97-.069l-22.719 22.536c-4.705 4.667-4.736 12.265-.068 16.971l90.781 91.516c4.667 4.705 12.265 4.736 16.97.068l172.589-171.204c4.704-4.668 4.734-12.266.067-16.971z\"><\/path><\/svg>\t\t\t\t\t\t<\/span>\n\t\t\t\t\t\t\t\t\t\t<span class=\"elementor-icon-list-text\"><span><b>Bitte senden Sie uns Ihre Arbeit: <\/b><\/span>F\u00fcgen Sie Links zu Ihrem Portfolio, Blog, Ihren Social- Media-Konten oder anderen relevanten Arbeiten hinzu. Wir w\u00fcrden uns freuen, Ihren kreativen Funken in Aktion zu sehen!<\/span>\n\t\t\t\t\t\t\t\t\t<\/li>\n\t\t\t\t\t\t<\/ul>\n\t\t\t\t\t\t<\/div>\n\t\t\t\t<\/div>\n\t\t\t\t<div class=\"elementor-element elementor-element-29a8239 elementor-widget elementor-widget-text-editor\" data-id=\"29a8239\" data-element_type=\"widget\" data-e-type=\"widget\" data-widget_type=\"text-editor.default\">\n\t\t\t\t<div class=\"elementor-widget-container\">\n\t\t\t\t\t\t\t\t\t<p>Kontaktieren Sie uns per E-Mail unter <a href=\"mailto:m.vujosevic@skadarlakeboatcruise.com\">m.vujosevic@skadarlakeboatcruise.com<\/a>. Wir freuen uns darauf, mehr \u00fcber Sie zu erfahren und herauszufinden, wie wir zusammenarbeiten k\u00f6nnen, um etwas wirklich Besonderes zu schaffen.<\/p>\n\t\t\t\t\t\t\t\t<\/div>\n\t\t\t\t<\/div>\n\t\t\t\t<div class=\"elementor-element elementor-element-373272c elementor-widget elementor-widget-heading\" data-id=\"373272c\" data-element_type=\"widget\" data-e-type=\"widget\" data-widget_type=\"heading.default\">\n\t\t\t\t<div class=\"elementor-widget-container\">\n\t\t\t\t\t<h2 class=\"elementor-heading-title elementor-size-default\">Lassen Sie uns gemeinsam inspirieren<\/h2>\t\t\t\t<\/div>\n\t\t\t\t<\/div>\n\t\t\t\t<div class=\"elementor-element elementor-element-00e43e8 elementor-widget elementor-widget-text-editor\" data-id=\"00e43e8\" data-element_type=\"widget\" data-e-type=\"widget\" data-widget_type=\"text-editor.default\">\n\t\t\t\t<div class=\"elementor-widget-container\">\n\t\t\t\t\t\t\t\t\t<p>Am Skutarisee f\u00fchlt sich jeder Sonnenaufgang wie eine neue Geschichte an, die darauf wartet, erz\u00e4hlt zu werden. Mit Ihrem Talent und Ihrer Kreativit\u00e4t k\u00f6nnen wir diese Geschichten teilen und Menschen weltweit ermutigen, sich mit diesem unglaublichen Reiseziel zu verbinden. Also, was sagst du?<\/p>\n<p>Lassen Sie uns zusammenarbeiten, kreieren und inspirieren! Wir k\u00f6nnen es kaum erwarten, von Ihnen zu h\u00f6ren.<\/p>\n\t\t\t\t\t\t\t\t<\/div>\n\t\t\t\t<\/div>\n\t\t\t\t\t<\/div>\n\t\t\t\t<\/div>\n\t\t\t\t<\/div>\n\t\t","protected":false},"excerpt":{"rendered":"<p>Lassen Sie uns zusammenarbeiten! Lieben Sie Reisen, die Natur, das Geschichtenerz\u00e4hlen oder das Entdecken verborgener Sch\u00e4tze? Verf\u00fcgen Sie \u00fcber einen kreativen Funken und eine Leidenschaft daf\u00fcr, die Wunder der Welt mit anderen zu teilen? Wenn ja, werden Sie sich freuen \u2013 wir bieten Ihnen eine einzigartige Gelegenheit, mit uns zusammenzuarbeiten, um die Sch\u00f6nheit des Skutarisees [&hellip;]<\/p>\n","protected":false},"author":3,"featured_media":6481,"parent":0,"menu_order":0,"comment_status":"closed","ping_status":"closed","template":"","meta":{"_seopress_robots_primary_cat":"","_seopress_titles_title":"Partner von Kingfisher: Skadar Lake Tourism Collaborations","_seopress_titles_desc":"Entdecken Sie M\u00f6glichkeiten der Zusammenarbeit mit Kingfisher. Bieten Sie gemeinsam mit uns einzigartige \u00d6ko-Abenteuer, kulturelle Erlebnisse und nachhaltigen Tourismus an.","_seopress_robots_index":"","footnotes":""},"class_list":["post-7352","page","type-page","status-publish","has-post-thumbnail","hentry"],"_links":{"self":[{"href":"https:\/\/skadarlakeboatcruise.com\/de\/wp-json\/wp\/v2\/pages\/7352","targetHints":{"allow":["GET"]}}],"collection":[{"href":"https:\/\/skadarlakeboatcruise.com\/de\/wp-json\/wp\/v2\/pages"}],"about":[{"href":"https:\/\/skadarlakeboatcruise.com\/de\/wp-json\/wp\/v2\/types\/page"}],"author":[{"embeddable":true,"href":"https:\/\/skadarlakeboatcruise.com\/de\/wp-json\/wp\/v2\/users\/3"}],"replies":[{"embeddable":true,"href":"https:\/\/skadarlakeboatcruise.com\/de\/wp-json\/wp\/v2\/comments?post=7352"}],"version-history":[{"count":1,"href":"https:\/\/skadarlakeboatcruise.com\/de\/wp-json\/wp\/v2\/pages\/7352\/revisions"}],"predecessor-version":[{"id":7353,"href":"https:\/\/skadarlakeboatcruise.com\/de\/wp-json\/wp\/v2\/pages\/7352\/revisions\/7353"}],"wp:featuredmedia":[{"embeddable":true,"href":"https:\/\/skadarlakeboatcruise.com\/de\/wp-json\/wp\/v2\/media\/6481"}],"wp:attachment":[{"href":"https:\/\/skadarlakeboatcruise.com\/de\/wp-json\/wp\/v2\/media?parent=7352"}],"curies":[{"name":"wp","href":"https:\/\/api.w.org\/{rel}","templated":true}]}}