{"id":7380,"date":"2025-02-14T16:07:18","date_gmt":"2025-02-14T15:07:18","guid":{"rendered":"https:\/\/skadarlakeboatcruise.com\/viajeros\/"},"modified":"2026-01-27T14:49:37","modified_gmt":"2026-01-27T13:49:37","slug":"viajeros","status":"publish","type":"page","link":"https:\/\/skadarlakeboatcruise.com\/es\/viajeros\/","title":{"rendered":"Viajeros"},"content":{"rendered":"\t\t<div data-elementor-type=\"wp-page\" data-elementor-id=\"7380\" class=\"elementor elementor-7380 elementor-7174\" data-elementor-post-type=\"page\">\n\t\t\t\t<div class=\"elementor-element elementor-element-530eb10 e-flex e-con-boxed e-con e-parent\" data-id=\"530eb10\" data-element_type=\"container\" data-e-type=\"container\" data-settings=\"{&quot;jet_parallax_layout_list&quot;:[],&quot;background_background&quot;:&quot;classic&quot;,&quot;shape_divider_top&quot;:&quot;waves&quot;}\">\n\t\t\t\t\t<div class=\"e-con-inner\">\n\t\t\t\t<div class=\"elementor-shape elementor-shape-top\" aria-hidden=\"true\" data-negative=\"false\">\n\t\t\t<svg xmlns=\"http:\/\/www.w3.org\/2000\/svg\" viewBox=\"0 0 1000 100\" preserveAspectRatio=\"none\">\n\t<path class=\"elementor-shape-fill\" d=\"M421.9,6.5c22.6-2.5,51.5,0.4,75.5,5.3c23.6,4.9,70.9,23.5,100.5,35.7c75.8,32.2,133.7,44.5,192.6,49.7\n\tc23.6,2.1,48.7,3.5,103.4-2.5c54.7-6,106.2-25.6,106.2-25.6V0H0v30.3c0,0,72,32.6,158.4,30.5c39.2-0.7,92.8-6.7,134-22.4\n\tc21.2-8.1,52.2-18.2,79.7-24.2C399.3,7.9,411.6,7.5,421.9,6.5z\"\/>\n<\/svg>\t\t<\/div>\n\t\t\t\t\t<\/div>\n\t\t\t\t<\/div>\n\t\t<div class=\"elementor-element elementor-element-d9330d5 e-flex e-con-boxed e-con e-parent\" data-id=\"d9330d5\" data-element_type=\"container\" data-e-type=\"container\" data-settings=\"{&quot;jet_parallax_layout_list&quot;:[]}\">\n\t\t\t\t\t<div class=\"e-con-inner\">\n\t\t\t\t<div class=\"elementor-element elementor-element-a9dadf7 elementor-widget elementor-widget-heading\" data-id=\"a9dadf7\" data-element_type=\"widget\" data-e-type=\"widget\" data-widget_type=\"heading.default\">\n\t\t\t\t<div class=\"elementor-widget-container\">\n\t\t\t\t\t<h2 class=\"elementor-heading-title elementor-size-default\">Nos encantar\u00eda saber de usted<\/h2>\t\t\t\t<\/div>\n\t\t\t\t<\/div>\n\t\t\t\t<div class=\"elementor-element elementor-element-751f592 elementor-widget elementor-widget-text-editor\" data-id=\"751f592\" data-element_type=\"widget\" data-e-type=\"widget\" data-widget_type=\"text-editor.default\">\n\t\t\t\t<div class=\"elementor-widget-container\">\n\t\t\t\t\t\t\t\t\t<p>Si tiene preguntas sobre nuestros tours, opciones de reserva o personalizaci\u00f3n, \u00a1estamos aqu\u00ed para ayudarlo! Nuestro equipo de expertos est\u00e1 listo para ayudarlo y hacer que su experiencia en el lago Skadar sea lo m\u00e1s fluida y placentera posible.<\/p>\n\t\t\t\t\t\t\t\t<\/div>\n\t\t\t\t<\/div>\n\t\t\t\t<div class=\"elementor-element elementor-element-222da17 elementor-widget elementor-widget-heading\" data-id=\"222da17\" data-element_type=\"widget\" data-e-type=\"widget\" data-widget_type=\"heading.default\">\n\t\t\t\t<div class=\"elementor-widget-container\">\n\t\t\t\t\t<h2 class=\"elementor-heading-title elementor-size-default\">C\u00f3mo ponerse en contacto<\/h2>\t\t\t\t<\/div>\n\t\t\t\t<\/div>\n\t\t\t\t<div class=\"elementor-element elementor-element-490220e elementor-widget elementor-widget-heading\" data-id=\"490220e\" data-element_type=\"widget\" data-e-type=\"widget\" data-widget_type=\"heading.default\">\n\t\t\t\t<div class=\"elementor-widget-container\">\n\t\t\t\t\t<h4 class=\"elementor-heading-title elementor-size-default\">Para consultas generales<\/h4>\t\t\t\t<\/div>\n\t\t\t\t<\/div>\n\t\t\t\t<div class=\"elementor-element elementor-element-e81207d elementor-widget elementor-widget-text-editor\" data-id=\"e81207d\" data-element_type=\"widget\" data-e-type=\"widget\" data-widget_type=\"text-editor.default\">\n\t\t\t\t<div class=\"elementor-widget-container\">\n\t\t\t\t\t\t\t\t\t<p>Si tiene preguntas generales sobre nuestros servicios, disponibilidad o detalles del recorrido, no dude en comunicarse con nosotros a trav\u00e9s del formulario de contacto. \u00a1Nos comunicaremos con usted lo antes posible!<\/p>\n\t\t\t\t\t\t\t\t<\/div>\n\t\t\t\t<\/div>\n\t\t<div class=\"elementor-element elementor-element-6f71f9c e-con-full e-flex e-con e-child\" data-id=\"6f71f9c\" data-element_type=\"container\" data-e-type=\"container\" data-settings=\"{&quot;jet_parallax_layout_list&quot;:[],&quot;background_background&quot;:&quot;classic&quot;}\">\n\t\t\t\t<div class=\"elementor-element elementor-element-9d6d1ec elementor-widget elementor-widget-heading\" data-id=\"9d6d1ec\" data-element_type=\"widget\" data-e-type=\"widget\" data-widget_type=\"heading.default\">\n\t\t\t\t<div class=\"elementor-widget-container\">\n\t\t\t\t\t<h3 class=\"elementor-heading-title elementor-size-default\">\u00a1Cont\u00e1ctanos y comienza a crear recuerdos!<\/h3>\t\t\t\t<\/div>\n\t\t\t\t<\/div>\n\t\t\t\t<div class=\"elementor-element elementor-element-45fe259 elementor-button-align-start elementor-widget elementor-widget-form\" data-id=\"45fe259\" data-element_type=\"widget\" data-e-type=\"widget\" data-settings=\"{&quot;button_width&quot;:&quot;100&quot;,&quot;step_type&quot;:&quot;number_text&quot;,&quot;step_icon_shape&quot;:&quot;circle&quot;}\" data-widget_type=\"form.default\">\n\t\t\t\t<div class=\"elementor-widget-container\">\n\t\t\t\t\t\t\t<form class=\"elementor-form\" method=\"post\" name=\"Formulario de contacto\" aria-label=\"Formulario de contacto\">\n\t\t\t<input type=\"hidden\" name=\"post_id\" value=\"7380\"\/>\n\t\t\t<input type=\"hidden\" name=\"form_id\" value=\"45fe259\"\/>\n\t\t\t<input type=\"hidden\" name=\"referer_title\" value=\"Viajeros\" \/>\n\n\t\t\t\t\t\t\t<input type=\"hidden\" name=\"queried_id\" value=\"7380\"\/>\n\t\t\t\n\t\t\t<div class=\"elementor-form-fields-wrapper elementor-labels-\">\n\t\t\t\t\t\t\t\t<div class=\"elementor-field-type-text elementor-field-group elementor-column elementor-field-group-name elementor-col-100 elementor-field-required\">\n\t\t\t\t\t\t\t\t\t\t\t\t<label for=\"form-field-name\" class=\"elementor-field-label elementor-screen-only\">\n\t\t\t\t\t\t\t\tNombre \t\t\t\t\t\t\t<\/label>\n\t\t\t\t\t\t\t\t\t\t\t\t\t\t<input size=\"1\" type=\"text\" name=\"form_fields[name]\" id=\"form-field-name\" class=\"elementor-field elementor-size-sm  elementor-field-textual\" placeholder=\"Nombre completo\" required=\"required\">\n\t\t\t\t\t\t\t\t\t\t\t<\/div>\n\t\t\t\t\t\t\t\t<div class=\"elementor-field-type-email elementor-field-group elementor-column elementor-field-group-field_c0bb99f elementor-col-100 elementor-field-required\">\n\t\t\t\t\t\t\t\t\t\t\t\t<label for=\"form-field-field_c0bb99f\" class=\"elementor-field-label elementor-screen-only\">\n\t\t\t\t\t\t\t\tE-mail\t\t\t\t\t\t\t<\/label>\n\t\t\t\t\t\t\t\t\t\t\t\t\t\t<input size=\"1\" type=\"email\" name=\"form_fields[field_c0bb99f]\" id=\"form-field-field_c0bb99f\" class=\"elementor-field elementor-size-sm  elementor-field-textual\" placeholder=\"E-mail\" required=\"required\">\n\t\t\t\t\t\t\t\t\t\t\t<\/div>\n\t\t\t\t\t\t\t\t<div class=\"elementor-field-type-textarea elementor-field-group elementor-column elementor-field-group-message elementor-col-100\">\n\t\t\t\t\t\t\t\t\t\t\t\t<label for=\"form-field-message\" class=\"elementor-field-label elementor-screen-only\">\n\t\t\t\t\t\t\t\tMensaje\t\t\t\t\t\t\t<\/label>\n\t\t\t\t\t\t<textarea class=\"elementor-field-textual elementor-field  elementor-size-sm\" name=\"form_fields[message]\" id=\"form-field-message\" rows=\"4\" placeholder=\"Mensaje\"><\/textarea>\t\t\t\t<\/div>\n\t\t\t\t\t\t\t\t<div class=\"elementor-field-type-recaptcha_v3 elementor-field-group elementor-column elementor-field-group-field_fd97a2c elementor-col-100 recaptcha_v3-bottomright\">\n\t\t\t\t\t<div class=\"elementor-field\" id=\"form-field-field_fd97a2c\"><div class=\"elementor-g-recaptcha\" data-sitekey=\"6LfQELIpAAAAADmrAyxDYDVq08oiA3rIdzfPmIWn\" data-type=\"v3\" data-action=\"Form\" data-badge=\"bottomright\" data-size=\"invisible\"><\/div><\/div>\t\t\t\t<\/div>\n\t\t\t\t\t\t\t\t<div class=\"elementor-field-group elementor-column elementor-field-type-submit elementor-col-100 e-form__buttons\">\n\t\t\t\t\t<button class=\"elementor-button elementor-size-sm\" type=\"submit\">\n\t\t\t\t\t\t<span class=\"elementor-button-content-wrapper\">\n\t\t\t\t\t\t\t\t\t\t\t\t\t\t\t\t\t\t\t\t\t\t<span class=\"elementor-button-text\">Enviar mensaje<\/span>\n\t\t\t\t\t\t\t\t\t\t\t\t\t<\/span>\n\t\t\t\t\t<\/button>\n\t\t\t\t<\/div>\n\t\t\t<\/div>\n\t\t<\/form>\n\t\t\t\t\t\t<\/div>\n\t\t\t\t<\/div>\n\t\t\t\t<\/div>\n\t\t\t\t<div class=\"elementor-element elementor-element-59ca70a elementor-widget elementor-widget-heading\" data-id=\"59ca70a\" data-element_type=\"widget\" data-e-type=\"widget\" data-widget_type=\"heading.default\">\n\t\t\t\t<div class=\"elementor-widget-container\">\n\t\t\t\t\t<h4 class=\"elementor-heading-title elementor-size-default\">Para preguntas urgentes<\/h4>\t\t\t\t<\/div>\n\t\t\t\t<\/div>\n\t\t\t\t<div class=\"elementor-element elementor-element-24303e0 elementor-widget elementor-widget-text-editor\" data-id=\"24303e0\" data-element_type=\"widget\" data-e-type=\"widget\" data-widget_type=\"text-editor.default\">\n\t\t\t\t<div class=\"elementor-widget-container\">\n\t\t\t\t\t\t\t\t\t<p>Si tiene preguntas urgentes sobre una reserva existente o necesita asistencia inmediata, cont\u00e1ctenos a trav\u00e9s de WhatsApp o Viber al <a href=\"tel:+38267261612\">+38267261612<\/a>. Estamos aqu\u00ed para ayudar y garantizar que todo salga bien.<\/p>\n\t\t\t\t\t\t\t\t<\/div>\n\t\t\t\t<\/div>\n\t\t\t\t<div class=\"elementor-element elementor-element-6b50ddf elementor-widget elementor-widget-heading\" data-id=\"6b50ddf\" data-element_type=\"widget\" data-e-type=\"widget\" data-widget_type=\"heading.default\">\n\t\t\t\t<div class=\"elementor-widget-container\">\n\t\t\t\t\t<h4 class=\"elementor-heading-title elementor-size-default\">Para solicitudes de tours privados<\/h4>\t\t\t\t<\/div>\n\t\t\t\t<\/div>\n\t\t\t\t<div class=\"elementor-element elementor-element-6a343d1 elementor-widget elementor-widget-text-editor\" data-id=\"6a343d1\" data-element_type=\"widget\" data-e-type=\"widget\" data-widget_type=\"text-editor.default\">\n\t\t\t\t<div class=\"elementor-widget-container\">\n\t\t\t\t\t\t\t\t\t<p>\u00bfInteresado en personalizar su recorrido en barco privado? H\u00e1ganos saber sus preferencias y trabajaremos con usted para crear una experiencia personalizada. Env\u00edenos un correo electr\u00f3nico a <a href=\"mailto:hello@skadarlakeboatcruise.com\">hello@skadarlakeboatcruise.com<\/a> y comencemos a planificar su aventura perfecta.<\/p>\n\t\t\t\t\t\t\t\t<\/div>\n\t\t\t\t<\/div>\n\t\t\t\t<div class=\"elementor-element elementor-element-652506b elementor-widget elementor-widget-heading\" data-id=\"652506b\" data-element_type=\"widget\" data-e-type=\"widget\" data-widget_type=\"heading.default\">\n\t\t\t\t<div class=\"elementor-widget-container\">\n\t\t\t\t\t<h4 class=\"elementor-heading-title elementor-size-default\">Preguntas frecuentes (FAQ)<\/h4>\t\t\t\t<\/div>\n\t\t\t\t<\/div>\n\t\t\t\t<div class=\"elementor-element elementor-element-e5d53c9 elementor-widget elementor-widget-text-editor\" data-id=\"e5d53c9\" data-element_type=\"widget\" data-e-type=\"widget\" data-widget_type=\"text-editor.default\">\n\t\t\t\t<div class=\"elementor-widget-container\">\n\t\t\t\t\t\t\t\t\t<p>Antes de comunicarte, consulta nuestra secci\u00f3n de preguntas frecuentes (<a href=\"https:\/\/skadarlakeboatcruise.com\/es\/faq\/\">FAQ<\/a>). Est\u00e1 repleto de respuestas a preguntas comunes sobre nuestros tours, el proceso de reserva y qu\u00e9 esperar durante su visita al lago Skadar.<\/p>\n\t\t\t\t\t\t\t\t<\/div>\n\t\t\t\t<\/div>\n\t\t\t\t<div class=\"elementor-element elementor-element-b5fa137 elementor-widget elementor-widget-heading\" data-id=\"b5fa137\" data-element_type=\"widget\" data-e-type=\"widget\" data-widget_type=\"heading.default\">\n\t\t\t\t<div class=\"elementor-widget-container\">\n\t\t\t\t\t<h4 class=\"elementor-heading-title elementor-size-default\">Vis\u00edtanos en persona<\/h4>\t\t\t\t<\/div>\n\t\t\t\t<\/div>\n\t\t\t\t<div class=\"elementor-element elementor-element-c6c4497 elementor-widget elementor-widget-text-editor\" data-id=\"c6c4497\" data-element_type=\"widget\" data-e-type=\"widget\" data-widget_type=\"text-editor.default\">\n\t\t\t\t<div class=\"elementor-widget-container\">\n\t\t\t\t\t\t\t\t\t<p>Si ya est\u00e1s en la zona y quieres hablar con nosotros en persona, ac\u00e9rcate a nuestra<br \/>oficina:<br \/><a href=\"https:\/\/www.google.com\/maps\/place\/Kingfisher+Boat+%26+Kayak+-+Lake+Skadar\/@42.2462213,19.090338,19.04z\/data=!4m6!3m5!1s0x134dd9549bc0c57f:0x26db9db5c8978ffe!8m2!3d42.2462864!4d19.0909338!16s%2Fg%2F11fy9qnr7q?entry=ttu&amp;g_ep=EgoyMDI1MDIwOS4wIKXMDSoASAFQAw%3D%3D\" target=\"_blank\" rel=\"noopener\">Kingfisher Boat &amp; Kayak &#8211; Lake Skadar, P16, Virpazar Montenegro<\/a>. \u00a1Estaremos encantados de conocerte y ayudarte a planificar tu aventura!<\/p>\n\t\t\t\t\t\t\t\t<\/div>\n\t\t\t\t<\/div>\n\t\t\t\t<div class=\"elementor-element elementor-element-26047d5 elementor-widget elementor-widget-heading\" data-id=\"26047d5\" data-element_type=\"widget\" data-e-type=\"widget\" data-widget_type=\"heading.default\">\n\t\t\t\t<div class=\"elementor-widget-container\">\n\t\t\t\t\t<h2 class=\"elementor-heading-title elementor-size-default\">\u00bfPor qu\u00e9 contactarnos?<\/h2>\t\t\t\t<\/div>\n\t\t\t\t<\/div>\n\t\t\t\t<div class=\"elementor-element elementor-element-087f6ca elementor-widget elementor-widget-text-editor\" data-id=\"087f6ca\" data-element_type=\"widget\" data-e-type=\"widget\" data-widget_type=\"text-editor.default\">\n\t\t\t\t<div class=\"elementor-widget-container\">\n\t\t\t\t\t\t\t\t\t<p>Nos apasiona crear experiencias inolvidables para nuestros hu\u00e9spedes. Ya sea que est\u00e9 planeando un relajante paseo en bote, una escapada rom\u00e1ntica privada o una aventura grupal, estamos aqu\u00ed para hacerlo realidad. \u00a1Sus preguntas y comentarios siempre son bienvenidos!<\/p>\n\t\t\t\t\t\t\t\t<\/div>\n\t\t\t\t<\/div>\n\t\t\t\t\t<\/div>\n\t\t\t\t<\/div>\n\t\t\t\t<\/div>\n\t\t","protected":false},"excerpt":{"rendered":"<p>Nos encantar\u00eda saber de usted Si tiene preguntas sobre nuestros tours, opciones de reserva o personalizaci\u00f3n, \u00a1estamos aqu\u00ed para ayudarlo! Nuestro equipo de expertos est\u00e1 listo para ayudarlo y hacer que su experiencia en el lago Skadar sea lo m\u00e1s fluida y placentera posible. C\u00f3mo ponerse en contacto Para consultas generales Si tiene preguntas generales [&hellip;]<\/p>\n","protected":false},"author":3,"featured_media":8159,"parent":0,"menu_order":0,"comment_status":"closed","ping_status":"closed","template":"","meta":{"_seopress_robots_primary_cat":"","_seopress_titles_title":"Paseos en barco por el lago Skadar para viajeros | Montenegro aut\u00e9ntico","_seopress_titles_desc":"Descubra las joyas ocultas del lago Skadar con nuestros recorridos en barco. Experimente la cultura local, la naturaleza y la observaci\u00f3n de aves. \u00a1Reserva tu aventura en Montenegro ahora!","_seopress_robots_index":"","footnotes":""},"class_list":["post-7380","page","type-page","status-publish","has-post-thumbnail","hentry"],"_links":{"self":[{"href":"https:\/\/skadarlakeboatcruise.com\/es\/wp-json\/wp\/v2\/pages\/7380","targetHints":{"allow":["GET"]}}],"collection":[{"href":"https:\/\/skadarlakeboatcruise.com\/es\/wp-json\/wp\/v2\/pages"}],"about":[{"href":"https:\/\/skadarlakeboatcruise.com\/es\/wp-json\/wp\/v2\/types\/page"}],"author":[{"embeddable":true,"href":"https:\/\/skadarlakeboatcruise.com\/es\/wp-json\/wp\/v2\/users\/3"}],"replies":[{"embeddable":true,"href":"https:\/\/skadarlakeboatcruise.com\/es\/wp-json\/wp\/v2\/comments?post=7380"}],"version-history":[{"count":4,"href":"https:\/\/skadarlakeboatcruise.com\/es\/wp-json\/wp\/v2\/pages\/7380\/revisions"}],"predecessor-version":[{"id":9331,"href":"https:\/\/skadarlakeboatcruise.com\/es\/wp-json\/wp\/v2\/pages\/7380\/revisions\/9331"}],"wp:featuredmedia":[{"embeddable":true,"href":"https:\/\/skadarlakeboatcruise.com\/es\/wp-json\/wp\/v2\/media\/8159"}],"wp:attachment":[{"href":"https:\/\/skadarlakeboatcruise.com\/es\/wp-json\/wp\/v2\/media?parent=7380"}],"curies":[{"name":"wp","href":"https:\/\/api.w.org\/{rel}","templated":true}]}}