{"id":7382,"date":"2025-02-14T16:08:11","date_gmt":"2025-02-14T15:08:11","guid":{"rendered":"https:\/\/skadarlakeboatcruise.com\/colaboraciones\/"},"modified":"2025-02-28T20:33:01","modified_gmt":"2025-02-28T19:33:01","slug":"colaboraciones","status":"publish","type":"page","link":"https:\/\/skadarlakeboatcruise.com\/es\/colaboraciones\/","title":{"rendered":"Colaboraciones"},"content":{"rendered":"\t\t<div data-elementor-type=\"wp-page\" data-elementor-id=\"7382\" class=\"elementor elementor-7382 elementor-7178\" data-elementor-post-type=\"page\">\n\t\t\t\t<div class=\"elementor-element elementor-element-cc69c37 e-flex e-con-boxed e-con e-parent\" data-id=\"cc69c37\" data-element_type=\"container\" data-e-type=\"container\" data-settings=\"{&quot;jet_parallax_layout_list&quot;:[],&quot;background_background&quot;:&quot;classic&quot;,&quot;shape_divider_top&quot;:&quot;waves&quot;}\">\n\t\t\t\t\t<div class=\"e-con-inner\">\n\t\t\t\t<div class=\"elementor-shape elementor-shape-top\" aria-hidden=\"true\" data-negative=\"false\">\n\t\t\t<svg xmlns=\"http:\/\/www.w3.org\/2000\/svg\" viewBox=\"0 0 1000 100\" preserveAspectRatio=\"none\">\n\t<path class=\"elementor-shape-fill\" d=\"M421.9,6.5c22.6-2.5,51.5,0.4,75.5,5.3c23.6,4.9,70.9,23.5,100.5,35.7c75.8,32.2,133.7,44.5,192.6,49.7\n\tc23.6,2.1,48.7,3.5,103.4-2.5c54.7-6,106.2-25.6,106.2-25.6V0H0v30.3c0,0,72,32.6,158.4,30.5c39.2-0.7,92.8-6.7,134-22.4\n\tc21.2-8.1,52.2-18.2,79.7-24.2C399.3,7.9,411.6,7.5,421.9,6.5z\"\/>\n<\/svg>\t\t<\/div>\n\t\t\t\t\t<\/div>\n\t\t\t\t<\/div>\n\t\t<div class=\"elementor-element elementor-element-e99f6de e-flex e-con-boxed e-con e-parent\" data-id=\"e99f6de\" data-element_type=\"container\" data-e-type=\"container\" data-settings=\"{&quot;jet_parallax_layout_list&quot;:[]}\">\n\t\t\t\t\t<div class=\"e-con-inner\">\n\t\t\t\t<div class=\"elementor-element elementor-element-e23829b elementor-widget elementor-widget-heading\" data-id=\"e23829b\" data-element_type=\"widget\" data-e-type=\"widget\" data-widget_type=\"heading.default\">\n\t\t\t\t<div class=\"elementor-widget-container\">\n\t\t\t\t\t<h2 class=\"elementor-heading-title elementor-size-default\">\u00a1Trabajemos juntos!<\/h2>\t\t\t\t<\/div>\n\t\t\t\t<\/div>\n\t\t\t\t<div class=\"elementor-element elementor-element-4705d6b elementor-widget elementor-widget-text-editor\" data-id=\"4705d6b\" data-element_type=\"widget\" data-e-type=\"widget\" data-widget_type=\"text-editor.default\">\n\t\t\t\t<div class=\"elementor-widget-container\">\n\t\t\t\t\t\t\t\t\t<p>\u00bfTe encanta viajar, la naturaleza, contar historias o descubrir gemas escondidas? \u00bfTienes una chispa creativa y una pasi\u00f3n por compartir las maravillas del mundo con los dem\u00e1s? Si es as\u00ed, est\u00e1s de enhorabuena: \u00a1te ofrecemos una oportunidad \u00fanica de colaborar con nosotros en la promoci\u00f3n de la belleza del lago Skadar!<\/p>\n<p>En Kingfisher, somos m\u00e1s que un simple operador tur\u00edstico: somos narradores, aventureros y entusiastas de la naturaleza. Creemos en conectarnos con personas con ideas afines que puedan ayudarnos a compartir la belleza del lago Skadar y Montenegro con el mundo. Si eres escritor, fot\u00f3grafo, influencer o simplemente alguien con una perspectiva \u00fanica, \u00a1queremos saber de ti!<\/p>\n<p>Esta es su oportunidad de unirse a nosotros para celebrar uno de los destinos m\u00e1s impresionantes y serenos del mundo. Juntos, podemos inspirar a otros a explorar, descubrir y enamorarse de la naturaleza.<\/p>\n\t\t\t\t\t\t\t\t<\/div>\n\t\t\t\t<\/div>\n\t\t\t\t<div class=\"elementor-element elementor-element-f94a1a9 elementor-widget elementor-widget-heading\" data-id=\"f94a1a9\" data-element_type=\"widget\" data-e-type=\"widget\" data-widget_type=\"heading.default\">\n\t\t\t\t<div class=\"elementor-widget-container\">\n\t\t\t\t\t<h2 class=\"elementor-heading-title elementor-size-default\">A qui\u00e9n estamos buscando<\/h2>\t\t\t\t<\/div>\n\t\t\t\t<\/div>\n\t\t\t\t<div class=\"elementor-element elementor-element-0360066 elementor-widget elementor-widget-text-editor\" data-id=\"0360066\" data-element_type=\"widget\" data-e-type=\"widget\" data-widget_type=\"text-editor.default\">\n\t\t\t\t<div class=\"elementor-widget-container\">\n\t\t\t\t\t\t\t\t\t<p>Estamos buscando personas apasionadas de diferentes campos creativos. Si te ves en alguna de las categor\u00edas siguientes, creemos algo incre\u00edble juntos:<\/p>\n\t\t\t\t\t\t\t\t<\/div>\n\t\t\t\t<\/div>\n\t\t\t\t<div class=\"elementor-element elementor-element-ef19691 elementor-widget elementor-widget-heading\" data-id=\"ef19691\" data-element_type=\"widget\" data-e-type=\"widget\" data-widget_type=\"heading.default\">\n\t\t\t\t<div class=\"elementor-widget-container\">\n\t\t\t\t\t<h4 class=\"elementor-heading-title elementor-size-default\">Periodistas<\/h4>\t\t\t\t<\/div>\n\t\t\t\t<\/div>\n\t\t\t\t<div class=\"elementor-element elementor-element-b8a4bc7 elementor-widget elementor-widget-text-editor\" data-id=\"b8a4bc7\" data-element_type=\"widget\" data-e-type=\"widget\" data-widget_type=\"text-editor.default\">\n\t\t\t\t<div class=\"elementor-widget-container\">\n\t\t\t\t\t\t\t\t\t<p>\u00bfEs usted un periodista al que le encanta descubrir historias fascinantes? Si te apasiona la naturaleza, la cultura y las experiencias de viaje significativas, eres exactamente la persona con la que queremos trabajar. A trav\u00e9s de su escritura, puede ayudarnos a contar la historia del lago Skadar: su vida silvestre \u00fanica, su rica historia y sus gemas escondidas. Trabajemos juntos para crear historias cautivadoras que conecten con personas de todo el mundo.<\/p>\n\t\t\t\t\t\t\t\t<\/div>\n\t\t\t\t<\/div>\n\t\t\t\t<div class=\"elementor-element elementor-element-32003f7 elementor-widget elementor-widget-heading\" data-id=\"32003f7\" data-element_type=\"widget\" data-e-type=\"widget\" data-widget_type=\"heading.default\">\n\t\t\t\t<div class=\"elementor-widget-container\">\n\t\t\t\t\t<h4 class=\"elementor-heading-title elementor-size-default\">Fot\u00f3grafos<\/h4>\t\t\t\t<\/div>\n\t\t\t\t<\/div>\n\t\t\t\t<div class=\"elementor-element elementor-element-b6a5777 elementor-widget elementor-widget-text-editor\" data-id=\"b6a5777\" data-element_type=\"widget\" data-e-type=\"widget\" data-widget_type=\"text-editor.default\">\n\t\t\t\t<div class=\"elementor-widget-container\">\n\t\t\t\t\t\t\t\t\t<p>\u00bfTienes talento para capturar momentos inolvidables? Ya sea la vibrante vida silvestre, los paisajes serenos o los tonos dorados de una puesta de sol en el lago Skadar, nos encantar\u00eda presentar sus fotograf\u00edas. Su trabajo podr\u00eda ayudarnos a presentarle a la gente la belleza natural de esta zona e inspirarles a visitarla. Si te apasiona usar tu lente para contar historias, unamos fuerzas y creemos algo extraordinario.<\/p>\n\t\t\t\t\t\t\t\t<\/div>\n\t\t\t\t<\/div>\n\t\t\t\t<div class=\"elementor-element elementor-element-3739d42 elementor-widget elementor-widget-heading\" data-id=\"3739d42\" data-element_type=\"widget\" data-e-type=\"widget\" data-widget_type=\"heading.default\">\n\t\t\t\t<div class=\"elementor-widget-container\">\n\t\t\t\t\t<h4 class=\"elementor-heading-title elementor-size-default\">Bloggers de viajes<\/h4>\t\t\t\t<\/div>\n\t\t\t\t<\/div>\n\t\t\t\t<div class=\"elementor-element elementor-element-3447bec elementor-widget elementor-widget-text-editor\" data-id=\"3447bec\" data-element_type=\"widget\" data-e-type=\"widget\" data-widget_type=\"text-editor.default\">\n\t\t\t\t<div class=\"elementor-widget-container\">\n\t\t\t\t\t\t\t\t\t<p>Si eres un blogger de viajes, conoces el poder de la narraci\u00f3n de historias y las experiencias personales. Su perspectiva es importante, ya sea que se especialice en aventuras fuera de lo com\u00fan, viajes de lujo o destinos familiares. Imag\u00ednate compartir tu viaje explorando las aguas cristalinas del lago Skadar, descubriendo sus encantadores pueblos o experimentando sus m\u00e1gicos atardeceres. Tu voz podr\u00eda inspirar a muchas otras personas a visitar esta joya escondida.<\/p>\n\t\t\t\t\t\t\t\t<\/div>\n\t\t\t\t<\/div>\n\t\t\t\t<div class=\"elementor-element elementor-element-f18189e elementor-widget elementor-widget-heading\" data-id=\"f18189e\" data-element_type=\"widget\" data-e-type=\"widget\" data-widget_type=\"heading.default\">\n\t\t\t\t<div class=\"elementor-widget-container\">\n\t\t\t\t\t<h4 class=\"elementor-heading-title elementor-size-default\">Influencers<\/h4>\t\t\t\t<\/div>\n\t\t\t\t<\/div>\n\t\t\t\t<div class=\"elementor-element elementor-element-5bd999c elementor-widget elementor-widget-text-editor\" data-id=\"5bd999c\" data-element_type=\"widget\" data-e-type=\"widget\" data-widget_type=\"text-editor.default\">\n\t\t\t\t<div class=\"elementor-widget-container\">\n\t\t\t\t\t\t\t\t\t<p>\u00bfEst\u00e1s activo en TikTok, Instagram o YouTube? \u00bfTienes seguidores a los que les encantan los viajes, la comida o las experiencias \u00fanicas? Buscamos influencers que sepan cautivar visualmente a una audiencia. Si reside en Montenegro o planea un viaje aqu\u00ed pronto, colaboremos para crear contenido que muestre la belleza y la aventura del lago Skadar. Desde paseos en barco al amanecer hasta cocina local, tu creatividad puede darle vida a este destino para tus seguidores.<\/p>\n\t\t\t\t\t\t\t\t<\/div>\n\t\t\t\t<\/div>\n\t\t\t\t<div class=\"elementor-element elementor-element-084424d elementor-widget elementor-widget-heading\" data-id=\"084424d\" data-element_type=\"widget\" data-e-type=\"widget\" data-widget_type=\"heading.default\">\n\t\t\t\t<div class=\"elementor-widget-container\">\n\t\t\t\t\t<h4 class=\"elementor-heading-title elementor-size-default\">Amantes de la naturaleza y aventureros<\/h4>\t\t\t\t<\/div>\n\t\t\t\t<\/div>\n\t\t\t\t<div class=\"elementor-element elementor-element-2622823 elementor-widget elementor-widget-text-editor\" data-id=\"2622823\" data-element_type=\"widget\" data-e-type=\"widget\" data-widget_type=\"text-editor.default\">\n\t\t\t\t<div class=\"elementor-widget-container\">\n\t\t\t\t\t\t\t\t\t<p>Incluso si no encaja en las categor\u00edas anteriores, \u00a1no dude en comunicarse! Nos encantar\u00eda escuchar tus ideas si te apasiona la naturaleza, los viajes y la exploraci\u00f3n. Ya seas camar\u00f3grafo, piloto de drones o alguien con una nueva perspectiva, busquemos una manera de trabajar juntos.<\/p>\n\t\t\t\t\t\t\t\t<\/div>\n\t\t\t\t<\/div>\n\t\t\t\t<div class=\"elementor-element elementor-element-5e82063 elementor-widget elementor-widget-heading\" data-id=\"5e82063\" data-element_type=\"widget\" data-e-type=\"widget\" data-widget_type=\"heading.default\">\n\t\t\t\t<div class=\"elementor-widget-container\">\n\t\t\t\t\t<h2 class=\"elementor-heading-title elementor-size-default\">\u00bfPor qu\u00e9 colaborar con nosotros?<\/h2>\t\t\t\t<\/div>\n\t\t\t\t<\/div>\n\t\t\t\t<div class=\"elementor-element elementor-element-dcf8a18 elementor-widget elementor-widget-text-editor\" data-id=\"dcf8a18\" data-element_type=\"widget\" data-e-type=\"widget\" data-widget_type=\"text-editor.default\">\n\t\t\t\t<div class=\"elementor-widget-container\">\n\t\t\t\t\t\t\t\t\t<p>Buscamos colaboradores y socios que quieran crecer juntos. Esto es lo que puede esperar al trabajar con nosotros:<\/p>\n\t\t\t\t\t\t\t\t<\/div>\n\t\t\t\t<\/div>\n\t\t\t\t<div class=\"elementor-element elementor-element-baa3aba elementor-align-start elementor-icon-list--layout-traditional elementor-list-item-link-full_width elementor-widget elementor-widget-icon-list\" data-id=\"baa3aba\" data-element_type=\"widget\" data-e-type=\"widget\" data-widget_type=\"icon-list.default\">\n\t\t\t\t<div class=\"elementor-widget-container\">\n\t\t\t\t\t\t\t<ul class=\"elementor-icon-list-items\">\n\t\t\t\t\t\t\t<li class=\"elementor-icon-list-item\">\n\t\t\t\t\t\t\t\t\t\t\t<span class=\"elementor-icon-list-icon\">\n\t\t\t\t\t\t\t<svg aria-hidden=\"true\" class=\"e-font-icon-svg e-far-check-circle\" viewBox=\"0 0 512 512\" xmlns=\"http:\/\/www.w3.org\/2000\/svg\"><path d=\"M256 8C119.033 8 8 119.033 8 256s111.033 248 248 248 248-111.033 248-248S392.967 8 256 8zm0 48c110.532 0 200 89.451 200 200 0 110.532-89.451 200-200 200-110.532 0-200-89.451-200-200 0-110.532 89.451-200 200-200m140.204 130.267l-22.536-22.718c-4.667-4.705-12.265-4.736-16.97-.068L215.346 303.697l-59.792-60.277c-4.667-4.705-12.265-4.736-16.97-.069l-22.719 22.536c-4.705 4.667-4.736 12.265-.068 16.971l90.781 91.516c4.667 4.705 12.265 4.736 16.97.068l172.589-171.204c4.704-4.668 4.734-12.266.067-16.971z\"><\/path><\/svg>\t\t\t\t\t\t<\/span>\n\t\t\t\t\t\t\t\t\t\t<span class=\"elementor-icon-list-text\"><span><b>Un tel\u00f3n de fondo impresionante: <\/b><\/span>con sus tranquilas aguas y su vibrante vida silvestre, el lago Skadar es un destino de ensue\u00f1o para los creativos, ya que ofrece un impresionante tel\u00f3n de fondo para su trabajo.<\/span>\n\t\t\t\t\t\t\t\t\t<\/li>\n\t\t\t\t\t\t\t\t<li class=\"elementor-icon-list-item\">\n\t\t\t\t\t\t\t\t\t\t\t<span class=\"elementor-icon-list-icon\">\n\t\t\t\t\t\t\t<svg aria-hidden=\"true\" class=\"e-font-icon-svg e-far-check-circle\" viewBox=\"0 0 512 512\" xmlns=\"http:\/\/www.w3.org\/2000\/svg\"><path d=\"M256 8C119.033 8 8 119.033 8 256s111.033 248 248 248 248-111.033 248-248S392.967 8 256 8zm0 48c110.532 0 200 89.451 200 200 0 110.532-89.451 200-200 200-110.532 0-200-89.451-200-200 0-110.532 89.451-200 200-200m140.204 130.267l-22.536-22.718c-4.667-4.705-12.265-4.736-16.97-.068L215.346 303.697l-59.792-60.277c-4.667-4.705-12.265-4.736-16.97-.069l-22.719 22.536c-4.705 4.667-4.736 12.265-.068 16.971l90.781 91.516c4.667 4.705 12.265 4.736 16.97.068l172.589-171.204c4.704-4.668 4.734-12.266.067-16.971z\"><\/path><\/svg>\t\t\t\t\t\t<\/span>\n\t\t\t\t\t\t\t\t\t\t<span class=\"elementor-icon-list-text\"><span><b>Libertad creativa: <\/b><\/span>en Kingfisher, valoramos su voz y visi\u00f3n \u00fanicas. Ya seas escritor, fot\u00f3grafo o persona influyente, queremos que te sientas inspirado y libre para crear.<\/span>\n\t\t\t\t\t\t\t\t\t<\/li>\n\t\t\t\t\t\t\t\t<li class=\"elementor-icon-list-item\">\n\t\t\t\t\t\t\t\t\t\t\t<span class=\"elementor-icon-list-icon\">\n\t\t\t\t\t\t\t<svg aria-hidden=\"true\" class=\"e-font-icon-svg e-far-check-circle\" viewBox=\"0 0 512 512\" xmlns=\"http:\/\/www.w3.org\/2000\/svg\"><path d=\"M256 8C119.033 8 8 119.033 8 256s111.033 248 248 248 248-111.033 248-248S392.967 8 256 8zm0 48c110.532 0 200 89.451 200 200 0 110.532-89.451 200-200 200-110.532 0-200-89.451-200-200 0-110.532 89.451-200 200-200m140.204 130.267l-22.536-22.718c-4.667-4.705-12.265-4.736-16.97-.068L215.346 303.697l-59.792-60.277c-4.667-4.705-12.265-4.736-16.97-.069l-22.719 22.536c-4.705 4.667-4.736 12.265-.068 16.971l90.781 91.516c4.667 4.705 12.265 4.736 16.97.068l172.589-171.204c4.704-4.668 4.734-12.266.067-16.971z\"><\/path><\/svg>\t\t\t\t\t\t<\/span>\n\t\t\t\t\t\t\t\t\t\t<span class=\"elementor-icon-list-text\"><span><b>Una oportunidad para generar un impacto: <\/b><\/span>al compartir la belleza del lago Skadar, no solo est\u00e1s creando contenido cautivador, sino que tambi\u00e9n est\u00e1s ayudando a promover el turismo sostenible y conectar a las personas con la naturaleza de una manera significativa. Es una responsabilidad que estamos orgullosos de compartir con usted.<\/span>\n\t\t\t\t\t\t\t\t\t<\/li>\n\t\t\t\t\t\t\t\t<li class=\"elementor-icon-list-item\">\n\t\t\t\t\t\t\t\t\t\t\t<span class=\"elementor-icon-list-icon\">\n\t\t\t\t\t\t\t<svg aria-hidden=\"true\" class=\"e-font-icon-svg e-far-check-circle\" viewBox=\"0 0 512 512\" xmlns=\"http:\/\/www.w3.org\/2000\/svg\"><path d=\"M256 8C119.033 8 8 119.033 8 256s111.033 248 248 248 248-111.033 248-248S392.967 8 256 8zm0 48c110.532 0 200 89.451 200 200 0 110.532-89.451 200-200 200-110.532 0-200-89.451-200-200 0-110.532 89.451-200 200-200m140.204 130.267l-22.536-22.718c-4.667-4.705-12.265-4.736-16.97-.068L215.346 303.697l-59.792-60.277c-4.667-4.705-12.265-4.736-16.97-.069l-22.719 22.536c-4.705 4.667-4.736 12.265-.068 16.971l90.781 91.516c4.667 4.705 12.265 4.736 16.97.068l172.589-171.204c4.704-4.668 4.734-12.266.067-16.971z\"><\/path><\/svg>\t\t\t\t\t\t<\/span>\n\t\t\t\t\t\t\t\t\t\t<span class=\"elementor-icon-list-text\"><span><b>Una asociaci\u00f3n de apoyo: <\/b><\/span>estamos aqu\u00ed para trabajar con usted en cada paso del camino, ofreci\u00e9ndole orientaci\u00f3n, conocimientos y una pasi\u00f3n compartida por lo que hacemos.<\/span>\n\t\t\t\t\t\t\t\t\t<\/li>\n\t\t\t\t\t\t<\/ul>\n\t\t\t\t\t\t<\/div>\n\t\t\t\t<\/div>\n\t\t\t\t<div class=\"elementor-element elementor-element-d8caf31 elementor-widget elementor-widget-heading\" data-id=\"d8caf31\" data-element_type=\"widget\" data-e-type=\"widget\" data-widget_type=\"heading.default\">\n\t\t\t\t<div class=\"elementor-widget-container\">\n\t\t\t\t\t<h2 class=\"elementor-heading-title elementor-size-default\">C\u00f3mo ponerse en contacto<\/h2>\t\t\t\t<\/div>\n\t\t\t\t<\/div>\n\t\t\t\t<div class=\"elementor-element elementor-element-e9aa53a elementor-widget elementor-widget-text-editor\" data-id=\"e9aa53a\" data-element_type=\"widget\" data-e-type=\"widget\" data-widget_type=\"text-editor.default\">\n\t\t\t\t<div class=\"elementor-widget-container\">\n\t\t\t\t\t\t\t\t\t<p>\u00bfListo para colaborar? \u00a1Nos encantar\u00eda saber de usted! As\u00ed es como puede comenzar:<\/p>\n\t\t\t\t\t\t\t\t<\/div>\n\t\t\t\t<\/div>\n\t\t\t\t<div class=\"elementor-element elementor-element-05811cf elementor-align-start elementor-icon-list--layout-traditional elementor-list-item-link-full_width elementor-widget elementor-widget-icon-list\" data-id=\"05811cf\" data-element_type=\"widget\" data-e-type=\"widget\" data-widget_type=\"icon-list.default\">\n\t\t\t\t<div class=\"elementor-widget-container\">\n\t\t\t\t\t\t\t<ul class=\"elementor-icon-list-items\">\n\t\t\t\t\t\t\t<li class=\"elementor-icon-list-item\">\n\t\t\t\t\t\t\t\t\t\t\t<span class=\"elementor-icon-list-icon\">\n\t\t\t\t\t\t\t<svg aria-hidden=\"true\" class=\"e-font-icon-svg e-far-check-circle\" viewBox=\"0 0 512 512\" xmlns=\"http:\/\/www.w3.org\/2000\/svg\"><path d=\"M256 8C119.033 8 8 119.033 8 256s111.033 248 248 248 248-111.033 248-248S392.967 8 256 8zm0 48c110.532 0 200 89.451 200 200 0 110.532-89.451 200-200 200-110.532 0-200-89.451-200-200 0-110.532 89.451-200 200-200m140.204 130.267l-22.536-22.718c-4.667-4.705-12.265-4.736-16.97-.068L215.346 303.697l-59.792-60.277c-4.667-4.705-12.265-4.736-16.97-.069l-22.719 22.536c-4.705 4.667-4.736 12.265-.068 16.971l90.781 91.516c4.667 4.705 12.265 4.736 16.97.068l172.589-171.204c4.704-4.668 4.734-12.266.067-16.971z\"><\/path><\/svg>\t\t\t\t\t\t<\/span>\n\t\t\t\t\t\t\t\t\t\t<span class=\"elementor-icon-list-text\"><span><b>Pres\u00e9ntese: <\/b><\/span>cu\u00e9ntenos un poco sobre qui\u00e9n es usted, qu\u00e9 hace y por qu\u00e9 est\u00e1 interesado en trabajar con nosotros.<\/span>\n\t\t\t\t\t\t\t\t\t<\/li>\n\t\t\t\t\t\t\t\t<li class=\"elementor-icon-list-item\">\n\t\t\t\t\t\t\t\t\t\t\t<span class=\"elementor-icon-list-icon\">\n\t\t\t\t\t\t\t<svg aria-hidden=\"true\" class=\"e-font-icon-svg e-far-check-circle\" viewBox=\"0 0 512 512\" xmlns=\"http:\/\/www.w3.org\/2000\/svg\"><path d=\"M256 8C119.033 8 8 119.033 8 256s111.033 248 248 248 248-111.033 248-248S392.967 8 256 8zm0 48c110.532 0 200 89.451 200 200 0 110.532-89.451 200-200 200-110.532 0-200-89.451-200-200 0-110.532 89.451-200 200-200m140.204 130.267l-22.536-22.718c-4.667-4.705-12.265-4.736-16.97-.068L215.346 303.697l-59.792-60.277c-4.667-4.705-12.265-4.736-16.97-.069l-22.719 22.536c-4.705 4.667-4.736 12.265-.068 16.971l90.781 91.516c4.667 4.705 12.265 4.736 16.97.068l172.589-171.204c4.704-4.668 4.734-12.266.067-16.971z\"><\/path><\/svg>\t\t\t\t\t\t<\/span>\n\t\t\t\t\t\t\t\t\t\t<span class=\"elementor-icon-list-text\"><span><b>Comparte tu experiencia: <\/b><\/span>\u00bferes escritor, fot\u00f3grafo o influencer? H\u00e1ganos saber c\u00f3mo le gustar\u00eda colaborar y qu\u00e9 puede aportar.<\/span>\n\t\t\t\t\t\t\t\t\t<\/li>\n\t\t\t\t\t\t\t\t<li class=\"elementor-icon-list-item\">\n\t\t\t\t\t\t\t\t\t\t\t<span class=\"elementor-icon-list-icon\">\n\t\t\t\t\t\t\t<svg aria-hidden=\"true\" class=\"e-font-icon-svg e-far-check-circle\" viewBox=\"0 0 512 512\" xmlns=\"http:\/\/www.w3.org\/2000\/svg\"><path d=\"M256 8C119.033 8 8 119.033 8 256s111.033 248 248 248 248-111.033 248-248S392.967 8 256 8zm0 48c110.532 0 200 89.451 200 200 0 110.532-89.451 200-200 200-110.532 0-200-89.451-200-200 0-110.532 89.451-200 200-200m140.204 130.267l-22.536-22.718c-4.667-4.705-12.265-4.736-16.97-.068L215.346 303.697l-59.792-60.277c-4.667-4.705-12.265-4.736-16.97-.069l-22.719 22.536c-4.705 4.667-4.736 12.265-.068 16.971l90.781 91.516c4.667 4.705 12.265 4.736 16.97.068l172.589-171.204c4.704-4.668 4.734-12.266.067-16.971z\"><\/path><\/svg>\t\t\t\t\t\t<\/span>\n\t\t\t\t\t\t\t\t\t\t<span class=\"elementor-icon-list-text\"><span><b>Por favor env\u00edanos tu trabajo: <\/b><\/span>Incluya enlaces a su portafolio, blog, cuentas de redes sociales u otro trabajo relevante. \u00a1Nos encantar\u00eda ver tu chispa creativa en acci\u00f3n!<\/span>\n\t\t\t\t\t\t\t\t\t<\/li>\n\t\t\t\t\t\t<\/ul>\n\t\t\t\t\t\t<\/div>\n\t\t\t\t<\/div>\n\t\t\t\t<div class=\"elementor-element elementor-element-29a8239 elementor-widget elementor-widget-text-editor\" data-id=\"29a8239\" data-element_type=\"widget\" data-e-type=\"widget\" data-widget_type=\"text-editor.default\">\n\t\t\t\t<div class=\"elementor-widget-container\">\n\t\t\t\t\t\t\t\t\t<p>Cont\u00e1ctenos por correo electr\u00f3nico a <a href=\"mailto:m.vujosevic@skadarlakeboatcruise.com\">m.vujosevic@skadarlakeboatcruise.com<\/a>. Estamos emocionados de aprender m\u00e1s sobre usted y explorar c\u00f3mo podemos trabajar juntos para crear algo realmente especial.<\/p>\n\t\t\t\t\t\t\t\t<\/div>\n\t\t\t\t<\/div>\n\t\t\t\t<div class=\"elementor-element elementor-element-373272c elementor-widget elementor-widget-heading\" data-id=\"373272c\" data-element_type=\"widget\" data-e-type=\"widget\" data-widget_type=\"heading.default\">\n\t\t\t\t<div class=\"elementor-widget-container\">\n\t\t\t\t\t<h2 class=\"elementor-heading-title elementor-size-default\">Inspiremos juntos<\/h2>\t\t\t\t<\/div>\n\t\t\t\t<\/div>\n\t\t\t\t<div class=\"elementor-element elementor-element-00e43e8 elementor-widget elementor-widget-text-editor\" data-id=\"00e43e8\" data-element_type=\"widget\" data-e-type=\"widget\" data-widget_type=\"text-editor.default\">\n\t\t\t\t<div class=\"elementor-widget-container\">\n\t\t\t\t\t\t\t\t\t<p>En el lago Skadar, cada amanecer se siente como una nueva historia esperando ser contada. Con su talento y creatividad, podemos compartir estas historias y alentar a personas de todo el mundo a conectarse con este incre\u00edble destino. Entonces, \u00bfqu\u00e9 dices?<\/p>\n<p>\u00a1Colaboremos, creemos e inspiremos! Estamos ansiosos por saber de usted.<\/p>\n\t\t\t\t\t\t\t\t<\/div>\n\t\t\t\t<\/div>\n\t\t\t\t\t<\/div>\n\t\t\t\t<\/div>\n\t\t\t\t<\/div>\n\t\t","protected":false},"excerpt":{"rendered":"<p>\u00a1Trabajemos juntos! \u00bfTe encanta viajar, la naturaleza, contar historias o descubrir gemas escondidas? \u00bfTienes una chispa creativa y una pasi\u00f3n por compartir las maravillas del mundo con los dem\u00e1s? Si es as\u00ed, est\u00e1s de enhorabuena: \u00a1te ofrecemos una oportunidad \u00fanica de colaborar con nosotros en la promoci\u00f3n de la belleza del lago Skadar! En Kingfisher, [&hellip;]<\/p>\n","protected":false},"author":3,"featured_media":6484,"parent":0,"menu_order":0,"comment_status":"closed","ping_status":"closed","template":"","meta":{"_seopress_robots_primary_cat":"","_seopress_titles_title":"As\u00f3ciese con Kingfisher: Colaboraciones tur\u00edsticas en el lago Skadar","_seopress_titles_desc":"Explore oportunidades de colaboraci\u00f3n con Kingfisher. \u00danase a nosotros para ofrecer ecoaventuras \u00fanicas, experiencias culturales y turismo sostenible.","_seopress_robots_index":"","footnotes":""},"class_list":["post-7382","page","type-page","status-publish","has-post-thumbnail","hentry"],"_links":{"self":[{"href":"https:\/\/skadarlakeboatcruise.com\/es\/wp-json\/wp\/v2\/pages\/7382","targetHints":{"allow":["GET"]}}],"collection":[{"href":"https:\/\/skadarlakeboatcruise.com\/es\/wp-json\/wp\/v2\/pages"}],"about":[{"href":"https:\/\/skadarlakeboatcruise.com\/es\/wp-json\/wp\/v2\/types\/page"}],"author":[{"embeddable":true,"href":"https:\/\/skadarlakeboatcruise.com\/es\/wp-json\/wp\/v2\/users\/3"}],"replies":[{"embeddable":true,"href":"https:\/\/skadarlakeboatcruise.com\/es\/wp-json\/wp\/v2\/comments?post=7382"}],"version-history":[{"count":1,"href":"https:\/\/skadarlakeboatcruise.com\/es\/wp-json\/wp\/v2\/pages\/7382\/revisions"}],"predecessor-version":[{"id":7383,"href":"https:\/\/skadarlakeboatcruise.com\/es\/wp-json\/wp\/v2\/pages\/7382\/revisions\/7383"}],"wp:featuredmedia":[{"embeddable":true,"href":"https:\/\/skadarlakeboatcruise.com\/es\/wp-json\/wp\/v2\/media\/6484"}],"wp:attachment":[{"href":"https:\/\/skadarlakeboatcruise.com\/es\/wp-json\/wp\/v2\/media?parent=7382"}],"curies":[{"name":"wp","href":"https:\/\/api.w.org\/{rel}","templated":true}]}}