{"id":7338,"date":"2025-02-14T16:07:18","date_gmt":"2025-02-14T15:07:18","guid":{"rendered":"https:\/\/skadarlakeboatcruise.com\/voyageurs\/"},"modified":"2026-01-27T14:49:15","modified_gmt":"2026-01-27T13:49:15","slug":"voyageurs","status":"publish","type":"page","link":"https:\/\/skadarlakeboatcruise.com\/fr\/voyageurs\/","title":{"rendered":"Voyageurs"},"content":{"rendered":"\t\t<div data-elementor-type=\"wp-page\" data-elementor-id=\"7338\" class=\"elementor elementor-7338 elementor-7174\" data-elementor-post-type=\"page\">\n\t\t\t\t<div class=\"elementor-element elementor-element-530eb10 e-flex e-con-boxed e-con e-parent\" data-id=\"530eb10\" data-element_type=\"container\" data-e-type=\"container\" data-settings=\"{&quot;jet_parallax_layout_list&quot;:[],&quot;background_background&quot;:&quot;classic&quot;,&quot;shape_divider_top&quot;:&quot;waves&quot;}\">\n\t\t\t\t\t<div class=\"e-con-inner\">\n\t\t\t\t<div class=\"elementor-shape elementor-shape-top\" aria-hidden=\"true\" data-negative=\"false\">\n\t\t\t<svg xmlns=\"http:\/\/www.w3.org\/2000\/svg\" viewBox=\"0 0 1000 100\" preserveAspectRatio=\"none\">\n\t<path class=\"elementor-shape-fill\" d=\"M421.9,6.5c22.6-2.5,51.5,0.4,75.5,5.3c23.6,4.9,70.9,23.5,100.5,35.7c75.8,32.2,133.7,44.5,192.6,49.7\n\tc23.6,2.1,48.7,3.5,103.4-2.5c54.7-6,106.2-25.6,106.2-25.6V0H0v30.3c0,0,72,32.6,158.4,30.5c39.2-0.7,92.8-6.7,134-22.4\n\tc21.2-8.1,52.2-18.2,79.7-24.2C399.3,7.9,411.6,7.5,421.9,6.5z\"\/>\n<\/svg>\t\t<\/div>\n\t\t\t\t\t<\/div>\n\t\t\t\t<\/div>\n\t\t<div class=\"elementor-element elementor-element-d9330d5 e-flex e-con-boxed e-con e-parent\" data-id=\"d9330d5\" data-element_type=\"container\" data-e-type=\"container\" data-settings=\"{&quot;jet_parallax_layout_list&quot;:[]}\">\n\t\t\t\t\t<div class=\"e-con-inner\">\n\t\t\t\t<div class=\"elementor-element elementor-element-a9dadf7 elementor-widget elementor-widget-heading\" data-id=\"a9dadf7\" data-element_type=\"widget\" data-e-type=\"widget\" data-widget_type=\"heading.default\">\n\t\t\t\t<div class=\"elementor-widget-container\">\n\t\t\t\t\t<h2 class=\"elementor-heading-title elementor-size-default\">Nous aimerions avoir de vos nouvelles<\/h2>\t\t\t\t<\/div>\n\t\t\t\t<\/div>\n\t\t\t\t<div class=\"elementor-element elementor-element-751f592 elementor-widget elementor-widget-text-editor\" data-id=\"751f592\" data-element_type=\"widget\" data-e-type=\"widget\" data-widget_type=\"text-editor.default\">\n\t\t\t\t<div class=\"elementor-widget-container\">\n\t\t\t\t\t\t\t\t\t<p>Que vous ayez des questions sur nos visites, les options de r\u00e9servation ou la personnalisation, nous sommes l\u00e0 pour vous aider ! Notre \u00e9quipe d&rsquo;experts est pr\u00eate \u00e0 vous aider et \u00e0 rendre votre exp\u00e9rience au lac Skadar aussi fluide et agr\u00e9able que possible.<\/p>\n\t\t\t\t\t\t\t\t<\/div>\n\t\t\t\t<\/div>\n\t\t\t\t<div class=\"elementor-element elementor-element-222da17 elementor-widget elementor-widget-heading\" data-id=\"222da17\" data-element_type=\"widget\" data-e-type=\"widget\" data-widget_type=\"heading.default\">\n\t\t\t\t<div class=\"elementor-widget-container\">\n\t\t\t\t\t<h2 class=\"elementor-heading-title elementor-size-default\">Comment nous contacter<\/h2>\t\t\t\t<\/div>\n\t\t\t\t<\/div>\n\t\t\t\t<div class=\"elementor-element elementor-element-490220e elementor-widget elementor-widget-heading\" data-id=\"490220e\" data-element_type=\"widget\" data-e-type=\"widget\" data-widget_type=\"heading.default\">\n\t\t\t\t<div class=\"elementor-widget-container\">\n\t\t\t\t\t<h4 class=\"elementor-heading-title elementor-size-default\">Pour les demandes g\u00e9n\u00e9rales<\/h4>\t\t\t\t<\/div>\n\t\t\t\t<\/div>\n\t\t\t\t<div class=\"elementor-element elementor-element-e81207d elementor-widget elementor-widget-text-editor\" data-id=\"e81207d\" data-element_type=\"widget\" data-e-type=\"widget\" data-widget_type=\"text-editor.default\">\n\t\t\t\t<div class=\"elementor-widget-container\">\n\t\t\t\t\t\t\t\t\t<p>Pour des questions g\u00e9n\u00e9rales sur nos services, la disponibilit\u00e9 ou les d\u00e9tails de la visite, n&rsquo;h\u00e9sitez pas \u00e0 nous contacter via le formulaire de contact. Nous vous r\u00e9pondrons dans les plus brefs d\u00e9lais !<\/p>\n\t\t\t\t\t\t\t\t<\/div>\n\t\t\t\t<\/div>\n\t\t<div class=\"elementor-element elementor-element-6f71f9c e-con-full e-flex e-con e-child\" data-id=\"6f71f9c\" data-element_type=\"container\" data-e-type=\"container\" data-settings=\"{&quot;jet_parallax_layout_list&quot;:[],&quot;background_background&quot;:&quot;classic&quot;}\">\n\t\t\t\t<div class=\"elementor-element elementor-element-9d6d1ec elementor-widget elementor-widget-heading\" data-id=\"9d6d1ec\" data-element_type=\"widget\" data-e-type=\"widget\" data-widget_type=\"heading.default\">\n\t\t\t\t<div class=\"elementor-widget-container\">\n\t\t\t\t\t<h3 class=\"elementor-heading-title elementor-size-default\">Contactez-nous et commencez \u00e0 cr\u00e9er des souvenirs\u00a0!<\/h3>\t\t\t\t<\/div>\n\t\t\t\t<\/div>\n\t\t\t\t<div class=\"elementor-element elementor-element-45fe259 elementor-button-align-start elementor-widget elementor-widget-form\" data-id=\"45fe259\" data-element_type=\"widget\" data-e-type=\"widget\" data-settings=\"{&quot;button_width&quot;:&quot;100&quot;,&quot;step_type&quot;:&quot;number_text&quot;,&quot;step_icon_shape&quot;:&quot;circle&quot;}\" data-widget_type=\"form.default\">\n\t\t\t\t<div class=\"elementor-widget-container\">\n\t\t\t\t\t\t\t<form class=\"elementor-form\" method=\"post\" name=\"Formulaire de contact\" aria-label=\"Formulaire de contact\">\n\t\t\t<input type=\"hidden\" name=\"post_id\" value=\"7338\"\/>\n\t\t\t<input type=\"hidden\" name=\"form_id\" value=\"45fe259\"\/>\n\t\t\t<input type=\"hidden\" name=\"referer_title\" value=\"Voyageurs\" \/>\n\n\t\t\t\t\t\t\t<input type=\"hidden\" name=\"queried_id\" value=\"7338\"\/>\n\t\t\t\n\t\t\t<div class=\"elementor-form-fields-wrapper elementor-labels-\">\n\t\t\t\t\t\t\t\t<div class=\"elementor-field-type-text elementor-field-group elementor-column elementor-field-group-name elementor-col-100 elementor-field-required\">\n\t\t\t\t\t\t\t\t\t\t\t\t<label for=\"form-field-name\" class=\"elementor-field-label elementor-screen-only\">\n\t\t\t\t\t\t\t\tName\t\t\t\t\t\t\t<\/label>\n\t\t\t\t\t\t\t\t\t\t\t\t\t\t<input size=\"1\" type=\"text\" name=\"form_fields[name]\" id=\"form-field-name\" class=\"elementor-field elementor-size-sm  elementor-field-textual\" placeholder=\"Nom et pr\u00e9nom\" required=\"required\">\n\t\t\t\t\t\t\t\t\t\t\t<\/div>\n\t\t\t\t\t\t\t\t<div class=\"elementor-field-type-email elementor-field-group elementor-column elementor-field-group-field_c0bb99f elementor-col-100 elementor-field-required\">\n\t\t\t\t\t\t\t\t\t\t\t\t<label for=\"form-field-field_c0bb99f\" class=\"elementor-field-label elementor-screen-only\">\n\t\t\t\t\t\t\t\tEmail\t\t\t\t\t\t\t<\/label>\n\t\t\t\t\t\t\t\t\t\t\t\t\t\t<input size=\"1\" type=\"email\" name=\"form_fields[field_c0bb99f]\" id=\"form-field-field_c0bb99f\" class=\"elementor-field elementor-size-sm  elementor-field-textual\" placeholder=\"E-mail\" required=\"required\">\n\t\t\t\t\t\t\t\t\t\t\t<\/div>\n\t\t\t\t\t\t\t\t<div class=\"elementor-field-type-textarea elementor-field-group elementor-column elementor-field-group-message elementor-col-100\">\n\t\t\t\t\t\t\t\t\t\t\t\t<label for=\"form-field-message\" class=\"elementor-field-label elementor-screen-only\">\n\t\t\t\t\t\t\t\tMessage \t\t\t\t\t\t\t<\/label>\n\t\t\t\t\t\t<textarea class=\"elementor-field-textual elementor-field  elementor-size-sm\" name=\"form_fields[message]\" id=\"form-field-message\" rows=\"4\" placeholder=\"Message\"><\/textarea>\t\t\t\t<\/div>\n\t\t\t\t\t\t\t\t<div class=\"elementor-field-type-recaptcha_v3 elementor-field-group elementor-column elementor-field-group-field_fd97a2c elementor-col-100 recaptcha_v3-bottomright\">\n\t\t\t\t\t<div class=\"elementor-field\" id=\"form-field-field_fd97a2c\"><div class=\"elementor-g-recaptcha\" data-sitekey=\"6LfQELIpAAAAADmrAyxDYDVq08oiA3rIdzfPmIWn\" data-type=\"v3\" data-action=\"Form\" data-badge=\"bottomright\" data-size=\"invisible\"><\/div><\/div>\t\t\t\t<\/div>\n\t\t\t\t\t\t\t\t<div class=\"elementor-field-group elementor-column elementor-field-type-submit elementor-col-100 e-form__buttons\">\n\t\t\t\t\t<button class=\"elementor-button elementor-size-sm\" type=\"submit\">\n\t\t\t\t\t\t<span class=\"elementor-button-content-wrapper\">\n\t\t\t\t\t\t\t\t\t\t\t\t\t\t\t\t\t\t\t\t\t\t<span class=\"elementor-button-text\">Envoyer le message<\/span>\n\t\t\t\t\t\t\t\t\t\t\t\t\t<\/span>\n\t\t\t\t\t<\/button>\n\t\t\t\t<\/div>\n\t\t\t<\/div>\n\t\t<\/form>\n\t\t\t\t\t\t<\/div>\n\t\t\t\t<\/div>\n\t\t\t\t<\/div>\n\t\t\t\t<div class=\"elementor-element elementor-element-59ca70a elementor-widget elementor-widget-heading\" data-id=\"59ca70a\" data-element_type=\"widget\" data-e-type=\"widget\" data-widget_type=\"heading.default\">\n\t\t\t\t<div class=\"elementor-widget-container\">\n\t\t\t\t\t<h4 class=\"elementor-heading-title elementor-size-default\">Pour des questions urgentes<\/h4>\t\t\t\t<\/div>\n\t\t\t\t<\/div>\n\t\t\t\t<div class=\"elementor-element elementor-element-24303e0 elementor-widget elementor-widget-text-editor\" data-id=\"24303e0\" data-element_type=\"widget\" data-e-type=\"widget\" data-widget_type=\"text-editor.default\">\n\t\t\t\t<div class=\"elementor-widget-container\">\n\t\t\t\t\t\t\t\t\t<p>Si vous avez des questions urgentes concernant une r\u00e9servation existante ou si vous avez besoin d&rsquo;une assistance imm\u00e9diate, veuillez nous contacter via WhatsApp ou Viber au <a href=\"tel:+38267261612\">+38267261612<\/a>. Nous sommes l\u00e0 pour vous aider et garantir que tout se passe bien.<\/p>\n\t\t\t\t\t\t\t\t<\/div>\n\t\t\t\t<\/div>\n\t\t\t\t<div class=\"elementor-element elementor-element-6b50ddf elementor-widget elementor-widget-heading\" data-id=\"6b50ddf\" data-element_type=\"widget\" data-e-type=\"widget\" data-widget_type=\"heading.default\">\n\t\t\t\t<div class=\"elementor-widget-container\">\n\t\t\t\t\t<h4 class=\"elementor-heading-title elementor-size-default\">Pour les demandes de visites priv\u00e9es<\/h4>\t\t\t\t<\/div>\n\t\t\t\t<\/div>\n\t\t\t\t<div class=\"elementor-element elementor-element-6a343d1 elementor-widget elementor-widget-text-editor\" data-id=\"6a343d1\" data-element_type=\"widget\" data-e-type=\"widget\" data-widget_type=\"text-editor.default\">\n\t\t\t\t<div class=\"elementor-widget-container\">\n\t\t\t\t\t\t\t\t\t<p>Vous souhaitez personnaliser votre excursion en bateau priv\u00e9 ? Faites-nous part de vos pr\u00e9f\u00e9rences et nous travaillerons avec vous pour cr\u00e9er une exp\u00e9rience personnalis\u00e9e. Envoyez-nous un e-mail \u00e0 <a href=\"mailto:hello@skadarlakeboatcruise.com\">hello@skadarlakeboatcruise.com<\/a>, and let&rsquo;s start planning your perfect adventure.<\/p>\n\t\t\t\t\t\t\t\t<\/div>\n\t\t\t\t<\/div>\n\t\t\t\t<div class=\"elementor-element elementor-element-652506b elementor-widget elementor-widget-heading\" data-id=\"652506b\" data-element_type=\"widget\" data-e-type=\"widget\" data-widget_type=\"heading.default\">\n\t\t\t\t<div class=\"elementor-widget-container\">\n\t\t\t\t\t<h4 class=\"elementor-heading-title elementor-size-default\">Foire aux questions (FAQ)<\/h4>\t\t\t\t<\/div>\n\t\t\t\t<\/div>\n\t\t\t\t<div class=\"elementor-element elementor-element-e5d53c9 elementor-widget elementor-widget-text-editor\" data-id=\"e5d53c9\" data-element_type=\"widget\" data-e-type=\"widget\" data-widget_type=\"text-editor.default\">\n\t\t\t\t<div class=\"elementor-widget-container\">\n\t\t\t\t\t\t\t\t\t<p>Avant de nous contacter, veuillez consulter notre section <a href=\"https:\/\/skadarlakeboatcruise.com\/fr\/faq\/\">FAQ<\/a>. Il regorge de r\u00e9ponses aux questions courantes sur nos visites, le processus de r\u00e9servation et \u00e0 quoi s&rsquo;attendre lors de votre visite au lac Skadar.<\/p>\n\t\t\t\t\t\t\t\t<\/div>\n\t\t\t\t<\/div>\n\t\t\t\t<div class=\"elementor-element elementor-element-b5fa137 elementor-widget elementor-widget-heading\" data-id=\"b5fa137\" data-element_type=\"widget\" data-e-type=\"widget\" data-widget_type=\"heading.default\">\n\t\t\t\t<div class=\"elementor-widget-container\">\n\t\t\t\t\t<h4 class=\"elementor-heading-title elementor-size-default\">Visitez-nous en personne<\/h4>\t\t\t\t<\/div>\n\t\t\t\t<\/div>\n\t\t\t\t<div class=\"elementor-element elementor-element-c6c4497 elementor-widget elementor-widget-text-editor\" data-id=\"c6c4497\" data-element_type=\"widget\" data-e-type=\"widget\" data-widget_type=\"text-editor.default\">\n\t\t\t\t<div class=\"elementor-widget-container\">\n\t\t\t\t\t\t\t\t\t<p>Si vous \u00eates d\u00e9j\u00e0 dans la r\u00e9gion et souhaitez nous parler en personne, venez \u00e0 notre<br \/>bureau: <a href=\"https:\/\/www.google.com\/maps\/place\/Kingfisher+Boat+%26+Kayak+-+Lake+Skadar\/@42.2462213,19.090338,19.04z\/data=!4m6!3m5!1s0x134dd9549bc0c57f:0x26db9db5c8978ffe!8m2!3d42.2462864!4d19.0909338!16s%2Fg%2F11fy9qnr7q?entry=ttu&amp;g_ep=EgoyMDI1MDIwOS4wIKXMDSoASAFQAw%3D%3D\" target=\"_blank\" rel=\"noopener\">Kingfisher Boat &amp; Kayak &#8211; Lake Skadar, P16, Virpazar Montenegro<\/a>. Nous serions heureux de vous rencontrer et de vous aider \u00e0 planifier votre aventure!<\/p>\n\t\t\t\t\t\t\t\t<\/div>\n\t\t\t\t<\/div>\n\t\t\t\t<div class=\"elementor-element elementor-element-26047d5 elementor-widget elementor-widget-heading\" data-id=\"26047d5\" data-element_type=\"widget\" data-e-type=\"widget\" data-widget_type=\"heading.default\">\n\t\t\t\t<div class=\"elementor-widget-container\">\n\t\t\t\t\t<h2 class=\"elementor-heading-title elementor-size-default\">Pourquoi nous contacter ?<\/h2>\t\t\t\t<\/div>\n\t\t\t\t<\/div>\n\t\t\t\t<div class=\"elementor-element elementor-element-087f6ca elementor-widget elementor-widget-text-editor\" data-id=\"087f6ca\" data-element_type=\"widget\" data-e-type=\"widget\" data-widget_type=\"text-editor.default\">\n\t\t\t\t<div class=\"elementor-widget-container\">\n\t\t\t\t\t\t\t\t\t<p>Nous sommes passionn\u00e9s par la cr\u00e9ation d&rsquo;exp\u00e9riences inoubliables pour nos clients. Que vous planifiiez une promenade relaxante en bateau, une escapade romantique priv\u00e9e ou une aventure en groupe, nous sommes l\u00e0 pour y parvenir. Vos questions et commentaires sont toujours les bienvenus!<\/p>\n\t\t\t\t\t\t\t\t<\/div>\n\t\t\t\t<\/div>\n\t\t\t\t\t<\/div>\n\t\t\t\t<\/div>\n\t\t\t\t<\/div>\n\t\t","protected":false},"excerpt":{"rendered":"<p>Nous aimerions avoir de vos nouvelles Que vous ayez des questions sur nos visites, les options de r\u00e9servation ou la personnalisation, nous sommes l\u00e0 pour vous aider ! Notre \u00e9quipe d&rsquo;experts est pr\u00eate \u00e0 vous aider et \u00e0 rendre votre exp\u00e9rience au lac Skadar aussi fluide et agr\u00e9able que possible. Comment nous contacter Pour les [&hellip;]<\/p>\n","protected":false},"author":3,"featured_media":8155,"parent":0,"menu_order":0,"comment_status":"closed","ping_status":"closed","template":"","meta":{"_seopress_robots_primary_cat":"","_seopress_titles_title":"Excursions en bateau sur le lac Skadar pour les voyageurs | Mont\u00e9n\u00e9gro authentique","_seopress_titles_desc":"D\u00e9couvrez les joyaux cach\u00e9s du lac Skadar avec nos excursions en bateau. D\u00e9couvrez la culture locale, la nature et l'observation des oiseaux. R\u00e9servez votre aventure au Mont\u00e9n\u00e9gro d\u00e8s maintenant\u00a0!","_seopress_robots_index":"","footnotes":""},"class_list":["post-7338","page","type-page","status-publish","has-post-thumbnail","hentry"],"_links":{"self":[{"href":"https:\/\/skadarlakeboatcruise.com\/fr\/wp-json\/wp\/v2\/pages\/7338","targetHints":{"allow":["GET"]}}],"collection":[{"href":"https:\/\/skadarlakeboatcruise.com\/fr\/wp-json\/wp\/v2\/pages"}],"about":[{"href":"https:\/\/skadarlakeboatcruise.com\/fr\/wp-json\/wp\/v2\/types\/page"}],"author":[{"embeddable":true,"href":"https:\/\/skadarlakeboatcruise.com\/fr\/wp-json\/wp\/v2\/users\/3"}],"replies":[{"embeddable":true,"href":"https:\/\/skadarlakeboatcruise.com\/fr\/wp-json\/wp\/v2\/comments?post=7338"}],"version-history":[{"count":2,"href":"https:\/\/skadarlakeboatcruise.com\/fr\/wp-json\/wp\/v2\/pages\/7338\/revisions"}],"predecessor-version":[{"id":9327,"href":"https:\/\/skadarlakeboatcruise.com\/fr\/wp-json\/wp\/v2\/pages\/7338\/revisions\/9327"}],"wp:featuredmedia":[{"embeddable":true,"href":"https:\/\/skadarlakeboatcruise.com\/fr\/wp-json\/wp\/v2\/media\/8155"}],"wp:attachment":[{"href":"https:\/\/skadarlakeboatcruise.com\/fr\/wp-json\/wp\/v2\/media?parent=7338"}],"curies":[{"name":"wp","href":"https:\/\/api.w.org\/{rel}","templated":true}]}}