{"id":7340,"date":"2025-02-14T16:08:11","date_gmt":"2025-02-14T15:08:11","guid":{"rendered":"https:\/\/skadarlakeboatcruise.com\/collaborations\/"},"modified":"2025-02-28T20:34:45","modified_gmt":"2025-02-28T19:34:45","slug":"collaborations","status":"publish","type":"page","link":"https:\/\/skadarlakeboatcruise.com\/fr\/collaborations\/","title":{"rendered":"Collaborations"},"content":{"rendered":"\t\t<div data-elementor-type=\"wp-page\" data-elementor-id=\"7340\" class=\"elementor elementor-7340 elementor-7178\" data-elementor-post-type=\"page\">\n\t\t\t\t<div class=\"elementor-element elementor-element-cc69c37 e-flex e-con-boxed e-con e-parent\" data-id=\"cc69c37\" data-element_type=\"container\" data-e-type=\"container\" data-settings=\"{&quot;jet_parallax_layout_list&quot;:[],&quot;background_background&quot;:&quot;classic&quot;,&quot;shape_divider_top&quot;:&quot;waves&quot;}\">\n\t\t\t\t\t<div class=\"e-con-inner\">\n\t\t\t\t<div class=\"elementor-shape elementor-shape-top\" aria-hidden=\"true\" data-negative=\"false\">\n\t\t\t<svg xmlns=\"http:\/\/www.w3.org\/2000\/svg\" viewBox=\"0 0 1000 100\" preserveAspectRatio=\"none\">\n\t<path class=\"elementor-shape-fill\" d=\"M421.9,6.5c22.6-2.5,51.5,0.4,75.5,5.3c23.6,4.9,70.9,23.5,100.5,35.7c75.8,32.2,133.7,44.5,192.6,49.7\n\tc23.6,2.1,48.7,3.5,103.4-2.5c54.7-6,106.2-25.6,106.2-25.6V0H0v30.3c0,0,72,32.6,158.4,30.5c39.2-0.7,92.8-6.7,134-22.4\n\tc21.2-8.1,52.2-18.2,79.7-24.2C399.3,7.9,411.6,7.5,421.9,6.5z\"\/>\n<\/svg>\t\t<\/div>\n\t\t\t\t\t<\/div>\n\t\t\t\t<\/div>\n\t\t<div class=\"elementor-element elementor-element-e99f6de e-flex e-con-boxed e-con e-parent\" data-id=\"e99f6de\" data-element_type=\"container\" data-e-type=\"container\" data-settings=\"{&quot;jet_parallax_layout_list&quot;:[]}\">\n\t\t\t\t\t<div class=\"e-con-inner\">\n\t\t\t\t<div class=\"elementor-element elementor-element-e23829b elementor-widget elementor-widget-heading\" data-id=\"e23829b\" data-element_type=\"widget\" data-e-type=\"widget\" data-widget_type=\"heading.default\">\n\t\t\t\t<div class=\"elementor-widget-container\">\n\t\t\t\t\t<h2 class=\"elementor-heading-title elementor-size-default\">Travaillons ensemble !<\/h2>\t\t\t\t<\/div>\n\t\t\t\t<\/div>\n\t\t\t\t<div class=\"elementor-element elementor-element-4705d6b elementor-widget elementor-widget-text-editor\" data-id=\"4705d6b\" data-element_type=\"widget\" data-e-type=\"widget\" data-widget_type=\"text-editor.default\">\n\t\t\t\t<div class=\"elementor-widget-container\">\n\t\t\t\t\t\t\t\t\t<p>Aimez-vous les voyages, la nature, les contes ou la d\u00e9couverte de tr\u00e9sors cach\u00e9s ? Avez- vous une \u00e9tincelle cr\u00e9ative et une passion pour partager les merveilles du monde avec les autres ? Si tel est le cas, vous allez vous r\u00e9galer : nous vous offrons une opportunit\u00e9 unique de collaborer avec nous pour promouvoir la beaut\u00e9 du lac Skadar !<\/p>\n<p>Chez Kingfisher, nous sommes plus qu&rsquo;un simple voyagiste : nous sommes des conteurs, des aventuriers et des passionn\u00e9s de la nature. Nous croyons en la n\u00e9cessit\u00e9 de nous connecter avec des personnes partageant les m\u00eames id\u00e9es qui peuvent nous aider \u00e0 partager la beaut\u00e9 du lac Skadar et du Mont\u00e9n\u00e9gro avec le monde. Que vous soyez \u00e9crivain, photographe, influenceur ou simplement quelqu&rsquo;un avec une perspective unique, nous voulons avoir votre avis !<\/p>\n<p>C&rsquo;est votre chance de vous joindre \u00e0 nous pour c\u00e9l\u00e9brer l&rsquo;une des destinations les plus \u00e9poustouflantes et sereines au monde. Ensemble, nous pouvons inspirer les autres \u00e0 explorer, d\u00e9couvrir et tomber amoureux de la nature.<\/p>\n\t\t\t\t\t\t\t\t<\/div>\n\t\t\t\t<\/div>\n\t\t\t\t<div class=\"elementor-element elementor-element-f94a1a9 elementor-widget elementor-widget-heading\" data-id=\"f94a1a9\" data-element_type=\"widget\" data-e-type=\"widget\" data-widget_type=\"heading.default\">\n\t\t\t\t<div class=\"elementor-widget-container\">\n\t\t\t\t\t<h2 class=\"elementor-heading-title elementor-size-default\">Qui nous recherchons<\/h2>\t\t\t\t<\/div>\n\t\t\t\t<\/div>\n\t\t\t\t<div class=\"elementor-element elementor-element-0360066 elementor-widget elementor-widget-text-editor\" data-id=\"0360066\" data-element_type=\"widget\" data-e-type=\"widget\" data-widget_type=\"text-editor.default\">\n\t\t\t\t<div class=\"elementor-widget-container\">\n\t\t\t\t\t\t\t\t\t<p>Nous sommes \u00e0 la recherche de personnes passionn\u00e9es provenant de diff\u00e9rents domaines cr\u00e9atifs. Si vous vous voyez dans l&rsquo;une des cat\u00e9gories ci-dessous, cr\u00e9ons ensemble quelque chose d&rsquo;incroyable :<\/p>\n\t\t\t\t\t\t\t\t<\/div>\n\t\t\t\t<\/div>\n\t\t\t\t<div class=\"elementor-element elementor-element-ef19691 elementor-widget elementor-widget-heading\" data-id=\"ef19691\" data-element_type=\"widget\" data-e-type=\"widget\" data-widget_type=\"heading.default\">\n\t\t\t\t<div class=\"elementor-widget-container\">\n\t\t\t\t\t<h4 class=\"elementor-heading-title elementor-size-default\">Journalistes<\/h4>\t\t\t\t<\/div>\n\t\t\t\t<\/div>\n\t\t\t\t<div class=\"elementor-element elementor-element-b8a4bc7 elementor-widget elementor-widget-text-editor\" data-id=\"b8a4bc7\" data-element_type=\"widget\" data-e-type=\"widget\" data-widget_type=\"text-editor.default\">\n\t\t\t\t<div class=\"elementor-widget-container\">\n\t\t\t\t\t\t\t\t\t<p>\u00cates-vous un journaliste qui aime d\u00e9couvrir des histoires fascinantes ? Si vous \u00eates passionn\u00e9 par la nature, la culture et les exp\u00e9riences de voyage significatives, vous \u00eates exactement la personne avec qui nous voulons travailler. Gr\u00e2ce \u00e0 vos \u00e9crits, vous pouvez nous aider \u00e0 raconter l&rsquo;histoire du lac Skadar : sa faune unique, sa riche histoire et ses joyaux cach\u00e9s. Travaillons ensemble pour cr\u00e9er des histoires captivantes qui touchent les gens du monde entier.<\/p>\n\t\t\t\t\t\t\t\t<\/div>\n\t\t\t\t<\/div>\n\t\t\t\t<div class=\"elementor-element elementor-element-32003f7 elementor-widget elementor-widget-heading\" data-id=\"32003f7\" data-element_type=\"widget\" data-e-type=\"widget\" data-widget_type=\"heading.default\">\n\t\t\t\t<div class=\"elementor-widget-container\">\n\t\t\t\t\t<h4 class=\"elementor-heading-title elementor-size-default\">Photographes<\/h4>\t\t\t\t<\/div>\n\t\t\t\t<\/div>\n\t\t\t\t<div class=\"elementor-element elementor-element-b6a5777 elementor-widget elementor-widget-text-editor\" data-id=\"b6a5777\" data-element_type=\"widget\" data-e-type=\"widget\" data-widget_type=\"text-editor.default\">\n\t\t\t\t<div class=\"elementor-widget-container\">\n\t\t\t\t\t\t\t\t\t<p>Avez-vous un talent pour capturer des moments inoubliables ? Qu&rsquo;il s&rsquo;agisse de la faune vibrante, des paysages sereins ou des teintes dor\u00e9es d&rsquo;un coucher de soleil sur le lac Skadar, nous serions ravis de pr\u00e9senter vos photographies. Votre travail pourrait nous aider \u00e0 faire d\u00e9couvrir aux gens la beaut\u00e9 naturelle de cette r\u00e9gion et \u00e0 les inciter \u00e0 la visiter. Si vous \u00eates passionn\u00e9 par l&rsquo;utilisation de votre objectif pour raconter des histoires, unissons nos forces et cr\u00e9ons quelque chose d&rsquo;extraordinaire.<\/p>\n\t\t\t\t\t\t\t\t<\/div>\n\t\t\t\t<\/div>\n\t\t\t\t<div class=\"elementor-element elementor-element-3739d42 elementor-widget elementor-widget-heading\" data-id=\"3739d42\" data-element_type=\"widget\" data-e-type=\"widget\" data-widget_type=\"heading.default\">\n\t\t\t\t<div class=\"elementor-widget-container\">\n\t\t\t\t\t<h4 class=\"elementor-heading-title elementor-size-default\">Blogueurs de voyage<\/h4>\t\t\t\t<\/div>\n\t\t\t\t<\/div>\n\t\t\t\t<div class=\"elementor-element elementor-element-3447bec elementor-widget elementor-widget-text-editor\" data-id=\"3447bec\" data-element_type=\"widget\" data-e-type=\"widget\" data-widget_type=\"text-editor.default\">\n\t\t\t\t<div class=\"elementor-widget-container\">\n\t\t\t\t\t\t\t\t\t<p>Si vous \u00eates un blogueur de voyage, vous connaissez le pouvoir de la narration et des exp\u00e9riences personnelles. Votre point de vue compte, que vous soyez sp\u00e9cialis\u00e9 dans les aventures hors des sentiers battus, les voyages de luxe ou les destinations familiales.<br \/>\nImaginez partager votre voyage en explorant les eaux cristallines du lac Skadar, en d\u00e9couvrant ses charmants villages ou en admirant ses couchers de soleil magiques. Votre voix pourrait inspirer d\u2019innombrables autres personnes \u00e0 visiter ce joyau cach\u00e9.<\/p>\n\t\t\t\t\t\t\t\t<\/div>\n\t\t\t\t<\/div>\n\t\t\t\t<div class=\"elementor-element elementor-element-f18189e elementor-widget elementor-widget-heading\" data-id=\"f18189e\" data-element_type=\"widget\" data-e-type=\"widget\" data-widget_type=\"heading.default\">\n\t\t\t\t<div class=\"elementor-widget-container\">\n\t\t\t\t\t<h4 class=\"elementor-heading-title elementor-size-default\">Influenceurs<\/h4>\t\t\t\t<\/div>\n\t\t\t\t<\/div>\n\t\t\t\t<div class=\"elementor-element elementor-element-5bd999c elementor-widget elementor-widget-text-editor\" data-id=\"5bd999c\" data-element_type=\"widget\" data-e-type=\"widget\" data-widget_type=\"text-editor.default\">\n\t\t\t\t<div class=\"elementor-widget-container\">\n\t\t\t\t\t\t\t\t\t<p>\u00cates-vous actif sur TikTok, Instagram ou YouTube ? Avez-vous un public qui aime les voyages, la nourriture ou les exp\u00e9riences uniques ? Nous recherchons des influenceurs qui savent captiver visuellement un public. Si vous r\u00e9sidez au Mont\u00e9n\u00e9gro ou pr\u00e9voyez un voyage ici prochainement, collaborons pour cr\u00e9er du contenu qui met en valeur la beaut\u00e9 et l&rsquo;aventure du lac Skadar. Des promenades en bateau au lever du soleil \u00e0 la cuisine locale, votre cr\u00e9ativit\u00e9 peut donner vie \u00e0 cette destination pour vos abonn\u00e9s.<\/p>\n\t\t\t\t\t\t\t\t<\/div>\n\t\t\t\t<\/div>\n\t\t\t\t<div class=\"elementor-element elementor-element-084424d elementor-widget elementor-widget-heading\" data-id=\"084424d\" data-element_type=\"widget\" data-e-type=\"widget\" data-widget_type=\"heading.default\">\n\t\t\t\t<div class=\"elementor-widget-container\">\n\t\t\t\t\t<h4 class=\"elementor-heading-title elementor-size-default\">Passionn\u00e9s de nature et aventuriers<\/h4>\t\t\t\t<\/div>\n\t\t\t\t<\/div>\n\t\t\t\t<div class=\"elementor-element elementor-element-2622823 elementor-widget elementor-widget-text-editor\" data-id=\"2622823\" data-element_type=\"widget\" data-e-type=\"widget\" data-widget_type=\"text-editor.default\">\n\t\t\t\t<div class=\"elementor-widget-container\">\n\t\t\t\t\t\t\t\t\t<p>M\u00eame si vous ne correspondez pas aux cat\u00e9gories ci-dessus, n&rsquo;h\u00e9sitez pas \u00e0 nous contacter ! Nous serions ravis d&rsquo;entendre vos id\u00e9es si vous \u00eates passionn\u00e9 par la nature, les voyages et l&rsquo;exploration. Que vous soyez vid\u00e9aste, pilote de drone ou quelqu&rsquo;un avec une nouvelle perspective, trouvons une fa\u00e7on de travailler ensemble.<\/p>\n\t\t\t\t\t\t\t\t<\/div>\n\t\t\t\t<\/div>\n\t\t\t\t<div class=\"elementor-element elementor-element-5e82063 elementor-widget elementor-widget-heading\" data-id=\"5e82063\" data-element_type=\"widget\" data-e-type=\"widget\" data-widget_type=\"heading.default\">\n\t\t\t\t<div class=\"elementor-widget-container\">\n\t\t\t\t\t<h2 class=\"elementor-heading-title elementor-size-default\">Pourquoi collaborer avec nous ?<\/h2>\t\t\t\t<\/div>\n\t\t\t\t<\/div>\n\t\t\t\t<div class=\"elementor-element elementor-element-dcf8a18 elementor-widget elementor-widget-text-editor\" data-id=\"dcf8a18\" data-element_type=\"widget\" data-e-type=\"widget\" data-widget_type=\"text-editor.default\">\n\t\t\t\t<div class=\"elementor-widget-container\">\n\t\t\t\t\t\t\t\t\t<p>Nous recherchons des collaborateurs et des partenaires qui souhaitent grandir ensemble. Voici \u00e0 quoi vous pouvez vous attendre lorsque vous travaillez avec nous :<\/p>\n\t\t\t\t\t\t\t\t<\/div>\n\t\t\t\t<\/div>\n\t\t\t\t<div class=\"elementor-element elementor-element-baa3aba elementor-align-start elementor-icon-list--layout-traditional elementor-list-item-link-full_width elementor-widget elementor-widget-icon-list\" data-id=\"baa3aba\" data-element_type=\"widget\" data-e-type=\"widget\" data-widget_type=\"icon-list.default\">\n\t\t\t\t<div class=\"elementor-widget-container\">\n\t\t\t\t\t\t\t<ul class=\"elementor-icon-list-items\">\n\t\t\t\t\t\t\t<li class=\"elementor-icon-list-item\">\n\t\t\t\t\t\t\t\t\t\t\t<span class=\"elementor-icon-list-icon\">\n\t\t\t\t\t\t\t<svg aria-hidden=\"true\" class=\"e-font-icon-svg e-far-check-circle\" viewBox=\"0 0 512 512\" xmlns=\"http:\/\/www.w3.org\/2000\/svg\"><path d=\"M256 8C119.033 8 8 119.033 8 256s111.033 248 248 248 248-111.033 248-248S392.967 8 256 8zm0 48c110.532 0 200 89.451 200 200 0 110.532-89.451 200-200 200-110.532 0-200-89.451-200-200 0-110.532 89.451-200 200-200m140.204 130.267l-22.536-22.718c-4.667-4.705-12.265-4.736-16.97-.068L215.346 303.697l-59.792-60.277c-4.667-4.705-12.265-4.736-16.97-.069l-22.719 22.536c-4.705 4.667-4.736 12.265-.068 16.971l90.781 91.516c4.667 4.705 12.265 4.736 16.97.068l172.589-171.204c4.704-4.668 4.734-12.266.067-16.971z\"><\/path><\/svg>\t\t\t\t\t\t<\/span>\n\t\t\t\t\t\t\t\t\t\t<span class=\"elementor-icon-list-text\"><span><b>Une toile de fond \u00e9poustouflante: <\/b><\/span>avec ses eaux paisibles et sa faune vibrante, le lac Skadar est une destination de r\u00eave pour les cr\u00e9atifs, offrant une toile de fond \u00e9poustouflante pour votre travail.<\/span>\n\t\t\t\t\t\t\t\t\t<\/li>\n\t\t\t\t\t\t\t\t<li class=\"elementor-icon-list-item\">\n\t\t\t\t\t\t\t\t\t\t\t<span class=\"elementor-icon-list-icon\">\n\t\t\t\t\t\t\t<svg aria-hidden=\"true\" class=\"e-font-icon-svg e-far-check-circle\" viewBox=\"0 0 512 512\" xmlns=\"http:\/\/www.w3.org\/2000\/svg\"><path d=\"M256 8C119.033 8 8 119.033 8 256s111.033 248 248 248 248-111.033 248-248S392.967 8 256 8zm0 48c110.532 0 200 89.451 200 200 0 110.532-89.451 200-200 200-110.532 0-200-89.451-200-200 0-110.532 89.451-200 200-200m140.204 130.267l-22.536-22.718c-4.667-4.705-12.265-4.736-16.97-.068L215.346 303.697l-59.792-60.277c-4.667-4.705-12.265-4.736-16.97-.069l-22.719 22.536c-4.705 4.667-4.736 12.265-.068 16.971l90.781 91.516c4.667 4.705 12.265 4.736 16.97.068l172.589-171.204c4.704-4.668 4.734-12.266.067-16.971z\"><\/path><\/svg>\t\t\t\t\t\t<\/span>\n\t\t\t\t\t\t\t\t\t\t<span class=\"elementor-icon-list-text\"><span><b>Libert\u00e9 de cr\u00e9ation: <\/b><\/span>chez Kingfisher, nous appr\u00e9cions votre voix et votre vision uniques. Que vous soyez \u00e9crivain, photographe ou influenceur, nous voulons que vous vous sentiez inspir\u00e9 et libre de cr\u00e9er.<\/span>\n\t\t\t\t\t\t\t\t\t<\/li>\n\t\t\t\t\t\t\t\t<li class=\"elementor-icon-list-item\">\n\t\t\t\t\t\t\t\t\t\t\t<span class=\"elementor-icon-list-icon\">\n\t\t\t\t\t\t\t<svg aria-hidden=\"true\" class=\"e-font-icon-svg e-far-check-circle\" viewBox=\"0 0 512 512\" xmlns=\"http:\/\/www.w3.org\/2000\/svg\"><path d=\"M256 8C119.033 8 8 119.033 8 256s111.033 248 248 248 248-111.033 248-248S392.967 8 256 8zm0 48c110.532 0 200 89.451 200 200 0 110.532-89.451 200-200 200-110.532 0-200-89.451-200-200 0-110.532 89.451-200 200-200m140.204 130.267l-22.536-22.718c-4.667-4.705-12.265-4.736-16.97-.068L215.346 303.697l-59.792-60.277c-4.667-4.705-12.265-4.736-16.97-.069l-22.719 22.536c-4.705 4.667-4.736 12.265-.068 16.971l90.781 91.516c4.667 4.705 12.265 4.736 16.97.068l172.589-171.204c4.704-4.668 4.734-12.266.067-16.971z\"><\/path><\/svg>\t\t\t\t\t\t<\/span>\n\t\t\t\t\t\t\t\t\t\t<span class=\"elementor-icon-list-text\"><span><b>Une chance d'avoir un impact: <\/b><\/span>en partageant la beaut\u00e9 du lac Skadar, vous ne cr\u00e9ez pas seulement un contenu captivant : vous contribuez \u00e9galement \u00e0 promouvoir le tourisme durable et \u00e0 connecter les gens \u00e0 la nature de mani\u00e8re significative. C'est une responsabilit\u00e9 que nous sommes fiers de partager avec vous.<\/span>\n\t\t\t\t\t\t\t\t\t<\/li>\n\t\t\t\t\t\t\t\t<li class=\"elementor-icon-list-item\">\n\t\t\t\t\t\t\t\t\t\t\t<span class=\"elementor-icon-list-icon\">\n\t\t\t\t\t\t\t<svg aria-hidden=\"true\" class=\"e-font-icon-svg e-far-check-circle\" viewBox=\"0 0 512 512\" xmlns=\"http:\/\/www.w3.org\/2000\/svg\"><path d=\"M256 8C119.033 8 8 119.033 8 256s111.033 248 248 248 248-111.033 248-248S392.967 8 256 8zm0 48c110.532 0 200 89.451 200 200 0 110.532-89.451 200-200 200-110.532 0-200-89.451-200-200 0-110.532 89.451-200 200-200m140.204 130.267l-22.536-22.718c-4.667-4.705-12.265-4.736-16.97-.068L215.346 303.697l-59.792-60.277c-4.667-4.705-12.265-4.736-16.97-.069l-22.719 22.536c-4.705 4.667-4.736 12.265-.068 16.971l90.781 91.516c4.667 4.705 12.265 4.736 16.97.068l172.589-171.204c4.704-4.668 4.734-12.266.067-16.971z\"><\/path><\/svg>\t\t\t\t\t\t<\/span>\n\t\t\t\t\t\t\t\t\t\t<span class=\"elementor-icon-list-text\"><span><b>Un partenariat solidaire: <\/b><\/span>nous sommes l\u00e0 pour travailler avec vous \u00e0 chaque \u00e9tape du processus, en vous offrant des conseils, des id\u00e9es et une passion commune pour ce que nous faisons.<\/span>\n\t\t\t\t\t\t\t\t\t<\/li>\n\t\t\t\t\t\t<\/ul>\n\t\t\t\t\t\t<\/div>\n\t\t\t\t<\/div>\n\t\t\t\t<div class=\"elementor-element elementor-element-d8caf31 elementor-widget elementor-widget-heading\" data-id=\"d8caf31\" data-element_type=\"widget\" data-e-type=\"widget\" data-widget_type=\"heading.default\">\n\t\t\t\t<div class=\"elementor-widget-container\">\n\t\t\t\t\t<h2 class=\"elementor-heading-title elementor-size-default\">Comment nous contacter<\/h2>\t\t\t\t<\/div>\n\t\t\t\t<\/div>\n\t\t\t\t<div class=\"elementor-element elementor-element-e9aa53a elementor-widget elementor-widget-text-editor\" data-id=\"e9aa53a\" data-element_type=\"widget\" data-e-type=\"widget\" data-widget_type=\"text-editor.default\">\n\t\t\t\t<div class=\"elementor-widget-container\">\n\t\t\t\t\t\t\t\t\t<p>Pr\u00eat \u00e0 collaborer ? Nous aimerions avoir de vos nouvelles ! Voici comment commencer :<\/p>\n\t\t\t\t\t\t\t\t<\/div>\n\t\t\t\t<\/div>\n\t\t\t\t<div class=\"elementor-element elementor-element-05811cf elementor-align-start elementor-icon-list--layout-traditional elementor-list-item-link-full_width elementor-widget elementor-widget-icon-list\" data-id=\"05811cf\" data-element_type=\"widget\" data-e-type=\"widget\" data-widget_type=\"icon-list.default\">\n\t\t\t\t<div class=\"elementor-widget-container\">\n\t\t\t\t\t\t\t<ul class=\"elementor-icon-list-items\">\n\t\t\t\t\t\t\t<li class=\"elementor-icon-list-item\">\n\t\t\t\t\t\t\t\t\t\t\t<span class=\"elementor-icon-list-icon\">\n\t\t\t\t\t\t\t<svg aria-hidden=\"true\" class=\"e-font-icon-svg e-far-check-circle\" viewBox=\"0 0 512 512\" xmlns=\"http:\/\/www.w3.org\/2000\/svg\"><path d=\"M256 8C119.033 8 8 119.033 8 256s111.033 248 248 248 248-111.033 248-248S392.967 8 256 8zm0 48c110.532 0 200 89.451 200 200 0 110.532-89.451 200-200 200-110.532 0-200-89.451-200-200 0-110.532 89.451-200 200-200m140.204 130.267l-22.536-22.718c-4.667-4.705-12.265-4.736-16.97-.068L215.346 303.697l-59.792-60.277c-4.667-4.705-12.265-4.736-16.97-.069l-22.719 22.536c-4.705 4.667-4.736 12.265-.068 16.971l90.781 91.516c4.667 4.705 12.265 4.736 16.97.068l172.589-171.204c4.704-4.668 4.734-12.266.067-16.971z\"><\/path><\/svg>\t\t\t\t\t\t<\/span>\n\t\t\t\t\t\t\t\t\t\t<span class=\"elementor-icon-list-text\"><span><b>Pr\u00e9sentez-vous : <\/b><\/span>dites-nous un peu qui vous \u00eates, ce que vous faites et pourquoi vous souhaitez travailler avec nous.<\/span>\n\t\t\t\t\t\t\t\t\t<\/li>\n\t\t\t\t\t\t\t\t<li class=\"elementor-icon-list-item\">\n\t\t\t\t\t\t\t\t\t\t\t<span class=\"elementor-icon-list-icon\">\n\t\t\t\t\t\t\t<svg aria-hidden=\"true\" class=\"e-font-icon-svg e-far-check-circle\" viewBox=\"0 0 512 512\" xmlns=\"http:\/\/www.w3.org\/2000\/svg\"><path d=\"M256 8C119.033 8 8 119.033 8 256s111.033 248 248 248 248-111.033 248-248S392.967 8 256 8zm0 48c110.532 0 200 89.451 200 200 0 110.532-89.451 200-200 200-110.532 0-200-89.451-200-200 0-110.532 89.451-200 200-200m140.204 130.267l-22.536-22.718c-4.667-4.705-12.265-4.736-16.97-.068L215.346 303.697l-59.792-60.277c-4.667-4.705-12.265-4.736-16.97-.069l-22.719 22.536c-4.705 4.667-4.736 12.265-.068 16.971l90.781 91.516c4.667 4.705 12.265 4.736 16.97.068l172.589-171.204c4.704-4.668 4.734-12.266.067-16.971z\"><\/path><\/svg>\t\t\t\t\t\t<\/span>\n\t\t\t\t\t\t\t\t\t\t<span class=\"elementor-icon-list-text\"><span><b>Partagez votre expertise: <\/b><\/span>\u00eates-vous \u00e9crivain, photographe ou influenceur ? Faites- nous savoir comment vous aimeriez collaborer et ce que vous pouvez apporter.<\/span>\n\t\t\t\t\t\t\t\t\t<\/li>\n\t\t\t\t\t\t\t\t<li class=\"elementor-icon-list-item\">\n\t\t\t\t\t\t\t\t\t\t\t<span class=\"elementor-icon-list-icon\">\n\t\t\t\t\t\t\t<svg aria-hidden=\"true\" class=\"e-font-icon-svg e-far-check-circle\" viewBox=\"0 0 512 512\" xmlns=\"http:\/\/www.w3.org\/2000\/svg\"><path d=\"M256 8C119.033 8 8 119.033 8 256s111.033 248 248 248 248-111.033 248-248S392.967 8 256 8zm0 48c110.532 0 200 89.451 200 200 0 110.532-89.451 200-200 200-110.532 0-200-89.451-200-200 0-110.532 89.451-200 200-200m140.204 130.267l-22.536-22.718c-4.667-4.705-12.265-4.736-16.97-.068L215.346 303.697l-59.792-60.277c-4.667-4.705-12.265-4.736-16.97-.069l-22.719 22.536c-4.705 4.667-4.736 12.265-.068 16.971l90.781 91.516c4.667 4.705 12.265 4.736 16.97.068l172.589-171.204c4.704-4.668 4.734-12.266.067-16.971z\"><\/path><\/svg>\t\t\t\t\t\t<\/span>\n\t\t\t\t\t\t\t\t\t\t<span class=\"elementor-icon-list-text\"><span><b>Merci de nous envoyer votre travail: <\/b><\/span>Incluez des liens vers votre portfolio, votre blog, vos comptes de r\u00e9seaux sociaux ou tout autre travail pertinent. Nous serions ravis de voir votre \u00e9tincelle cr\u00e9ative en action !<\/span>\n\t\t\t\t\t\t\t\t\t<\/li>\n\t\t\t\t\t\t<\/ul>\n\t\t\t\t\t\t<\/div>\n\t\t\t\t<\/div>\n\t\t\t\t<div class=\"elementor-element elementor-element-29a8239 elementor-widget elementor-widget-text-editor\" data-id=\"29a8239\" data-element_type=\"widget\" data-e-type=\"widget\" data-widget_type=\"text-editor.default\">\n\t\t\t\t<div class=\"elementor-widget-container\">\n\t\t\t\t\t\t\t\t\t<p>Contactez-nous par e-mail \u00e0 <a href=\"mailto:m.vujosevic@skadarlakeboatcruise.com\">m.vujosevic@skadarlakeboatcruise.com<\/a>. Nous sommes ravis d&rsquo;en apprendre davantage sur vous et d&rsquo;explorer comment nous pouvons travailler ensemble pour cr\u00e9er quelque chose de vraiment sp\u00e9cial.<\/p>\n\t\t\t\t\t\t\t\t<\/div>\n\t\t\t\t<\/div>\n\t\t\t\t<div class=\"elementor-element elementor-element-373272c elementor-widget elementor-widget-heading\" data-id=\"373272c\" data-element_type=\"widget\" data-e-type=\"widget\" data-widget_type=\"heading.default\">\n\t\t\t\t<div class=\"elementor-widget-container\">\n\t\t\t\t\t<h2 class=\"elementor-heading-title elementor-size-default\">Inspirons ensemble<\/h2>\t\t\t\t<\/div>\n\t\t\t\t<\/div>\n\t\t\t\t<div class=\"elementor-element elementor-element-00e43e8 elementor-widget elementor-widget-text-editor\" data-id=\"00e43e8\" data-element_type=\"widget\" data-e-type=\"widget\" data-widget_type=\"text-editor.default\">\n\t\t\t\t<div class=\"elementor-widget-container\">\n\t\t\t\t\t\t\t\t\t<p>Au lac Skadar, chaque lever de soleil ressemble \u00e0 une nouvelle histoire qui attend d&rsquo;\u00eatre racont\u00e9e. Gr\u00e2ce \u00e0 votre talent et votre cr\u00e9ativit\u00e9, nous pouvons partager ces histoires et encourager les gens du monde entier \u00e0 se connecter \u00e0 cette incroyable destination. Alors, qu&rsquo;en dis-tu ?<\/p>\n<p>Collaborons, cr\u00e9ons et inspirons ! Nous avons h\u00e2te d&rsquo;avoir de vos nouvelles.<\/p>\n\t\t\t\t\t\t\t\t<\/div>\n\t\t\t\t<\/div>\n\t\t\t\t\t<\/div>\n\t\t\t\t<\/div>\n\t\t\t\t<\/div>\n\t\t","protected":false},"excerpt":{"rendered":"<p>Travaillons ensemble ! Aimez-vous les voyages, la nature, les contes ou la d\u00e9couverte de tr\u00e9sors cach\u00e9s ? Avez- vous une \u00e9tincelle cr\u00e9ative et une passion pour partager les merveilles du monde avec les autres ? Si tel est le cas, vous allez vous r\u00e9galer : nous vous offrons une opportunit\u00e9 unique de collaborer avec nous [&hellip;]<\/p>\n","protected":false},"author":3,"featured_media":6480,"parent":0,"menu_order":0,"comment_status":"closed","ping_status":"closed","template":"","meta":{"_seopress_robots_primary_cat":"","_seopress_titles_title":"Partenariat avec Kingfisher\u00a0: Collaborations touristiques du lac Skadar","_seopress_titles_desc":"Explorez les opportunit\u00e9s de collaboration avec Kingfisher. Rejoignez-nous pour proposer des \u00e9co-aventures uniques, des exp\u00e9riences culturelles et un tourisme durable.","_seopress_robots_index":"","footnotes":""},"class_list":["post-7340","page","type-page","status-publish","has-post-thumbnail","hentry"],"_links":{"self":[{"href":"https:\/\/skadarlakeboatcruise.com\/fr\/wp-json\/wp\/v2\/pages\/7340","targetHints":{"allow":["GET"]}}],"collection":[{"href":"https:\/\/skadarlakeboatcruise.com\/fr\/wp-json\/wp\/v2\/pages"}],"about":[{"href":"https:\/\/skadarlakeboatcruise.com\/fr\/wp-json\/wp\/v2\/types\/page"}],"author":[{"embeddable":true,"href":"https:\/\/skadarlakeboatcruise.com\/fr\/wp-json\/wp\/v2\/users\/3"}],"replies":[{"embeddable":true,"href":"https:\/\/skadarlakeboatcruise.com\/fr\/wp-json\/wp\/v2\/comments?post=7340"}],"version-history":[{"count":1,"href":"https:\/\/skadarlakeboatcruise.com\/fr\/wp-json\/wp\/v2\/pages\/7340\/revisions"}],"predecessor-version":[{"id":7341,"href":"https:\/\/skadarlakeboatcruise.com\/fr\/wp-json\/wp\/v2\/pages\/7340\/revisions\/7341"}],"wp:featuredmedia":[{"embeddable":true,"href":"https:\/\/skadarlakeboatcruise.com\/fr\/wp-json\/wp\/v2\/media\/6480"}],"wp:attachment":[{"href":"https:\/\/skadarlakeboatcruise.com\/fr\/wp-json\/wp\/v2\/media?parent=7340"}],"curies":[{"name":"wp","href":"https:\/\/api.w.org\/{rel}","templated":true}]}}