{"id":7366,"date":"2025-02-14T16:07:18","date_gmt":"2025-02-14T15:07:18","guid":{"rendered":"https:\/\/skadarlakeboatcruise.com\/podroznicy\/"},"modified":"2026-01-27T14:49:32","modified_gmt":"2026-01-27T13:49:32","slug":"podroznicy","status":"publish","type":"page","link":"https:\/\/skadarlakeboatcruise.com\/pl\/podroznicy\/","title":{"rendered":"Podr\u00f3\u017cnicy"},"content":{"rendered":"\t\t<div data-elementor-type=\"wp-page\" data-elementor-id=\"7366\" class=\"elementor elementor-7366 elementor-7174\" data-elementor-post-type=\"page\">\n\t\t\t\t<div class=\"elementor-element elementor-element-530eb10 e-flex e-con-boxed e-con e-parent\" data-id=\"530eb10\" data-element_type=\"container\" data-e-type=\"container\" data-settings=\"{&quot;jet_parallax_layout_list&quot;:[],&quot;background_background&quot;:&quot;classic&quot;,&quot;shape_divider_top&quot;:&quot;waves&quot;}\">\n\t\t\t\t\t<div class=\"e-con-inner\">\n\t\t\t\t<div class=\"elementor-shape elementor-shape-top\" aria-hidden=\"true\" data-negative=\"false\">\n\t\t\t<svg xmlns=\"http:\/\/www.w3.org\/2000\/svg\" viewBox=\"0 0 1000 100\" preserveAspectRatio=\"none\">\n\t<path class=\"elementor-shape-fill\" d=\"M421.9,6.5c22.6-2.5,51.5,0.4,75.5,5.3c23.6,4.9,70.9,23.5,100.5,35.7c75.8,32.2,133.7,44.5,192.6,49.7\n\tc23.6,2.1,48.7,3.5,103.4-2.5c54.7-6,106.2-25.6,106.2-25.6V0H0v30.3c0,0,72,32.6,158.4,30.5c39.2-0.7,92.8-6.7,134-22.4\n\tc21.2-8.1,52.2-18.2,79.7-24.2C399.3,7.9,411.6,7.5,421.9,6.5z\"\/>\n<\/svg>\t\t<\/div>\n\t\t\t\t\t<\/div>\n\t\t\t\t<\/div>\n\t\t<div class=\"elementor-element elementor-element-d9330d5 e-flex e-con-boxed e-con e-parent\" data-id=\"d9330d5\" data-element_type=\"container\" data-e-type=\"container\" data-settings=\"{&quot;jet_parallax_layout_list&quot;:[]}\">\n\t\t\t\t\t<div class=\"e-con-inner\">\n\t\t\t\t<div class=\"elementor-element elementor-element-a9dadf7 elementor-widget elementor-widget-heading\" data-id=\"a9dadf7\" data-element_type=\"widget\" data-e-type=\"widget\" data-widget_type=\"heading.default\">\n\t\t\t\t<div class=\"elementor-widget-container\">\n\t\t\t\t\t<h2 class=\"elementor-heading-title elementor-size-default\">Chcieliby\u015bmy us\u0142ysze\u0107 od Ciebie<\/h2>\t\t\t\t<\/div>\n\t\t\t\t<\/div>\n\t\t\t\t<div class=\"elementor-element elementor-element-751f592 elementor-widget elementor-widget-text-editor\" data-id=\"751f592\" data-element_type=\"widget\" data-e-type=\"widget\" data-widget_type=\"text-editor.default\">\n\t\t\t\t<div class=\"elementor-widget-container\">\n\t\t\t\t\t\t\t\t\t<p>Niezale\u017cnie od tego, czy masz pytania dotycz\u0105ce naszych wycieczek, opcji rezerwacji lub personalizacji, jeste\u015bmy tu, aby Ci pom\u00f3c! Nasz zesp\u00f3\u0142 ekspert\u00f3w jest gotowy, aby Ci pom\u00f3c i sprawi\u0107, \u017ce Twoja przygoda z Jeziorem Szkoderskim b\u0119dzie tak p\u0142ynna i przyjemna, jak to tylko mo\u017cliwe.<\/p>\n\t\t\t\t\t\t\t\t<\/div>\n\t\t\t\t<\/div>\n\t\t\t\t<div class=\"elementor-element elementor-element-222da17 elementor-widget elementor-widget-heading\" data-id=\"222da17\" data-element_type=\"widget\" data-e-type=\"widget\" data-widget_type=\"heading.default\">\n\t\t\t\t<div class=\"elementor-widget-container\">\n\t\t\t\t\t<h2 class=\"elementor-heading-title elementor-size-default\">Jak si\u0119 skontaktowa\u0107<\/h2>\t\t\t\t<\/div>\n\t\t\t\t<\/div>\n\t\t\t\t<div class=\"elementor-element elementor-element-490220e elementor-widget elementor-widget-heading\" data-id=\"490220e\" data-element_type=\"widget\" data-e-type=\"widget\" data-widget_type=\"heading.default\">\n\t\t\t\t<div class=\"elementor-widget-container\">\n\t\t\t\t\t<h4 class=\"elementor-heading-title elementor-size-default\">W przypadku zapyta\u0144 og\u00f3lnych<\/h4>\t\t\t\t<\/div>\n\t\t\t\t<\/div>\n\t\t\t\t<div class=\"elementor-element elementor-element-e81207d elementor-widget elementor-widget-text-editor\" data-id=\"e81207d\" data-element_type=\"widget\" data-e-type=\"widget\" data-widget_type=\"text-editor.default\">\n\t\t\t\t<div class=\"elementor-widget-container\">\n\t\t\t\t\t\t\t\t\t<p>W przypadku og\u00f3lnych pyta\u0144 dotycz\u0105cych naszych us\u0142ug, dost\u0119pno\u015bci lub szczeg\u00f3\u0142\u00f3w wycieczek, prosimy o kontakt za po\u015brednictwem formularza kontaktowego. Skontaktujemy si\u0119 z Tob\u0105 tak szybko, jak to mo\u017cliwe!<\/p>\n\t\t\t\t\t\t\t\t<\/div>\n\t\t\t\t<\/div>\n\t\t<div class=\"elementor-element elementor-element-6f71f9c e-con-full e-flex e-con e-child\" data-id=\"6f71f9c\" data-element_type=\"container\" data-e-type=\"container\" data-settings=\"{&quot;jet_parallax_layout_list&quot;:[],&quot;background_background&quot;:&quot;classic&quot;}\">\n\t\t\t\t<div class=\"elementor-element elementor-element-9d6d1ec elementor-widget elementor-widget-heading\" data-id=\"9d6d1ec\" data-element_type=\"widget\" data-e-type=\"widget\" data-widget_type=\"heading.default\">\n\t\t\t\t<div class=\"elementor-widget-container\">\n\t\t\t\t\t<h3 class=\"elementor-heading-title elementor-size-default\">Skontaktuj si\u0119 z nami i zacznij tworzy\u0107 wspomnienia!<\/h3>\t\t\t\t<\/div>\n\t\t\t\t<\/div>\n\t\t\t\t<div class=\"elementor-element elementor-element-45fe259 elementor-button-align-start elementor-widget elementor-widget-form\" data-id=\"45fe259\" data-element_type=\"widget\" data-e-type=\"widget\" data-settings=\"{&quot;button_width&quot;:&quot;100&quot;,&quot;step_type&quot;:&quot;number_text&quot;,&quot;step_icon_shape&quot;:&quot;circle&quot;}\" data-widget_type=\"form.default\">\n\t\t\t\t<div class=\"elementor-widget-container\">\n\t\t\t\t\t\t\t<form class=\"elementor-form\" method=\"post\" name=\"Formularz kontaktowy\" aria-label=\"Formularz kontaktowy\">\n\t\t\t<input type=\"hidden\" name=\"post_id\" value=\"7366\"\/>\n\t\t\t<input type=\"hidden\" name=\"form_id\" value=\"45fe259\"\/>\n\t\t\t<input type=\"hidden\" name=\"referer_title\" value=\"Podr\u00f3\u017cnicy\" \/>\n\n\t\t\t\t\t\t\t<input type=\"hidden\" name=\"queried_id\" value=\"7366\"\/>\n\t\t\t\n\t\t\t<div class=\"elementor-form-fields-wrapper elementor-labels-\">\n\t\t\t\t\t\t\t\t<div class=\"elementor-field-type-text elementor-field-group elementor-column elementor-field-group-name elementor-col-100 elementor-field-required\">\n\t\t\t\t\t\t\t\t\t\t\t\t<label for=\"form-field-name\" class=\"elementor-field-label elementor-screen-only\">\n\t\t\t\t\t\t\t\tImi\u0119 i nazwisko\t\t\t\t\t\t\t<\/label>\n\t\t\t\t\t\t\t\t\t\t\t\t\t\t<input size=\"1\" type=\"text\" name=\"form_fields[name]\" id=\"form-field-name\" class=\"elementor-field elementor-size-sm  elementor-field-textual\" placeholder=\"Imi\u0119 i nazwisko\" required=\"required\">\n\t\t\t\t\t\t\t\t\t\t\t<\/div>\n\t\t\t\t\t\t\t\t<div class=\"elementor-field-type-email elementor-field-group elementor-column elementor-field-group-field_c0bb99f elementor-col-100 elementor-field-required\">\n\t\t\t\t\t\t\t\t\t\t\t\t<label for=\"form-field-field_c0bb99f\" class=\"elementor-field-label elementor-screen-only\">\n\t\t\t\t\t\t\t\tE-mail\t\t\t\t\t\t\t<\/label>\n\t\t\t\t\t\t\t\t\t\t\t\t\t\t<input size=\"1\" type=\"email\" name=\"form_fields[field_c0bb99f]\" id=\"form-field-field_c0bb99f\" class=\"elementor-field elementor-size-sm  elementor-field-textual\" placeholder=\"E-mail\" required=\"required\">\n\t\t\t\t\t\t\t\t\t\t\t<\/div>\n\t\t\t\t\t\t\t\t<div class=\"elementor-field-type-textarea elementor-field-group elementor-column elementor-field-group-message elementor-col-100\">\n\t\t\t\t\t\t\t\t\t\t\t\t<label for=\"form-field-message\" class=\"elementor-field-label elementor-screen-only\">\n\t\t\t\t\t\t\t\tWiadomo\u015b\u0107\t\t\t\t\t\t\t<\/label>\n\t\t\t\t\t\t<textarea class=\"elementor-field-textual elementor-field  elementor-size-sm\" name=\"form_fields[message]\" id=\"form-field-message\" rows=\"4\" placeholder=\"Wiadomo\u015b\u0107\"><\/textarea>\t\t\t\t<\/div>\n\t\t\t\t\t\t\t\t<div class=\"elementor-field-type-recaptcha_v3 elementor-field-group elementor-column elementor-field-group-field_fd97a2c elementor-col-100 recaptcha_v3-bottomright\">\n\t\t\t\t\t<div class=\"elementor-field\" id=\"form-field-field_fd97a2c\"><div class=\"elementor-g-recaptcha\" data-sitekey=\"6LfQELIpAAAAADmrAyxDYDVq08oiA3rIdzfPmIWn\" data-type=\"v3\" data-action=\"Form\" data-badge=\"bottomright\" data-size=\"invisible\"><\/div><\/div>\t\t\t\t<\/div>\n\t\t\t\t\t\t\t\t<div class=\"elementor-field-group elementor-column elementor-field-type-submit elementor-col-100 e-form__buttons\">\n\t\t\t\t\t<button class=\"elementor-button elementor-size-sm\" type=\"submit\">\n\t\t\t\t\t\t<span class=\"elementor-button-content-wrapper\">\n\t\t\t\t\t\t\t\t\t\t\t\t\t\t\t\t\t\t\t\t\t\t<span class=\"elementor-button-text\">Wy\u015blij wiadomo\u015b\u0107<\/span>\n\t\t\t\t\t\t\t\t\t\t\t\t\t<\/span>\n\t\t\t\t\t<\/button>\n\t\t\t\t<\/div>\n\t\t\t<\/div>\n\t\t<\/form>\n\t\t\t\t\t\t<\/div>\n\t\t\t\t<\/div>\n\t\t\t\t<\/div>\n\t\t\t\t<div class=\"elementor-element elementor-element-59ca70a elementor-widget elementor-widget-heading\" data-id=\"59ca70a\" data-element_type=\"widget\" data-e-type=\"widget\" data-widget_type=\"heading.default\">\n\t\t\t\t<div class=\"elementor-widget-container\">\n\t\t\t\t\t<h4 class=\"elementor-heading-title elementor-size-default\">W przypadku pilnych pyta\u0144<\/h4>\t\t\t\t<\/div>\n\t\t\t\t<\/div>\n\t\t\t\t<div class=\"elementor-element elementor-element-24303e0 elementor-widget elementor-widget-text-editor\" data-id=\"24303e0\" data-element_type=\"widget\" data-e-type=\"widget\" data-widget_type=\"text-editor.default\">\n\t\t\t\t<div class=\"elementor-widget-container\">\n\t\t\t\t\t\t\t\t\t<p>Je\u015bli masz pilne pytania dotycz\u0105ce istniej\u0105cej rezerwacji lub potrzebujesz natychmiastowej pomocy, skontaktuj si\u0119 z nami za po\u015brednictwem WhatsApp lub Viber pod numerem <a href=\"tel:+38267261612\">+38267261612<\/a>. Jeste\u015bmy tutaj, aby Ci pom\u00f3c i zapewni\u0107, \u017ce wszystko p\u00f3jdzie g\u0142adko.<\/p>\n\t\t\t\t\t\t\t\t<\/div>\n\t\t\t\t<\/div>\n\t\t\t\t<div class=\"elementor-element elementor-element-6b50ddf elementor-widget elementor-widget-heading\" data-id=\"6b50ddf\" data-element_type=\"widget\" data-e-type=\"widget\" data-widget_type=\"heading.default\">\n\t\t\t\t<div class=\"elementor-widget-container\">\n\t\t\t\t\t<h4 class=\"elementor-heading-title elementor-size-default\">W przypadku zam\u00f3wie\u0144 na prywatne wycieczki<\/h4>\t\t\t\t<\/div>\n\t\t\t\t<\/div>\n\t\t\t\t<div class=\"elementor-element elementor-element-6a343d1 elementor-widget elementor-widget-text-editor\" data-id=\"6a343d1\" data-element_type=\"widget\" data-e-type=\"widget\" data-widget_type=\"text-editor.default\">\n\t\t\t\t<div class=\"elementor-widget-container\">\n\t\t\t\t\t\t\t\t\t<p>Chcesz spersonalizowa\u0107 swoj\u0105 prywatn\u0105 wycieczk\u0119 \u0142odzi\u0105? Daj nam zna\u0107 swoje preferencje, a my b\u0119dziemy wsp\u00f3\u0142pracowa\u0107 z Tob\u0105, aby stworzy\u0107 spersonalizowane do\u015bwiadczenie. Napisz do nas na adres <a href=\"mailto:hello@skadarlakeboatcruise.com\">hello@skadarlakeboatcruise.com<\/a> i zacznijmy planowa\u0107 Twoj\u0105 idealn\u0105 przygod\u0119.<\/p>\n\t\t\t\t\t\t\t\t<\/div>\n\t\t\t\t<\/div>\n\t\t\t\t<div class=\"elementor-element elementor-element-652506b elementor-widget elementor-widget-heading\" data-id=\"652506b\" data-element_type=\"widget\" data-e-type=\"widget\" data-widget_type=\"heading.default\">\n\t\t\t\t<div class=\"elementor-widget-container\">\n\t\t\t\t\t<h4 class=\"elementor-heading-title elementor-size-default\">Cz\u0119sto zadawane pytania (FAQ)<\/h4>\t\t\t\t<\/div>\n\t\t\t\t<\/div>\n\t\t\t\t<div class=\"elementor-element elementor-element-e5d53c9 elementor-widget elementor-widget-text-editor\" data-id=\"e5d53c9\" data-element_type=\"widget\" data-e-type=\"widget\" data-widget_type=\"text-editor.default\">\n\t\t\t\t<div class=\"elementor-widget-container\">\n\t\t\t\t\t\t\t\t\t<p>Zanim si\u0119 skontaktujesz, sprawd\u017a sekcj\u0119 <a href=\"https:\/\/skadarlakeboatcruise.com\/pl\/faq\/\">FAQ<\/a>. Zawiera mn\u00f3stwo odpowiedzi na cz\u0119sto zadawane pytania dotycz\u0105ce naszych wycieczek, procesu rezerwacji i tego, czego mo\u017cesz si\u0119 spodziewa\u0107 podczas wizyty nad Jeziorem Szkoderskim.<\/p>\n\t\t\t\t\t\t\t\t<\/div>\n\t\t\t\t<\/div>\n\t\t\t\t<div class=\"elementor-element elementor-element-b5fa137 elementor-widget elementor-widget-heading\" data-id=\"b5fa137\" data-element_type=\"widget\" data-e-type=\"widget\" data-widget_type=\"heading.default\">\n\t\t\t\t<div class=\"elementor-widget-container\">\n\t\t\t\t\t<h4 class=\"elementor-heading-title elementor-size-default\">Odwied\u017a nas osobi\u015bcie<\/h4>\t\t\t\t<\/div>\n\t\t\t\t<\/div>\n\t\t\t\t<div class=\"elementor-element elementor-element-c6c4497 elementor-widget elementor-widget-text-editor\" data-id=\"c6c4497\" data-element_type=\"widget\" data-e-type=\"widget\" data-widget_type=\"text-editor.default\">\n\t\t\t\t<div class=\"elementor-widget-container\">\n\t\t\t\t\t\t\t\t\t<p>Je\u015bli jeste\u015b ju\u017c w okolicy i chcesz porozmawia\u0107 z nami osobi\u015bcie, zapraszamy do naszego biura:<br \/><a href=\"https:\/\/www.google.com\/maps\/place\/Kingfisher+Boat+%26+Kayak+-+Lake+Skadar\/@42.2462213,19.090338,19.04z\/data=!4m6!3m5!1s0x134dd9549bc0c57f:0x26db9db5c8978ffe!8m2!3d42.2462864!4d19.0909338!16s%2Fg%2F11fy9qnr7q?entry=ttu&amp;g_ep=EgoyMDI1MDIwOS4wIKXMDSoASAFQAw%3D%3D\" target=\"_blank\" rel=\"noopener\">Kingfisher Boat &amp; Kayak &#8211; Lake Skadar, P16, Virpazar Montenegro<\/a>. Ch\u0119tnie Ci\u0119<br \/>poznamy i pomo\u017cemy zaplanowa\u0107 Twoj\u0105 przygod\u0119!<\/p>\n\t\t\t\t\t\t\t\t<\/div>\n\t\t\t\t<\/div>\n\t\t\t\t<div class=\"elementor-element elementor-element-26047d5 elementor-widget elementor-widget-heading\" data-id=\"26047d5\" data-element_type=\"widget\" data-e-type=\"widget\" data-widget_type=\"heading.default\">\n\t\t\t\t<div class=\"elementor-widget-container\">\n\t\t\t\t\t<h2 class=\"elementor-heading-title elementor-size-default\">Dlaczego warto si\u0119 z nami skontaktowa\u0107?<\/h2>\t\t\t\t<\/div>\n\t\t\t\t<\/div>\n\t\t\t\t<div class=\"elementor-element elementor-element-087f6ca elementor-widget elementor-widget-text-editor\" data-id=\"087f6ca\" data-element_type=\"widget\" data-e-type=\"widget\" data-widget_type=\"text-editor.default\">\n\t\t\t\t<div class=\"elementor-widget-container\">\n\t\t\t\t\t\t\t\t\t<p>Nasz\u0105 pasj\u0105 jest tworzenie niezapomnianych wra\u017ce\u0144 dla naszych go\u015bci. Niezale\u017cnie od tego, czy planujesz relaksuj\u0105c\u0105 przeja\u017cd\u017ck\u0119 \u0142odzi\u0105, prywatn\u0105 romantyczn\u0105 ucieczk\u0119, czy grupow\u0105 przygod\u0119, jeste\u015bmy tutaj, aby to urzeczywistni\u0107. Twoje pytania i opinie s\u0105 zawsze mile widziane!<\/p>\n\t\t\t\t\t\t\t\t<\/div>\n\t\t\t\t<\/div>\n\t\t\t\t\t<\/div>\n\t\t\t\t<\/div>\n\t\t\t\t<\/div>\n\t\t","protected":false},"excerpt":{"rendered":"<p>Chcieliby\u015bmy us\u0142ysze\u0107 od Ciebie Niezale\u017cnie od tego, czy masz pytania dotycz\u0105ce naszych wycieczek, opcji rezerwacji lub personalizacji, jeste\u015bmy tu, aby Ci pom\u00f3c! Nasz zesp\u00f3\u0142 ekspert\u00f3w jest gotowy, aby Ci pom\u00f3c i sprawi\u0107, \u017ce Twoja przygoda z Jeziorem Szkoderskim b\u0119dzie tak p\u0142ynna i przyjemna, jak to tylko mo\u017cliwe. Jak si\u0119 skontaktowa\u0107 W przypadku zapyta\u0144 og\u00f3lnych W [&hellip;]<\/p>\n","protected":false},"author":3,"featured_media":8158,"parent":0,"menu_order":0,"comment_status":"closed","ping_status":"closed","template":"","meta":{"_seopress_robots_primary_cat":"","_seopress_titles_title":"Rejsy \u0142odzi\u0105 po Jeziorze Szkoderskim dla podr\u00f3\u017cnik\u00f3w | Autentyczna Czarnog\u00f3ra","_seopress_titles_desc":"Odkryj ukryte skarby Jeziora Szkoderskiego podczas naszych rejs\u00f3w \u0142odzi\u0105. Poznaj lokaln\u0105 kultur\u0119, przyrod\u0119 i obserwacj\u0119 ptak\u00f3w. Zarezerwuj swoj\u0105 przygod\u0119 w Czarnog\u00f3rze ju\u017c teraz!","_seopress_robots_index":"","footnotes":""},"class_list":["post-7366","page","type-page","status-publish","has-post-thumbnail","hentry"],"_links":{"self":[{"href":"https:\/\/skadarlakeboatcruise.com\/pl\/wp-json\/wp\/v2\/pages\/7366","targetHints":{"allow":["GET"]}}],"collection":[{"href":"https:\/\/skadarlakeboatcruise.com\/pl\/wp-json\/wp\/v2\/pages"}],"about":[{"href":"https:\/\/skadarlakeboatcruise.com\/pl\/wp-json\/wp\/v2\/types\/page"}],"author":[{"embeddable":true,"href":"https:\/\/skadarlakeboatcruise.com\/pl\/wp-json\/wp\/v2\/users\/3"}],"replies":[{"embeddable":true,"href":"https:\/\/skadarlakeboatcruise.com\/pl\/wp-json\/wp\/v2\/comments?post=7366"}],"version-history":[{"count":2,"href":"https:\/\/skadarlakeboatcruise.com\/pl\/wp-json\/wp\/v2\/pages\/7366\/revisions"}],"predecessor-version":[{"id":9330,"href":"https:\/\/skadarlakeboatcruise.com\/pl\/wp-json\/wp\/v2\/pages\/7366\/revisions\/9330"}],"wp:featuredmedia":[{"embeddable":true,"href":"https:\/\/skadarlakeboatcruise.com\/pl\/wp-json\/wp\/v2\/media\/8158"}],"wp:attachment":[{"href":"https:\/\/skadarlakeboatcruise.com\/pl\/wp-json\/wp\/v2\/media?parent=7366"}],"curies":[{"name":"wp","href":"https:\/\/api.w.org\/{rel}","templated":true}]}}