{"id":7368,"date":"2025-02-14T16:08:11","date_gmt":"2025-02-14T15:08:11","guid":{"rendered":"https:\/\/skadarlakeboatcruise.com\/wspolpraca\/"},"modified":"2025-02-28T20:33:25","modified_gmt":"2025-02-28T19:33:25","slug":"wspolpraca","status":"publish","type":"page","link":"https:\/\/skadarlakeboatcruise.com\/pl\/wspolpraca\/","title":{"rendered":"Wsp\u00f3\u0142praca"},"content":{"rendered":"\t\t<div data-elementor-type=\"wp-page\" data-elementor-id=\"7368\" class=\"elementor elementor-7368 elementor-7178\" data-elementor-post-type=\"page\">\n\t\t\t\t<div class=\"elementor-element elementor-element-cc69c37 e-flex e-con-boxed e-con e-parent\" data-id=\"cc69c37\" data-element_type=\"container\" data-e-type=\"container\" data-settings=\"{&quot;jet_parallax_layout_list&quot;:[],&quot;background_background&quot;:&quot;classic&quot;,&quot;shape_divider_top&quot;:&quot;waves&quot;}\">\n\t\t\t\t\t<div class=\"e-con-inner\">\n\t\t\t\t<div class=\"elementor-shape elementor-shape-top\" aria-hidden=\"true\" data-negative=\"false\">\n\t\t\t<svg xmlns=\"http:\/\/www.w3.org\/2000\/svg\" viewBox=\"0 0 1000 100\" preserveAspectRatio=\"none\">\n\t<path class=\"elementor-shape-fill\" d=\"M421.9,6.5c22.6-2.5,51.5,0.4,75.5,5.3c23.6,4.9,70.9,23.5,100.5,35.7c75.8,32.2,133.7,44.5,192.6,49.7\n\tc23.6,2.1,48.7,3.5,103.4-2.5c54.7-6,106.2-25.6,106.2-25.6V0H0v30.3c0,0,72,32.6,158.4,30.5c39.2-0.7,92.8-6.7,134-22.4\n\tc21.2-8.1,52.2-18.2,79.7-24.2C399.3,7.9,411.6,7.5,421.9,6.5z\"\/>\n<\/svg>\t\t<\/div>\n\t\t\t\t\t<\/div>\n\t\t\t\t<\/div>\n\t\t<div class=\"elementor-element elementor-element-e99f6de e-flex e-con-boxed e-con e-parent\" data-id=\"e99f6de\" data-element_type=\"container\" data-e-type=\"container\" data-settings=\"{&quot;jet_parallax_layout_list&quot;:[]}\">\n\t\t\t\t\t<div class=\"e-con-inner\">\n\t\t\t\t<div class=\"elementor-element elementor-element-e23829b elementor-widget elementor-widget-heading\" data-id=\"e23829b\" data-element_type=\"widget\" data-e-type=\"widget\" data-widget_type=\"heading.default\">\n\t\t\t\t<div class=\"elementor-widget-container\">\n\t\t\t\t\t<h2 class=\"elementor-heading-title elementor-size-default\">Pracujmy razem!<\/h2>\t\t\t\t<\/div>\n\t\t\t\t<\/div>\n\t\t\t\t<div class=\"elementor-element elementor-element-4705d6b elementor-widget elementor-widget-text-editor\" data-id=\"4705d6b\" data-element_type=\"widget\" data-e-type=\"widget\" data-widget_type=\"text-editor.default\">\n\t\t\t\t<div class=\"elementor-widget-container\">\n\t\t\t\t\t\t\t\t\t<p>Czy lubisz podr\u00f3\u017ce, przyrod\u0119, opowiadanie historii lub odkrywanie ukrytych skarb\u00f3w? Masz w sobie iskr\u0119 tw\u00f3rcz\u0105 i pasj\u0119 dzielenia si\u0119 cudami \u015bwiata z innymi? Je\u015bli tak, czeka Ci\u0119 nie lada gratka \u2013 oferujemy wyj\u0105tkow\u0105 okazj\u0119 do wsp\u00f3\u0142pracy z nami przy promowaniu pi\u0119kna Jeziora Szkoderskiego!<\/p>\n<p>W Kingfisher jeste\u015bmy czym\u015b wi\u0119cej ni\u017c tylko organizatorem wycieczek \u2014 jeste\u015bmy gaw\u0119dziarzami, poszukiwaczami przyg\u00f3d i entuzjastami przyrody. Wierzymy w nawi\u0105zywanie kontaktu z osobami o podobnych pogl\u0105dach, kt\u00f3re mog\u0105 pom\u00f3c nam dzieli\u0107 si\u0119 ze \u015bwiatem pi\u0119knem Jeziora Szkoderskiego i Czarnog\u00f3ry. Niezale\u017cnie od tego, czy jeste\u015b pisarzem, fotografem, influencerem, czy po prostu osob\u0105 o wyj\u0105tkowej perspektywie, chcemy pozna\u0107 Twoj\u0105 opini\u0119!<\/p>\n<p>To Twoja szansa, aby do\u0142\u0105czy\u0107 do nas i \u015bwi\u0119towa\u0107 jedno z najbardziej zapieraj\u0105cych dech w piersiach i najspokojniejszych miejsc na \u015bwiecie. Razem mo\u017cemy zainspirowa\u0107 innych do odkrywania, odkrywania i zakochiwania si\u0119 w naturze.<\/p>\n\t\t\t\t\t\t\t\t<\/div>\n\t\t\t\t<\/div>\n\t\t\t\t<div class=\"elementor-element elementor-element-f94a1a9 elementor-widget elementor-widget-heading\" data-id=\"f94a1a9\" data-element_type=\"widget\" data-e-type=\"widget\" data-widget_type=\"heading.default\">\n\t\t\t\t<div class=\"elementor-widget-container\">\n\t\t\t\t\t<h2 class=\"elementor-heading-title elementor-size-default\">Kogo szukamy<\/h2>\t\t\t\t<\/div>\n\t\t\t\t<\/div>\n\t\t\t\t<div class=\"elementor-element elementor-element-0360066 elementor-widget elementor-widget-text-editor\" data-id=\"0360066\" data-element_type=\"widget\" data-e-type=\"widget\" data-widget_type=\"text-editor.default\">\n\t\t\t\t<div class=\"elementor-widget-container\">\n\t\t\t\t\t\t\t\t\t<p>Poszukujemy os\u00f3b z pasj\u0105 z r\u00f3\u017cnych dziedzin kreatywnych. Je\u015bli widzisz siebie w kt\u00f3rej\u015b z poni\u017cszych kategorii, stw\u00f3rzmy razem co\u015b niesamowitego:<\/p>\n\t\t\t\t\t\t\t\t<\/div>\n\t\t\t\t<\/div>\n\t\t\t\t<div class=\"elementor-element elementor-element-ef19691 elementor-widget elementor-widget-heading\" data-id=\"ef19691\" data-element_type=\"widget\" data-e-type=\"widget\" data-widget_type=\"heading.default\">\n\t\t\t\t<div class=\"elementor-widget-container\">\n\t\t\t\t\t<h4 class=\"elementor-heading-title elementor-size-default\">Dziennikarze<\/h4>\t\t\t\t<\/div>\n\t\t\t\t<\/div>\n\t\t\t\t<div class=\"elementor-element elementor-element-b8a4bc7 elementor-widget elementor-widget-text-editor\" data-id=\"b8a4bc7\" data-element_type=\"widget\" data-e-type=\"widget\" data-widget_type=\"text-editor.default\">\n\t\t\t\t<div class=\"elementor-widget-container\">\n\t\t\t\t\t\t\t\t\t<p>Czy jeste\u015b dziennikarzem, kt\u00f3rego pasj\u0105 jest odkrywanie fascynuj\u0105cych historii? Je\u015bli pasjonujesz si\u0119 przyrod\u0105, kultur\u0105 i warto\u015bciowymi do\u015bwiadczeniami z podr\u00f3\u017cy, jeste\u015b dok\u0142adnie osob\u0105, z kt\u00f3r\u0105 chcemy pracowa\u0107. Poprzez swoje teksty mo\u017cesz pom\u00f3c nam opowiedzie\u0107 histori\u0119 Jeziora Szkoderskiego \u2013 jego wyj\u0105tkow\u0105 przyrod\u0119, bogat\u0105 histori\u0119 i ukryte skarby. Pracujmy razem, aby stworzy\u0107 wci\u0105gaj\u0105ce historie, kt\u00f3re po\u0142\u0105cz\u0105 ludzi na ca\u0142ym \u015bwiecie.<\/p>\n\t\t\t\t\t\t\t\t<\/div>\n\t\t\t\t<\/div>\n\t\t\t\t<div class=\"elementor-element elementor-element-32003f7 elementor-widget elementor-widget-heading\" data-id=\"32003f7\" data-element_type=\"widget\" data-e-type=\"widget\" data-widget_type=\"heading.default\">\n\t\t\t\t<div class=\"elementor-widget-container\">\n\t\t\t\t\t<h4 class=\"elementor-heading-title elementor-size-default\">Fotografowie<\/h4>\t\t\t\t<\/div>\n\t\t\t\t<\/div>\n\t\t\t\t<div class=\"elementor-element elementor-element-b6a5777 elementor-widget elementor-widget-text-editor\" data-id=\"b6a5777\" data-element_type=\"widget\" data-e-type=\"widget\" data-widget_type=\"text-editor.default\">\n\t\t\t\t<div class=\"elementor-widget-container\">\n\t\t\t\t\t\t\t\t\t<p>Masz talent do uwieczniania niezapomnianych chwil? Niezale\u017cnie od tego, czy jest to t\u0119tni\u0105ca \u017cyciem przyroda, spokojne krajobrazy, czy z\u0142ote odcienie zachodu s\u0142o\u0144ca nad Jeziorem Szkoderskim, z ch\u0119ci\u0105 zaprezentujemy Twoje zdj\u0119cia. Twoja praca mo\u017ce pom\u00f3c nam przedstawi\u0107 ludziom naturalne pi\u0119kno tego obszaru i zainspirowa\u0107 ich do odwiedzenia. Je\u015bli pasjonujesz si\u0119 wykorzystaniem obiektywu do opowiadania historii, po\u0142\u0105czmy si\u0142y i stw\u00f3rzmy co\u015b niezwyk\u0142ego.<\/p>\n\t\t\t\t\t\t\t\t<\/div>\n\t\t\t\t<\/div>\n\t\t\t\t<div class=\"elementor-element elementor-element-3739d42 elementor-widget elementor-widget-heading\" data-id=\"3739d42\" data-element_type=\"widget\" data-e-type=\"widget\" data-widget_type=\"heading.default\">\n\t\t\t\t<div class=\"elementor-widget-container\">\n\t\t\t\t\t<h4 class=\"elementor-heading-title elementor-size-default\">Blogerzy podr\u00f3\u017cniczy<\/h4>\t\t\t\t<\/div>\n\t\t\t\t<\/div>\n\t\t\t\t<div class=\"elementor-element elementor-element-3447bec elementor-widget elementor-widget-text-editor\" data-id=\"3447bec\" data-element_type=\"widget\" data-e-type=\"widget\" data-widget_type=\"text-editor.default\">\n\t\t\t\t<div class=\"elementor-widget-container\">\n\t\t\t\t\t\t\t\t\t<p>Je\u015bli jeste\u015b blogerem podr\u00f3\u017cniczym, znasz si\u0142\u0119 opowiadania historii i osobistych do\u015bwiadcze\u0144. Twoja perspektywa ma znaczenie, niezale\u017cnie od tego, czy specjalizujesz si\u0119 w przygodach na uboczu, luksusowych podr\u00f3\u017cach czy miejscach przyjaznych rodzinie. Wyobra\u017a sobie, \u017ce dzielisz si\u0119 swoj\u0105 podr\u00f3\u017c\u0105, odkrywaj\u0105c krystalicznie czyste wody Jeziora Szkoderskiego, odkrywaj\u0105c jego urocze wioski lub do\u015bwiadczaj\u0105c magicznych zachod\u00f3w s\u0142o\u0144ca. Tw\u00f3j g\u0142os mo\u017ce zainspirowa\u0107 niezliczone rzesze innych os\u00f3b do odwiedzenia tego ukrytego klejnotu.<\/p>\n\t\t\t\t\t\t\t\t<\/div>\n\t\t\t\t<\/div>\n\t\t\t\t<div class=\"elementor-element elementor-element-f18189e elementor-widget elementor-widget-heading\" data-id=\"f18189e\" data-element_type=\"widget\" data-e-type=\"widget\" data-widget_type=\"heading.default\">\n\t\t\t\t<div class=\"elementor-widget-container\">\n\t\t\t\t\t<h4 class=\"elementor-heading-title elementor-size-default\">Influencerzy<\/h4>\t\t\t\t<\/div>\n\t\t\t\t<\/div>\n\t\t\t\t<div class=\"elementor-element elementor-element-5bd999c elementor-widget elementor-widget-text-editor\" data-id=\"5bd999c\" data-element_type=\"widget\" data-e-type=\"widget\" data-widget_type=\"text-editor.default\">\n\t\t\t\t<div class=\"elementor-widget-container\">\n\t\t\t\t\t\t\t\t\t<p>Czy jeste\u015b aktywny na TikToku, Instagramie lub YouTube? Czy masz fan\u00f3w, kt\u00f3rzy kochaj\u0105 podr\u00f3\u017ce, jedzenie lub wyj\u0105tkowe do\u015bwiadczenia? Poszukujemy influencer\u00f3w, kt\u00f3rzy wiedz\u0105, jak wizualnie przyku\u0107 uwag\u0119 odbiorc\u00f3w. Je\u015bli mieszkasz w Czarnog\u00f3rze lub planujesz tu wkr\u00f3tce podr\u00f3\u017c, nawi\u0105\u017cmy wsp\u00f3\u0142prac\u0119, aby stworzy\u0107 tre\u015bci przedstawiaj\u0105ce pi\u0119kno i przygod\u0119 Jeziora Szkoderskiego. Od rejs\u00f3w \u0142odzi\u0105 o wschodzie s\u0142o\u0144ca po lokaln\u0105 kuchni\u0119 \u2013 Twoja kreatywno\u015b\u0107 mo\u017ce o\u017cywi\u0107 to miejsce dla Twoich obserwuj\u0105cych.<\/p>\n\t\t\t\t\t\t\t\t<\/div>\n\t\t\t\t<\/div>\n\t\t\t\t<div class=\"elementor-element elementor-element-084424d elementor-widget elementor-widget-heading\" data-id=\"084424d\" data-element_type=\"widget\" data-e-type=\"widget\" data-widget_type=\"heading.default\">\n\t\t\t\t<div class=\"elementor-widget-container\">\n\t\t\t\t\t<h4 class=\"elementor-heading-title elementor-size-default\">Mi\u0142o\u015bnicy przyrody i poszukiwacze przyg\u00f3d<\/h4>\t\t\t\t<\/div>\n\t\t\t\t<\/div>\n\t\t\t\t<div class=\"elementor-element elementor-element-2622823 elementor-widget elementor-widget-text-editor\" data-id=\"2622823\" data-element_type=\"widget\" data-e-type=\"widget\" data-widget_type=\"text-editor.default\">\n\t\t\t\t<div class=\"elementor-widget-container\">\n\t\t\t\t\t\t\t\t\t<p>Nawet je\u015bli nie pasujesz do powy\u017cszych kategorii, nie wahaj si\u0119 i skontaktuj si\u0119 z nami! Je\u015bli pasjonujesz si\u0119 przyrod\u0105, podr\u00f3\u017cami i eksploracj\u0105, ch\u0119tnie poznamy Twoje pomys\u0142y. Niezale\u017cnie od tego, czy jeste\u015b kamerzyst\u0105, pilotem drona, czy osob\u0105 o \u015bwie\u017cym spojrzeniu, znajd\u017amy spos\u00f3b na wsp\u00f3\u0142prac\u0119.<\/p>\n\t\t\t\t\t\t\t\t<\/div>\n\t\t\t\t<\/div>\n\t\t\t\t<div class=\"elementor-element elementor-element-5e82063 elementor-widget elementor-widget-heading\" data-id=\"5e82063\" data-element_type=\"widget\" data-e-type=\"widget\" data-widget_type=\"heading.default\">\n\t\t\t\t<div class=\"elementor-widget-container\">\n\t\t\t\t\t<h2 class=\"elementor-heading-title elementor-size-default\">Dlaczego warto z nami wsp\u00f3\u0142pracowa\u0107?<\/h2>\t\t\t\t<\/div>\n\t\t\t\t<\/div>\n\t\t\t\t<div class=\"elementor-element elementor-element-dcf8a18 elementor-widget elementor-widget-text-editor\" data-id=\"dcf8a18\" data-element_type=\"widget\" data-e-type=\"widget\" data-widget_type=\"text-editor.default\">\n\t\t\t\t<div class=\"elementor-widget-container\">\n\t\t\t\t\t\t\t\t\t<p>Poszukujemy wsp\u00f3\u0142pracownik\u00f3w i partner\u00f3w, kt\u00f3rzy chc\u0105 wsp\u00f3lnie si\u0119 rozwija\u0107. Oto czego mo\u017cesz si\u0119 spodziewa\u0107 wsp\u00f3\u0142pracuj\u0105c z nami:<\/p>\n\t\t\t\t\t\t\t\t<\/div>\n\t\t\t\t<\/div>\n\t\t\t\t<div class=\"elementor-element elementor-element-baa3aba elementor-align-start elementor-icon-list--layout-traditional elementor-list-item-link-full_width elementor-widget elementor-widget-icon-list\" data-id=\"baa3aba\" data-element_type=\"widget\" data-e-type=\"widget\" data-widget_type=\"icon-list.default\">\n\t\t\t\t<div class=\"elementor-widget-container\">\n\t\t\t\t\t\t\t<ul class=\"elementor-icon-list-items\">\n\t\t\t\t\t\t\t<li class=\"elementor-icon-list-item\">\n\t\t\t\t\t\t\t\t\t\t\t<span class=\"elementor-icon-list-icon\">\n\t\t\t\t\t\t\t<svg aria-hidden=\"true\" class=\"e-font-icon-svg e-far-check-circle\" viewBox=\"0 0 512 512\" xmlns=\"http:\/\/www.w3.org\/2000\/svg\"><path d=\"M256 8C119.033 8 8 119.033 8 256s111.033 248 248 248 248-111.033 248-248S392.967 8 256 8zm0 48c110.532 0 200 89.451 200 200 0 110.532-89.451 200-200 200-110.532 0-200-89.451-200-200 0-110.532 89.451-200 200-200m140.204 130.267l-22.536-22.718c-4.667-4.705-12.265-4.736-16.97-.068L215.346 303.697l-59.792-60.277c-4.667-4.705-12.265-4.736-16.97-.069l-22.719 22.536c-4.705 4.667-4.736 12.265-.068 16.971l90.781 91.516c4.667 4.705 12.265 4.736 16.97.068l172.589-171.204c4.704-4.668 4.734-12.266.067-16.971z\"><\/path><\/svg>\t\t\t\t\t\t<\/span>\n\t\t\t\t\t\t\t\t\t\t<span class=\"elementor-icon-list-text\"><span><b>Osza\u0142amiaj\u0105ce t\u0142o: <\/b><\/span>dzi\u0119ki spokojnym wodom i t\u0119tni\u0105cej \u017cyciem dzikiej przyrodzie Jezioro Szkoderskie jest wymarzonym miejscem dla tw\u00f3rc\u00f3w, oferuj\u0105cym wspania\u0142e t\u0142o dla Twojej pracy.<\/span>\n\t\t\t\t\t\t\t\t\t<\/li>\n\t\t\t\t\t\t\t\t<li class=\"elementor-icon-list-item\">\n\t\t\t\t\t\t\t\t\t\t\t<span class=\"elementor-icon-list-icon\">\n\t\t\t\t\t\t\t<svg aria-hidden=\"true\" class=\"e-font-icon-svg e-far-check-circle\" viewBox=\"0 0 512 512\" xmlns=\"http:\/\/www.w3.org\/2000\/svg\"><path d=\"M256 8C119.033 8 8 119.033 8 256s111.033 248 248 248 248-111.033 248-248S392.967 8 256 8zm0 48c110.532 0 200 89.451 200 200 0 110.532-89.451 200-200 200-110.532 0-200-89.451-200-200 0-110.532 89.451-200 200-200m140.204 130.267l-22.536-22.718c-4.667-4.705-12.265-4.736-16.97-.068L215.346 303.697l-59.792-60.277c-4.667-4.705-12.265-4.736-16.97-.069l-22.719 22.536c-4.705 4.667-4.736 12.265-.068 16.971l90.781 91.516c4.667 4.705 12.265 4.736 16.97.068l172.589-171.204c4.704-4.668 4.734-12.266.067-16.971z\"><\/path><\/svg>\t\t\t\t\t\t<\/span>\n\t\t\t\t\t\t\t\t\t\t<span class=\"elementor-icon-list-text\"><span><b>Wolno\u015b\u0107 tw\u00f3rcza: <\/b><\/span>w Kingfisher cenimy Tw\u00f3j niepowtarzalny g\u0142os i wizj\u0119. Niezale\u017cnie od tego, czy jeste\u015b pisarzem, fotografem czy influencerem, chcemy, aby\u015b poczu\u0142 inspiracj\u0119 i swobod\u0119 tworzenia.<\/span>\n\t\t\t\t\t\t\t\t\t<\/li>\n\t\t\t\t\t\t\t\t<li class=\"elementor-icon-list-item\">\n\t\t\t\t\t\t\t\t\t\t\t<span class=\"elementor-icon-list-icon\">\n\t\t\t\t\t\t\t<svg aria-hidden=\"true\" class=\"e-font-icon-svg e-far-check-circle\" viewBox=\"0 0 512 512\" xmlns=\"http:\/\/www.w3.org\/2000\/svg\"><path d=\"M256 8C119.033 8 8 119.033 8 256s111.033 248 248 248 248-111.033 248-248S392.967 8 256 8zm0 48c110.532 0 200 89.451 200 200 0 110.532-89.451 200-200 200-110.532 0-200-89.451-200-200 0-110.532 89.451-200 200-200m140.204 130.267l-22.536-22.718c-4.667-4.705-12.265-4.736-16.97-.068L215.346 303.697l-59.792-60.277c-4.667-4.705-12.265-4.736-16.97-.069l-22.719 22.536c-4.705 4.667-4.736 12.265-.068 16.971l90.781 91.516c4.667 4.705 12.265 4.736 16.97.068l172.589-171.204c4.704-4.668 4.734-12.266.067-16.971z\"><\/path><\/svg>\t\t\t\t\t\t<\/span>\n\t\t\t\t\t\t\t\t\t\t<span class=\"elementor-icon-list-text\"><span><b>Szansa na wywarcie wp\u0142ywu: <\/b><\/span>dziel\u0105c si\u0119 pi\u0119knem Jeziora Szkoderskiego, nie tylko tworzysz urzekaj\u0105ce tre\u015bci, ale tak\u017ce pomagasz promowa\u0107 zr\u00f3wnowa\u017con\u0105 turystyk\u0119 i w znacz\u0105cy spos\u00f3b \u0142\u0105czysz ludzi z natur\u0105. To odpowiedzialno\u015b\u0107, kt\u00f3r\u0105 z dum\u0105 mo\u017cemy si\u0119 z Tob\u0105 podzieli\u0107.<\/span>\n\t\t\t\t\t\t\t\t\t<\/li>\n\t\t\t\t\t\t\t\t<li class=\"elementor-icon-list-item\">\n\t\t\t\t\t\t\t\t\t\t\t<span class=\"elementor-icon-list-icon\">\n\t\t\t\t\t\t\t<svg aria-hidden=\"true\" class=\"e-font-icon-svg e-far-check-circle\" viewBox=\"0 0 512 512\" xmlns=\"http:\/\/www.w3.org\/2000\/svg\"><path d=\"M256 8C119.033 8 8 119.033 8 256s111.033 248 248 248 248-111.033 248-248S392.967 8 256 8zm0 48c110.532 0 200 89.451 200 200 0 110.532-89.451 200-200 200-110.532 0-200-89.451-200-200 0-110.532 89.451-200 200-200m140.204 130.267l-22.536-22.718c-4.667-4.705-12.265-4.736-16.97-.068L215.346 303.697l-59.792-60.277c-4.667-4.705-12.265-4.736-16.97-.069l-22.719 22.536c-4.705 4.667-4.736 12.265-.068 16.971l90.781 91.516c4.667 4.705 12.265 4.736 16.97.068l172.589-171.204c4.704-4.668 4.734-12.266.067-16.971z\"><\/path><\/svg>\t\t\t\t\t\t<\/span>\n\t\t\t\t\t\t\t\t\t\t<span class=\"elementor-icon-list-text\"><span><b>Wspieraj\u0105ce partnerstwo: <\/b><\/span>jeste\u015bmy tutaj, aby wsp\u00f3\u0142pracowa\u0107 z Tob\u0105 na ka\u017cdym kroku, oferuj\u0105c wskaz\u00f3wki, spostrze\u017cenia i wsp\u00f3ln\u0105 pasj\u0119 do tego, co robimy.<\/span>\n\t\t\t\t\t\t\t\t\t<\/li>\n\t\t\t\t\t\t<\/ul>\n\t\t\t\t\t\t<\/div>\n\t\t\t\t<\/div>\n\t\t\t\t<div class=\"elementor-element elementor-element-d8caf31 elementor-widget elementor-widget-heading\" data-id=\"d8caf31\" data-element_type=\"widget\" data-e-type=\"widget\" data-widget_type=\"heading.default\">\n\t\t\t\t<div class=\"elementor-widget-container\">\n\t\t\t\t\t<h2 class=\"elementor-heading-title elementor-size-default\">Jak si\u0119 skontaktowa\u0107<\/h2>\t\t\t\t<\/div>\n\t\t\t\t<\/div>\n\t\t\t\t<div class=\"elementor-element elementor-element-e9aa53a elementor-widget elementor-widget-text-editor\" data-id=\"e9aa53a\" data-element_type=\"widget\" data-e-type=\"widget\" data-widget_type=\"text-editor.default\">\n\t\t\t\t<div class=\"elementor-widget-container\">\n\t\t\t\t\t\t\t\t\t<p>Gotowy do wsp\u00f3\u0142pracy? Bardzo chcieliby\u015bmy us\u0142ysze\u0107 od Ciebie! Oto jak mo\u017cesz zacz\u0105\u0107:<\/p>\n\t\t\t\t\t\t\t\t<\/div>\n\t\t\t\t<\/div>\n\t\t\t\t<div class=\"elementor-element elementor-element-05811cf elementor-align-start elementor-icon-list--layout-traditional elementor-list-item-link-full_width elementor-widget elementor-widget-icon-list\" data-id=\"05811cf\" data-element_type=\"widget\" data-e-type=\"widget\" data-widget_type=\"icon-list.default\">\n\t\t\t\t<div class=\"elementor-widget-container\">\n\t\t\t\t\t\t\t<ul class=\"elementor-icon-list-items\">\n\t\t\t\t\t\t\t<li class=\"elementor-icon-list-item\">\n\t\t\t\t\t\t\t\t\t\t\t<span class=\"elementor-icon-list-icon\">\n\t\t\t\t\t\t\t<svg aria-hidden=\"true\" class=\"e-font-icon-svg e-far-check-circle\" viewBox=\"0 0 512 512\" xmlns=\"http:\/\/www.w3.org\/2000\/svg\"><path d=\"M256 8C119.033 8 8 119.033 8 256s111.033 248 248 248 248-111.033 248-248S392.967 8 256 8zm0 48c110.532 0 200 89.451 200 200 0 110.532-89.451 200-200 200-110.532 0-200-89.451-200-200 0-110.532 89.451-200 200-200m140.204 130.267l-22.536-22.718c-4.667-4.705-12.265-4.736-16.97-.068L215.346 303.697l-59.792-60.277c-4.667-4.705-12.265-4.736-16.97-.069l-22.719 22.536c-4.705 4.667-4.736 12.265-.068 16.971l90.781 91.516c4.667 4.705 12.265 4.736 16.97.068l172.589-171.204c4.704-4.668 4.734-12.266.067-16.971z\"><\/path><\/svg>\t\t\t\t\t\t<\/span>\n\t\t\t\t\t\t\t\t\t\t<span class=\"elementor-icon-list-text\"><span><b>Przedstaw si\u0119: <\/b><\/span>Opowiedz nam troch\u0119 o tym, kim jeste\u015b, czym si\u0119 zajmujesz i dlaczego jeste\u015b zainteresowany wsp\u00f3\u0142prac\u0105 z nami.<\/span>\n\t\t\t\t\t\t\t\t\t<\/li>\n\t\t\t\t\t\t\t\t<li class=\"elementor-icon-list-item\">\n\t\t\t\t\t\t\t\t\t\t\t<span class=\"elementor-icon-list-icon\">\n\t\t\t\t\t\t\t<svg aria-hidden=\"true\" class=\"e-font-icon-svg e-far-check-circle\" viewBox=\"0 0 512 512\" xmlns=\"http:\/\/www.w3.org\/2000\/svg\"><path d=\"M256 8C119.033 8 8 119.033 8 256s111.033 248 248 248 248-111.033 248-248S392.967 8 256 8zm0 48c110.532 0 200 89.451 200 200 0 110.532-89.451 200-200 200-110.532 0-200-89.451-200-200 0-110.532 89.451-200 200-200m140.204 130.267l-22.536-22.718c-4.667-4.705-12.265-4.736-16.97-.068L215.346 303.697l-59.792-60.277c-4.667-4.705-12.265-4.736-16.97-.069l-22.719 22.536c-4.705 4.667-4.736 12.265-.068 16.971l90.781 91.516c4.667 4.705 12.265 4.736 16.97.068l172.589-171.204c4.704-4.668 4.734-12.266.067-16.971z\"><\/path><\/svg>\t\t\t\t\t\t<\/span>\n\t\t\t\t\t\t\t\t\t\t<span class=\"elementor-icon-list-text\"><span><b>Podziel si\u0119 swoj\u0105 wiedz\u0105: <\/b><\/span>jeste\u015b pisarzem, fotografem lub influencerem? Daj nam zna\u0107, jak chcesz wsp\u00f3\u0142pracowa\u0107 i co mo\u017cesz wnie\u015b\u0107 do sto\u0142u.<\/span>\n\t\t\t\t\t\t\t\t\t<\/li>\n\t\t\t\t\t\t\t\t<li class=\"elementor-icon-list-item\">\n\t\t\t\t\t\t\t\t\t\t\t<span class=\"elementor-icon-list-icon\">\n\t\t\t\t\t\t\t<svg aria-hidden=\"true\" class=\"e-font-icon-svg e-far-check-circle\" viewBox=\"0 0 512 512\" xmlns=\"http:\/\/www.w3.org\/2000\/svg\"><path d=\"M256 8C119.033 8 8 119.033 8 256s111.033 248 248 248 248-111.033 248-248S392.967 8 256 8zm0 48c110.532 0 200 89.451 200 200 0 110.532-89.451 200-200 200-110.532 0-200-89.451-200-200 0-110.532 89.451-200 200-200m140.204 130.267l-22.536-22.718c-4.667-4.705-12.265-4.736-16.97-.068L215.346 303.697l-59.792-60.277c-4.667-4.705-12.265-4.736-16.97-.069l-22.719 22.536c-4.705 4.667-4.736 12.265-.068 16.971l90.781 91.516c4.667 4.705 12.265 4.736 16.97.068l172.589-171.204c4.704-4.668 4.734-12.266.067-16.971z\"><\/path><\/svg>\t\t\t\t\t\t<\/span>\n\t\t\t\t\t\t\t\t\t\t<span class=\"elementor-icon-list-text\"><span><b>Prosimy o przes\u0142anie nam swojej pracy: <\/b><\/span>Do\u0142\u0105cz linki do swojego portfolio, bloga, kont w mediach spo\u0142eczno\u015bciowych lub innych odpowiednich prac. Ch\u0119tnie zobaczymy Twoj\u0105 tw\u00f3rcz\u0105 iskr\u0119 w akcji!<\/span>\n\t\t\t\t\t\t\t\t\t<\/li>\n\t\t\t\t\t\t<\/ul>\n\t\t\t\t\t\t<\/div>\n\t\t\t\t<\/div>\n\t\t\t\t<div class=\"elementor-element elementor-element-29a8239 elementor-widget elementor-widget-text-editor\" data-id=\"29a8239\" data-element_type=\"widget\" data-e-type=\"widget\" data-widget_type=\"text-editor.default\">\n\t\t\t\t<div class=\"elementor-widget-container\">\n\t\t\t\t\t\t\t\t\t<p>Skontaktuj si\u0119 z nami, wysy\u0142aj\u0105c e-mail na adres <a href=\"mailto:m.vujosevic@skadarlakeboatcruise.com\">m.vujosevic@skadarlakeboatcruise.com<\/a>. Cieszymy si\u0119, \u017ce mo\u017cemy dowiedzie\u0107 si\u0119 o Tobie wi\u0119cej i odkry\u0107, w jaki spos\u00f3b mo\u017cemy wsp\u00f3\u0142pracowa\u0107, aby stworzy\u0107 co\u015b naprawd\u0119 wyj\u0105tkowego.<\/p>\n\t\t\t\t\t\t\t\t<\/div>\n\t\t\t\t<\/div>\n\t\t\t\t<div class=\"elementor-element elementor-element-373272c elementor-widget elementor-widget-heading\" data-id=\"373272c\" data-element_type=\"widget\" data-e-type=\"widget\" data-widget_type=\"heading.default\">\n\t\t\t\t<div class=\"elementor-widget-container\">\n\t\t\t\t\t<h2 class=\"elementor-heading-title elementor-size-default\">Inspirujmy si\u0119 razem<\/h2>\t\t\t\t<\/div>\n\t\t\t\t<\/div>\n\t\t\t\t<div class=\"elementor-element elementor-element-00e43e8 elementor-widget elementor-widget-text-editor\" data-id=\"00e43e8\" data-element_type=\"widget\" data-e-type=\"widget\" data-widget_type=\"text-editor.default\">\n\t\t\t\t<div class=\"elementor-widget-container\">\n\t\t\t\t\t\t\t\t\t<p>Nad Jeziorem Szkoderskim ka\u017cdy wsch\u00f3d s\u0142o\u0144ca jest jak nowa historia, kt\u00f3ra czeka na opowiedzenie. Dzi\u0119ki Twojemu talentowi i kreatywno\u015bci mo\u017cemy dzieli\u0107 si\u0119 tymi historiami i zach\u0119ca\u0107 ludzi na ca\u0142ym \u015bwiecie do nawi\u0105zania kontaktu z tym niesamowitym miejscem. Wi\u0119c co powiesz?<\/p>\n<p>Wsp\u00f3\u0142pracujmy, tw\u00f3rzmy i inspirujmy! Nie mo\u017cemy si\u0119 doczeka\u0107, aby us\u0142ysze\u0107 od Ciebie.<\/p>\n\t\t\t\t\t\t\t\t<\/div>\n\t\t\t\t<\/div>\n\t\t\t\t\t<\/div>\n\t\t\t\t<\/div>\n\t\t\t\t<\/div>\n\t\t","protected":false},"excerpt":{"rendered":"<p>Pracujmy razem! Czy lubisz podr\u00f3\u017ce, przyrod\u0119, opowiadanie historii lub odkrywanie ukrytych skarb\u00f3w? Masz w sobie iskr\u0119 tw\u00f3rcz\u0105 i pasj\u0119 dzielenia si\u0119 cudami \u015bwiata z innymi? Je\u015bli tak, czeka Ci\u0119 nie lada gratka \u2013 oferujemy wyj\u0105tkow\u0105 okazj\u0119 do wsp\u00f3\u0142pracy z nami przy promowaniu pi\u0119kna Jeziora Szkoderskiego! W Kingfisher jeste\u015bmy czym\u015b wi\u0119cej ni\u017c tylko organizatorem wycieczek \u2014 [&hellip;]<\/p>\n","protected":false},"author":3,"featured_media":6483,"parent":0,"menu_order":0,"comment_status":"closed","ping_status":"closed","template":"","meta":{"_seopress_robots_primary_cat":"","_seopress_titles_title":"Partner z Kingfisher: Wsp\u00f3\u0142praca w zakresie turystyki nad jeziorem Skadar","_seopress_titles_desc":"Odkryj mo\u017cliwo\u015bci wsp\u00f3\u0142pracy z Kingfisherem. Do\u0142\u0105cz do nas i oferuj wyj\u0105tkowe eko-przygody, do\u015bwiadczenia kulturalne i zr\u00f3wnowa\u017con\u0105 turystyk\u0119.","_seopress_robots_index":"","footnotes":""},"class_list":["post-7368","page","type-page","status-publish","has-post-thumbnail","hentry"],"_links":{"self":[{"href":"https:\/\/skadarlakeboatcruise.com\/pl\/wp-json\/wp\/v2\/pages\/7368","targetHints":{"allow":["GET"]}}],"collection":[{"href":"https:\/\/skadarlakeboatcruise.com\/pl\/wp-json\/wp\/v2\/pages"}],"about":[{"href":"https:\/\/skadarlakeboatcruise.com\/pl\/wp-json\/wp\/v2\/types\/page"}],"author":[{"embeddable":true,"href":"https:\/\/skadarlakeboatcruise.com\/pl\/wp-json\/wp\/v2\/users\/3"}],"replies":[{"embeddable":true,"href":"https:\/\/skadarlakeboatcruise.com\/pl\/wp-json\/wp\/v2\/comments?post=7368"}],"version-history":[{"count":1,"href":"https:\/\/skadarlakeboatcruise.com\/pl\/wp-json\/wp\/v2\/pages\/7368\/revisions"}],"predecessor-version":[{"id":7369,"href":"https:\/\/skadarlakeboatcruise.com\/pl\/wp-json\/wp\/v2\/pages\/7368\/revisions\/7369"}],"wp:featuredmedia":[{"embeddable":true,"href":"https:\/\/skadarlakeboatcruise.com\/pl\/wp-json\/wp\/v2\/media\/6483"}],"wp:attachment":[{"href":"https:\/\/skadarlakeboatcruise.com\/pl\/wp-json\/wp\/v2\/media?parent=7368"}],"curies":[{"name":"wp","href":"https:\/\/api.w.org\/{rel}","templated":true}]}}