{"id":7370,"date":"2025-02-14T16:08:58","date_gmt":"2025-02-14T15:08:58","guid":{"rendered":"https:\/\/skadarlakeboatcruise.com\/agencje\/"},"modified":"2025-02-28T20:43:50","modified_gmt":"2025-02-28T19:43:50","slug":"agencje","status":"publish","type":"page","link":"https:\/\/skadarlakeboatcruise.com\/pl\/agencje\/","title":{"rendered":"Agencje"},"content":{"rendered":"\t\t<div data-elementor-type=\"wp-page\" data-elementor-id=\"7370\" class=\"elementor elementor-7370 elementor-7182\" data-elementor-post-type=\"page\">\n\t\t\t\t<div class=\"elementor-element elementor-element-3632222 e-flex e-con-boxed e-con e-parent\" data-id=\"3632222\" data-element_type=\"container\" data-e-type=\"container\" data-settings=\"{&quot;jet_parallax_layout_list&quot;:[],&quot;background_background&quot;:&quot;classic&quot;,&quot;shape_divider_top&quot;:&quot;waves&quot;}\">\n\t\t\t\t\t<div class=\"e-con-inner\">\n\t\t\t\t<div class=\"elementor-shape elementor-shape-top\" aria-hidden=\"true\" data-negative=\"false\">\n\t\t\t<svg xmlns=\"http:\/\/www.w3.org\/2000\/svg\" viewBox=\"0 0 1000 100\" preserveAspectRatio=\"none\">\n\t<path class=\"elementor-shape-fill\" d=\"M421.9,6.5c22.6-2.5,51.5,0.4,75.5,5.3c23.6,4.9,70.9,23.5,100.5,35.7c75.8,32.2,133.7,44.5,192.6,49.7\n\tc23.6,2.1,48.7,3.5,103.4-2.5c54.7-6,106.2-25.6,106.2-25.6V0H0v30.3c0,0,72,32.6,158.4,30.5c39.2-0.7,92.8-6.7,134-22.4\n\tc21.2-8.1,52.2-18.2,79.7-24.2C399.3,7.9,411.6,7.5,421.9,6.5z\"\/>\n<\/svg>\t\t<\/div>\n\t\t\t\t\t<\/div>\n\t\t\t\t<\/div>\n\t\t<div class=\"elementor-element elementor-element-fa73c6f e-flex e-con-boxed e-con e-parent\" data-id=\"fa73c6f\" data-element_type=\"container\" data-e-type=\"container\" data-settings=\"{&quot;jet_parallax_layout_list&quot;:[]}\">\n\t\t\t\t\t<div class=\"e-con-inner\">\n\t\t\t\t<div class=\"elementor-element elementor-element-ebae4fe elementor-widget elementor-widget-heading\" data-id=\"ebae4fe\" data-element_type=\"widget\" data-e-type=\"widget\" data-widget_type=\"heading.default\">\n\t\t\t\t<div class=\"elementor-widget-container\">\n\t\t\t\t\t<h2 class=\"elementor-heading-title elementor-size-default\">Wsp\u00f3\u0142pracujmy<\/h2>\t\t\t\t<\/div>\n\t\t\t\t<\/div>\n\t\t\t\t<div class=\"elementor-element elementor-element-72d8d6c elementor-widget elementor-widget-text-editor\" data-id=\"72d8d6c\" data-element_type=\"widget\" data-e-type=\"widget\" data-widget_type=\"text-editor.default\">\n\t\t\t\t<div class=\"elementor-widget-container\">\n\t\t\t\t\t\t\t\t\t<p>Czy jeste\u015b biurem podr\u00f3\u017cy, organizatorem wycieczek lub organizatorem wydarze\u0144, kt\u00f3ry chce zaoferowa\u0107 swoim klientom naprawd\u0119 niezapomniane wra\u017cenia nad Jeziorem Szkoderskim? Chcieliby\u015bmy z Tob\u0105 wsp\u00f3\u0142pracowa\u0107!<\/p>\n<p>Niezale\u017cnie od tego, czy organizujesz wycieczki grupowe, imprezy firmowe, czy ekskluzywne wycieczki prywatne, jeste\u015bmy tutaj, aby zapewni\u0107 p\u0142ynn\u0105 wsp\u00f3\u0142prac\u0119 i<br \/>\nwyj\u0105tkow\u0105 obs\u0142ug\u0119. Jako partner mo\u017cesz uzyska\u0107 dost\u0119p do naszej wiedzy, zasob\u00f3w i spersonalizowanych us\u0142ug. Nasz zesp\u00f3\u0142 dok\u0142ada wszelkich stara\u0144, aby u\u0142atwi\u0107 Ci prac\u0119 i zapewni\u0107 Twoim klientom wyj\u0105tkowy czas nad Jeziorem Szkoderskim. Pracujmy razem, aby stworzy\u0107 do\u015bwiadczenie, kt\u00f3rego Twoi klienci nigdy nie zapomn\u0105!<\/p>\n\t\t\t\t\t\t\t\t<\/div>\n\t\t\t\t<\/div>\n\t\t\t\t<div class=\"elementor-element elementor-element-71155ea elementor-widget elementor-widget-heading\" data-id=\"71155ea\" data-element_type=\"widget\" data-e-type=\"widget\" data-widget_type=\"heading.default\">\n\t\t\t\t<div class=\"elementor-widget-container\">\n\t\t\t\t\t<h2 class=\"elementor-heading-title elementor-size-default\">Dlaczego warto z nami wsp\u00f3\u0142pracowa\u0107?<\/h2>\t\t\t\t<\/div>\n\t\t\t\t<\/div>\n\t\t\t\t<div class=\"elementor-element elementor-element-545583d elementor-widget elementor-widget-text-editor\" data-id=\"545583d\" data-element_type=\"widget\" data-e-type=\"widget\" data-widget_type=\"text-editor.default\">\n\t\t\t\t<div class=\"elementor-widget-container\">\n\t\t\t\t\t\t\t\t\t<p>Jako partner mo\u017cesz oczekiwa\u0107:<\/p>\n\t\t\t\t\t\t\t\t<\/div>\n\t\t\t\t<\/div>\n\t\t\t\t<div class=\"elementor-element elementor-element-6259da4 elementor-align-start elementor-icon-list--layout-traditional elementor-list-item-link-full_width elementor-widget elementor-widget-icon-list\" data-id=\"6259da4\" data-element_type=\"widget\" data-e-type=\"widget\" data-widget_type=\"icon-list.default\">\n\t\t\t\t<div class=\"elementor-widget-container\">\n\t\t\t\t\t\t\t<ul class=\"elementor-icon-list-items\">\n\t\t\t\t\t\t\t<li class=\"elementor-icon-list-item\">\n\t\t\t\t\t\t\t\t\t\t\t<span class=\"elementor-icon-list-icon\">\n\t\t\t\t\t\t\t<svg aria-hidden=\"true\" class=\"e-font-icon-svg e-far-check-circle\" viewBox=\"0 0 512 512\" xmlns=\"http:\/\/www.w3.org\/2000\/svg\"><path d=\"M256 8C119.033 8 8 119.033 8 256s111.033 248 248 248 248-111.033 248-248S392.967 8 256 8zm0 48c110.532 0 200 89.451 200 200 0 110.532-89.451 200-200 200-110.532 0-200-89.451-200-200 0-110.532 89.451-200 200-200m140.204 130.267l-22.536-22.718c-4.667-4.705-12.265-4.736-16.97-.068L215.346 303.697l-59.792-60.277c-4.667-4.705-12.265-4.736-16.97-.069l-22.719 22.536c-4.705 4.667-4.736 12.265-.068 16.971l90.781 91.516c4.667 4.705 12.265 4.736 16.97.068l172.589-171.204c4.704-4.668 4.734-12.266.067-16.971z\"><\/path><\/svg>\t\t\t\t\t\t<\/span>\n\t\t\t\t\t\t\t\t\t\t<span class=\"elementor-icon-list-text\"><span><b>Konkurencyjne prowizje: <\/b><\/span>Oferujemy atrakcyjne stawki prowizji, kt\u00f3re pomog\u0105 Ci zmaksymalizowa\u0107 zyski.<\/span>\n\t\t\t\t\t\t\t\t\t<\/li>\n\t\t\t\t\t\t\t\t<li class=\"elementor-icon-list-item\">\n\t\t\t\t\t\t\t\t\t\t\t<span class=\"elementor-icon-list-icon\">\n\t\t\t\t\t\t\t<svg aria-hidden=\"true\" class=\"e-font-icon-svg e-far-check-circle\" viewBox=\"0 0 512 512\" xmlns=\"http:\/\/www.w3.org\/2000\/svg\"><path d=\"M256 8C119.033 8 8 119.033 8 256s111.033 248 248 248 248-111.033 248-248S392.967 8 256 8zm0 48c110.532 0 200 89.451 200 200 0 110.532-89.451 200-200 200-110.532 0-200-89.451-200-200 0-110.532 89.451-200 200-200m140.204 130.267l-22.536-22.718c-4.667-4.705-12.265-4.736-16.97-.068L215.346 303.697l-59.792-60.277c-4.667-4.705-12.265-4.736-16.97-.069l-22.719 22.536c-4.705 4.667-4.736 12.265-.068 16.971l90.781 91.516c4.667 4.705 12.265 4.736 16.97.068l172.589-171.204c4.704-4.668 4.734-12.266.067-16.971z\"><\/path><\/svg>\t\t\t\t\t\t<\/span>\n\t\t\t\t\t\t\t\t\t\t<span class=\"elementor-icon-list-text\"><span><b>Dedykowane wsparcie: <\/b><\/span>nasz zesp\u00f3\u0142 jest tutaj, aby pom\u00f3c Tobie i Twoim klientom na ka\u017cdym etapie, od rezerwacji po wsparcie na miejscu.<\/span>\n\t\t\t\t\t\t\t\t\t<\/li>\n\t\t\t\t\t\t\t\t<li class=\"elementor-icon-list-item\">\n\t\t\t\t\t\t\t\t\t\t\t<span class=\"elementor-icon-list-icon\">\n\t\t\t\t\t\t\t<svg aria-hidden=\"true\" class=\"e-font-icon-svg e-far-check-circle\" viewBox=\"0 0 512 512\" xmlns=\"http:\/\/www.w3.org\/2000\/svg\"><path d=\"M256 8C119.033 8 8 119.033 8 256s111.033 248 248 248 248-111.033 248-248S392.967 8 256 8zm0 48c110.532 0 200 89.451 200 200 0 110.532-89.451 200-200 200-110.532 0-200-89.451-200-200 0-110.532 89.451-200 200-200m140.204 130.267l-22.536-22.718c-4.667-4.705-12.265-4.736-16.97-.068L215.346 303.697l-59.792-60.277c-4.667-4.705-12.265-4.736-16.97-.069l-22.719 22.536c-4.705 4.667-4.736 12.265-.068 16.971l90.781 91.516c4.667 4.705 12.265 4.736 16.97.068l172.589-171.204c4.704-4.668 4.734-12.266.067-16.971z\"><\/path><\/svg>\t\t\t\t\t\t<\/span>\n\t\t\t\t\t\t\t\t\t\t<span class=\"elementor-icon-list-text\"><span><b>Ekskluzywne do\u015bwiadczenia: <\/b><\/span>uzyskaj dost\u0119p do naszego portfolio wyj\u0105tkowych i wci\u0105gaj\u0105cych opcji wycieczek, kt\u00f3re zrobi\u0105 wra\u017cenie na Twoich klientach.<\/span>\n\t\t\t\t\t\t\t\t\t<\/li>\n\t\t\t\t\t\t\t\t<li class=\"elementor-icon-list-item\">\n\t\t\t\t\t\t\t\t\t\t\t<span class=\"elementor-icon-list-icon\">\n\t\t\t\t\t\t\t<svg aria-hidden=\"true\" class=\"e-font-icon-svg e-far-check-circle\" viewBox=\"0 0 512 512\" xmlns=\"http:\/\/www.w3.org\/2000\/svg\"><path d=\"M256 8C119.033 8 8 119.033 8 256s111.033 248 248 248 248-111.033 248-248S392.967 8 256 8zm0 48c110.532 0 200 89.451 200 200 0 110.532-89.451 200-200 200-110.532 0-200-89.451-200-200 0-110.532 89.451-200 200-200m140.204 130.267l-22.536-22.718c-4.667-4.705-12.265-4.736-16.97-.068L215.346 303.697l-59.792-60.277c-4.667-4.705-12.265-4.736-16.97-.069l-22.719 22.536c-4.705 4.667-4.736 12.265-.068 16.971l90.781 91.516c4.667 4.705 12.265 4.736 16.97.068l172.589-171.204c4.704-4.668 4.734-12.266.067-16.971z\"><\/path><\/svg>\t\t\t\t\t\t<\/span>\n\t\t\t\t\t\t\t\t\t\t<span class=\"elementor-icon-list-text\"><span><b>Zasoby marketingowe: <\/b><\/span>zapewnimy wysokiej jako\u015bci tre\u015bci, obrazy i materia\u0142y promocyjne, kt\u00f3re pomog\u0105 Ci sprzeda\u0107 nasze wycieczki.<\/span>\n\t\t\t\t\t\t\t\t\t<\/li>\n\t\t\t\t\t\t\t\t<li class=\"elementor-icon-list-item\">\n\t\t\t\t\t\t\t\t\t\t\t<span class=\"elementor-icon-list-icon\">\n\t\t\t\t\t\t\t<svg aria-hidden=\"true\" class=\"e-font-icon-svg e-far-check-circle\" viewBox=\"0 0 512 512\" xmlns=\"http:\/\/www.w3.org\/2000\/svg\"><path d=\"M256 8C119.033 8 8 119.033 8 256s111.033 248 248 248 248-111.033 248-248S392.967 8 256 8zm0 48c110.532 0 200 89.451 200 200 0 110.532-89.451 200-200 200-110.532 0-200-89.451-200-200 0-110.532 89.451-200 200-200m140.204 130.267l-22.536-22.718c-4.667-4.705-12.265-4.736-16.97-.068L215.346 303.697l-59.792-60.277c-4.667-4.705-12.265-4.736-16.97-.069l-22.719 22.536c-4.705 4.667-4.736 12.265-.068 16.971l90.781 91.516c4.667 4.705 12.265 4.736 16.97.068l172.589-171.204c4.704-4.668 4.734-12.266.067-16.971z\"><\/path><\/svg>\t\t\t\t\t\t<\/span>\n\t\t\t\t\t\t\t\t\t\t<span class=\"elementor-icon-list-text\"><span><b>Ci\u0105g\u0142a wsp\u00f3\u0142praca: <\/b><\/span>Bie\u017c\u0105ca komunikacja i informacje zwrotne, aby mie\u0107 pewno\u015b\u0107, \u017ce spe\u0142niamy Twoje potrzeby i przekraczamy oczekiwania Twoich klient\u00f3w.<\/span>\n\t\t\t\t\t\t\t\t\t<\/li>\n\t\t\t\t\t\t<\/ul>\n\t\t\t\t\t\t<\/div>\n\t\t\t\t<\/div>\n\t\t\t\t<div class=\"elementor-element elementor-element-9725081 elementor-widget elementor-widget-heading\" data-id=\"9725081\" data-element_type=\"widget\" data-e-type=\"widget\" data-widget_type=\"heading.default\">\n\t\t\t\t<div class=\"elementor-widget-container\">\n\t\t\t\t\t<h2 class=\"elementor-heading-title elementor-size-default\">Zacznijmy rozmow\u0119<\/h2>\t\t\t\t<\/div>\n\t\t\t\t<\/div>\n\t\t\t\t<div class=\"elementor-element elementor-element-5acd49d elementor-widget elementor-widget-text-editor\" data-id=\"5acd49d\" data-element_type=\"widget\" data-e-type=\"widget\" data-widget_type=\"text-editor.default\">\n\t\t\t\t<div class=\"elementor-widget-container\">\n\t\t\t\t\t\t\t\t\t<p>Jeste\u015bmy podekscytowani mo\u017cliwo\u015bci\u0105 odkrycia, w jaki spos\u00f3b mo\u017cemy wsp\u00f3\u0142pracowa\u0107, aby zapewni\u0107 Twoim klientom niezapomniane wra\u017cenia. Skontaktuj si\u0119 z nami ju\u017c dzi\u015b pod adresem <a href=\"mailto:m.vujosevic@skadarlakeboatcruise.com\">m.vujosevic@skadarlakeboatcruise.com<\/a>, aby dowiedzie\u0107 si\u0119 wi\u0119cej o mo\u017cliwo\u015bciach naszego partnerstwa. Czekamy na kontakt od Ciebie i nawi\u0105zanie udanej wsp\u00f3\u0142pracy!<\/p>\n\t\t\t\t\t\t\t\t<\/div>\n\t\t\t\t<\/div>\n\t\t\t\t\t<\/div>\n\t\t\t\t<\/div>\n\t\t\t\t<\/div>\n\t\t","protected":false},"excerpt":{"rendered":"<p>Wsp\u00f3\u0142pracujmy Czy jeste\u015b biurem podr\u00f3\u017cy, organizatorem wycieczek lub organizatorem wydarze\u0144, kt\u00f3ry chce zaoferowa\u0107 swoim klientom naprawd\u0119 niezapomniane wra\u017cenia nad Jeziorem Szkoderskim? Chcieliby\u015bmy z Tob\u0105 wsp\u00f3\u0142pracowa\u0107! Niezale\u017cnie od tego, czy organizujesz wycieczki grupowe, imprezy firmowe, czy ekskluzywne wycieczki prywatne, jeste\u015bmy tutaj, aby zapewni\u0107 p\u0142ynn\u0105 wsp\u00f3\u0142prac\u0119 i wyj\u0105tkow\u0105 obs\u0142ug\u0119. Jako partner mo\u017cesz uzyska\u0107 dost\u0119p do naszej wiedzy, [&hellip;]<\/p>\n","protected":false},"author":3,"featured_media":6441,"parent":0,"menu_order":0,"comment_status":"closed","ping_status":"closed","template":"","meta":{"_seopress_robots_primary_cat":"","_seopress_titles_title":"Agencje: Partner firmy Kingfisher w zakresie rejs\u00f3w \u0142odzi\u0105 po jeziorze Skadar","_seopress_titles_desc":"Do\u0142\u0105cz do programu agencyjnego Kingfisher w zakresie ekskluzywnych wycieczek po Jeziorze Szkoderskim. Zaoferuj swoim klientom wyj\u0105tkowe ekoprzygody, obserwacj\u0119 ptak\u00f3w i prze\u017cycia kulturalne.","_seopress_robots_index":"","footnotes":""},"class_list":["post-7370","page","type-page","status-publish","has-post-thumbnail","hentry"],"_links":{"self":[{"href":"https:\/\/skadarlakeboatcruise.com\/pl\/wp-json\/wp\/v2\/pages\/7370","targetHints":{"allow":["GET"]}}],"collection":[{"href":"https:\/\/skadarlakeboatcruise.com\/pl\/wp-json\/wp\/v2\/pages"}],"about":[{"href":"https:\/\/skadarlakeboatcruise.com\/pl\/wp-json\/wp\/v2\/types\/page"}],"author":[{"embeddable":true,"href":"https:\/\/skadarlakeboatcruise.com\/pl\/wp-json\/wp\/v2\/users\/3"}],"replies":[{"embeddable":true,"href":"https:\/\/skadarlakeboatcruise.com\/pl\/wp-json\/wp\/v2\/comments?post=7370"}],"version-history":[{"count":1,"href":"https:\/\/skadarlakeboatcruise.com\/pl\/wp-json\/wp\/v2\/pages\/7370\/revisions"}],"predecessor-version":[{"id":7371,"href":"https:\/\/skadarlakeboatcruise.com\/pl\/wp-json\/wp\/v2\/pages\/7370\/revisions\/7371"}],"wp:featuredmedia":[{"embeddable":true,"href":"https:\/\/skadarlakeboatcruise.com\/pl\/wp-json\/wp\/v2\/media\/6441"}],"wp:attachment":[{"href":"https:\/\/skadarlakeboatcruise.com\/pl\/wp-json\/wp\/v2\/media?parent=7370"}],"curies":[{"name":"wp","href":"https:\/\/api.w.org\/{rel}","templated":true}]}}